{"id":16,"date":"2024-01-29T16:48:23","date_gmt":"2024-01-29T16:48:23","guid":{"rendered":"https:\/\/demo.creativethemes.com\/blocksy\/smile-dent\/?page_id=16"},"modified":"2024-06-10T23:10:04","modified_gmt":"2024-06-10T23:10:04","slug":"contacto","status":"publish","type":"page","link":"https:\/\/repoxydeco.com\/index.php\/contacto\/","title":{"rendered":"COTIZACI\u00d3N"},"content":{"rendered":"\n<div class=\"wp-block-greenshift-blocks-row gspb_row gspb_row-id-gsbp-0b2c585\" id=\"gspb_row-id-gsbp-0b2c585\"><div class=\"gspb_row__content\"> \n<div class=\"wp-block-greenshift-blocks-row-column gspb_row__col--12 gspb_col-id-gsbp-18f2f6a\" id=\"gspb_col-id-gsbp-18f2f6a\">\n<h2 id=\"gspb_heading-id-gsbp-9cf3287\" class=\"gspb_heading gspb_heading-id-gsbp-9cf3287 \">Realiza tu cotizaci\u00f3n personalizada<\/h2>\n<\/div>\n <\/div><\/div>\n\n\n\n<div class=\"wp-block-greenshift-blocks-row gspb_row gspb_row-id-gsbp-44f683d\" id=\"gspb_row-id-gsbp-44f683d\"><div class=\"gspb_row__content\"> \n<div class=\"wp-block-greenshift-blocks-row-column gspb_row__col--6 gspb_col-id-gsbp-72e90ac\" id=\"gspb_col-id-gsbp-72e90ac\">\n<h2 class=\"wp-block-heading\" id=\"rellene-todos-los-campos-en-caso-de-no-aplicar-en-alguna-de-las-preguntas-seleccione-ninguno\" style=\"font-size:clamp(14px, 0.875rem + ((1vw - 3.2px) * 0.078), 15px);\">Rellene Todos los campos en caso de no aplicar en alguna de las preguntas seleccione <strong><em>NINGUN<\/em>O<\/strong><\/h2>\n\n\n<div class=\"wpforms-container wpforms-block wpforms-block-7a9b1b1c-02c8-4fed-a9fe-fac6b177159a wpforms-render-modern\" id=\"wpforms-2729\"><form id=\"wpforms-form-2729\" class=\"wpforms-validate wpforms-form wpforms-ajax-form\" data-formid=\"2729\" method=\"post\" enctype=\"multipart\/form-data\" action=\"\/index.php\/wp-json\/wp\/v2\/pages\/16\" data-token=\"864dce4abe1d52c563fded949ef01863\" data-token-time=\"1778601512\"><noscript class=\"wpforms-error-noscript\">Por favor, activa JavaScript en tu navegador para completar este formulario.<\/noscript><div id=\"wpforms-error-noscript\" style=\"display: none;\">Por favor, activa JavaScript en tu navegador para completar este formulario.<\/div><div class=\"wpforms-field-container\"><div id=\"wpforms-2729-field_1-container\" class=\"wpforms-field wpforms-field-name\" data-field-id=\"1\"><fieldset><legend class=\"wpforms-field-label\">Nombre <span class=\"wpforms-required-label\" aria-hidden=\"true\">*<\/span><\/legend><div class=\"wpforms-field-row wpforms-field-medium\"><div class=\"wpforms-field-row-block wpforms-first wpforms-one-half\"><input type=\"text\" id=\"wpforms-2729-field_1\" class=\"wpforms-field-name-first wpforms-field-required\" name=\"wpforms[fields][1][first]\" aria-errormessage=\"wpforms-2729-field_1-error\" required><label for=\"wpforms-2729-field_1\" class=\"wpforms-field-sublabel after\">Nombre<\/label><\/div><div class=\"wpforms-field-row-block wpforms-one-half\"><input type=\"text\" id=\"wpforms-2729-field_1-last\" class=\"wpforms-field-name-last wpforms-field-required\" name=\"wpforms[fields][1][last]\" aria-errormessage=\"wpforms-2729-field_1-last-error\" required><label for=\"wpforms-2729-field_1-last\" class=\"wpforms-field-sublabel after\">Apellidos<\/label><\/div><\/div><\/fieldset><\/div><div id=\"wpforms-2729-field_12-container\" class=\"wpforms-field wpforms-field-text\" data-field-id=\"12\"><label class=\"wpforms-field-label\" for=\"wpforms-2729-field_12\">N\u00famero de Tel\u00e9fono<\/label><input type=\"text\" id=\"wpforms-2729-field_12\" class=\"wpforms-field-medium\" name=\"wpforms[fields][12]\" aria-errormessage=\"wpforms-2729-field_12-error\" ><\/div><div id=\"wpforms-2729-field_2-container\" class=\"wpforms-field wpforms-field-email\" data-field-id=\"2\"><label class=\"wpforms-field-label\" for=\"wpforms-2729-field_2\">Correo electr\u00f3nico <span class=\"wpforms-required-label\" aria-hidden=\"true\">*<\/span><\/label><input type=\"email\" id=\"wpforms-2729-field_2\" class=\"wpforms-field-medium wpforms-field-required\" name=\"wpforms[fields][2]\" spellcheck=\"false\" aria-errormessage=\"wpforms-2729-field_2-error\" required><\/div><div id=\"wpforms-2729-field_4-container\" class=\"wpforms-field wpforms-field-select wpforms-field-select-style-classic\" data-field-id=\"4\"><label class=\"wpforms-field-label\" for=\"wpforms-2729-field_4\">\u00bfQu\u00e9 PISO EP\u00d3XICO desea cotizar?   <span class=\"wpforms-required-label\" aria-hidden=\"true\">*<\/span><\/label><select id=\"wpforms-2729-field_4\" class=\"wpforms-field-large wpforms-field-required\" name=\"wpforms[fields][4]\" required=\"required\"><option value=\"PISO AUTONIVELANTE EP\u00d3XICO\"  class=\"choice-1 depth-1\"  >PISO AUTONIVELANTE EP\u00d3XICO<\/option><option value=\"PISO DE MORTERO EP\u00d3XICO\"  class=\"choice-2 depth-1\"  >PISO DE MORTERO EP\u00d3XICO<\/option><option value=\"PISO CON ACABADO CASCARA DE NARANJA\"  class=\"choice-3 depth-1\"  >PISO CON ACABADO CASCARA DE NARANJA<\/option><option value=\"PISO DE POLIURETANO\"  class=\"choice-4 depth-1\"  >PISO DE POLIURETANO<\/option><option value=\"PINTURA EP\u00d3XICA\"  class=\"choice-5 depth-1\"  >PINTURA EP\u00d3XICA<\/option><option value=\"PISO DE URETANO CEMENTICIO\"  class=\"choice-6 depth-1\"  >PISO DE URETANO CEMENTICIO<\/option><option value=\"PISO ANTIDERRAPANTE\"  class=\"choice-7 depth-1\"  >PISO ANTIDERRAPANTE<\/option><option value=\"PISO PULIDO ABRILLANTADO\"  class=\"choice-8 depth-1\"  >PISO PULIDO ABRILLANTADO<\/option><option value=\"PISO QUIRURJICO\"  class=\"choice-9 depth-1\"  >PISO QUIRURJICO<\/option><option value=\"PISO DISIPATIVO\"  class=\"choice-10 depth-1\"  >PISO DISIPATIVO<\/option><option value=\"PISO DISIPATIVO\"  class=\"choice-11 depth-1\"  >PISO DISIPATIVO<\/option><option value=\"PISO ANTIESTATICO\"  class=\"choice-12 depth-1\"  >PISO ANTIESTATICO<\/option><option value=\"LISO SANITARIO\"  class=\"choice-16 depth-1\"  >LISO SANITARIO<\/option><option value=\"PISO DECORATIVO RESIDENCIAL\"  class=\"choice-14 depth-1\"  >PISO DECORATIVO RESIDENCIAL<\/option><option value=\"MICROCEMENETO\"  class=\"choice-15 depth-1\"  >MICROCEMENETO<\/option><option value=\"NINGUNO\"  class=\"choice-13 depth-1\"  >NINGUNO<\/option><\/select><\/div><div id=\"wpforms-2729-field_10-container\" class=\"wpforms-field wpforms-field-select wpforms-field-select-style-classic\" data-field-id=\"10\"><label class=\"wpforms-field-label\" for=\"wpforms-2729-field_10\">\u00bfQu\u00e9 MANTENIMIENTO INDUSTRIAL desea cotizar? <span class=\"wpforms-required-label\" aria-hidden=\"true\">*<\/span><\/label><select id=\"wpforms-2729-field_10\" class=\"wpforms-field-large wpforms-field-required\" name=\"wpforms[fields][10]\" required=\"required\"><option value=\"SISTEMA HVAC\"  class=\"choice-1 depth-1\"  >SISTEMA HVAC<\/option><option value=\"CANCELER\u00cdA SANITARIA\"  class=\"choice-2 depth-1\"  >CANCELER\u00cdA SANITARIA<\/option><option value=\"TABLAROCA Y\/O DUROCK\"  class=\"choice-3 depth-1\"  >TABLAROCA Y\/O DUROCK<\/option><option value=\"IMPERMEABILIZACI\u00d3N\"  class=\"choice-4 depth-1\"  >IMPERMEABILIZACI\u00d3N<\/option><option value=\"PLOMERIA INDUSTRIAL\"  class=\"choice-6 depth-1\"  >PLOMERIA INDUSTRIAL<\/option><option value=\"CIMENTACI\u00d3N Y CONSTRUCCI\u00d3N\"  class=\"choice-7 depth-1\"  >CIMENTACI\u00d3N Y CONSTRUCCI\u00d3N<\/option><option value=\"NINGUNO\"  class=\"choice-5 depth-1\"  >NINGUNO<\/option><\/select><\/div><div id=\"wpforms-2729-field_11-container\" class=\"wpforms-field wpforms-field-select wpforms-field-select-style-classic\" data-field-id=\"11\"><label class=\"wpforms-field-label\" for=\"wpforms-2729-field_11\">\u00bfQu\u00e9 MANTENIMIENTO RESIDENCIAL desea cotizar? <span class=\"wpforms-required-label\" aria-hidden=\"true\">*<\/span><\/label><select id=\"wpforms-2729-field_11\" class=\"wpforms-field-large wpforms-field-required\" name=\"wpforms[fields][11]\" required=\"required\"><option value=\"PASTA TEXTURIZADA\"  class=\"choice-1 depth-1\"  >PASTA TEXTURIZADA<\/option><option value=\"PINTURA GENERAL\"  class=\"choice-2 depth-1\"  >PINTURA GENERAL<\/option><option value=\"YESO\"  class=\"choice-3 depth-1\"  >YESO<\/option><option value=\"RESTAURACIONES\"  class=\"choice-4 depth-1\"  >RESTAURACIONES<\/option><option value=\"NINGUNO\"  class=\"choice-5 depth-1\"  >NINGUNO<\/option><\/select><\/div><div id=\"wpforms-2729-field_9-container\" class=\"wpforms-field wpforms-field-textarea\" data-field-id=\"9\"><label class=\"wpforms-field-label\" for=\"wpforms-2729-field_9\">M\u00e1s especificaciones (Ciudad,Metros Cuadrados o Metros Lineales, m\u00e1s acerca del proyecto)<\/label><textarea id=\"wpforms-2729-field_9\" class=\"wpforms-field-medium\" name=\"wpforms[fields][9]\" aria-errormessage=\"wpforms-2729-field_9-error\" ><\/textarea><\/div><\/div><!-- .wpforms-field-container --><div class=\"wpforms-submit-container\" ><input type=\"hidden\" name=\"wpforms[id]\" value=\"2729\"><input type=\"hidden\" name=\"page_title\" value=\"\"><input type=\"hidden\" name=\"page_url\" value=\"https:\/\/repoxydeco.com\/index.php\/wp-json\/wp\/v2\/pages\/16\"><input type=\"hidden\" name=\"url_referer\" value=\"\"><button type=\"submit\" name=\"wpforms[submit]\" id=\"wpforms-submit-2729\" class=\"wpforms-submit\" data-alt-text=\"Enviando...\" data-submit-text=\"Enviar\" aria-live=\"assertive\" value=\"wpforms-submit\">Enviar<\/button><img loading=\"lazy\" decoding=\"async\" src=\"https:\/\/repoxydeco.com\/wp-content\/plugins\/wpforms-lite\/assets\/images\/submit-spin.svg\" class=\"wpforms-submit-spinner\" style=\"display: none;\" width=\"26\" height=\"26\" alt=\"Cargando\"><\/div><\/form><\/div>  <!-- .wpforms-container --><\/div>\n\n\n\n<div class=\"wp-block-greenshift-blocks-row-column gspb_row__col--6 gspb_col-id-gsbp-3788e07\" id=\"gspb_col-id-gsbp-3788e07\"><div class=\"ct-block-wrapper\">\n\n<h3 class=\"wp-block-heading has-text-align-center has-medium-font-size\" id=\"informacion-del-contacto\"><span style=\"color: #ffffff;\" class=\"stk-highlight\">Informaci\u00f3n del Contacto<\/span><\/h3>\n\n\n\n<p><span style=\"color: var(--theme-palette-color-8, #ffffff);\" class=\"stk-highlight\">Desde 2014 REPOXYDECO ofrece soluciones industriales y residenciales en todo M\u00e9xico para el mantenimiento industrial, aplicaci\u00f3n de pisos ep\u00f3xicos y construcci\u00f3n industrial<\/span><\/p>\n\n\n<div class=\"ct-contact-info-block \" style=\"--theme-icon-size:22px;--items-spacing:45px;--items-direction:column;--theme-block-text-color:var(--wp--preset--color--white);--theme-link-hover-color:var(--wp--preset--color--white);--theme-icon-color:var(--wp--preset--color--white);--theme-icon-hover-color:var(--wp--preset--color--vivid-red);--background-color:rgba(218, 222, 228, 0.5);--background-hover-color:rgba(218, 222, 228, 0.7);\">\n\t\t<ul data-icons-type=\"rounded:outline\">\n\t\t\t\t\t\t\t\t\t\t\t<li class=\"\">\n\t\t\t\t\t<span class=\"ct-icon-container\"><svg width=\"18\" height=\"18\" viewBox=\"0 0 20 20\" aria-hidden=\"true\"><path d=\"M10,0C6.1,0,3,3.1,3,7c0,4.5,6,11.8,6.2,12.1L10,20l0.8-0.9C11,18.8,17,11.5,17,7C17,3.1,13.9,0,10,0z M10,2c2.8,0,5,2.2,5,5c0,2.7-3.1,7.4-5,9.8C8.1,14.4,5,9.7,5,7C5,4.2,7.2,2,10,2zM10,4.5C8.6,4.5,7.5,5.6,7.5,7S8.6,9.5,10,9.5s2.5-1.1,2.5-2.5S11.4,4.5,10,4.5z\"\/><\/svg><\/span>\n\t\t\t\t\t\t\t\t\t\t\t<div class=\"contact-info\">\n\t\t\t\t\t\t\t\t\t\t\t\t\t\t\t<span class=\"contact-title\">\n\t\t\t\t\t\t\t\t\tUbicaci\u00f3n Oficinas\t\t\t\t\t\t\t\t<\/span>\n\t\t\t\t\t\t\t\n\t\t\t\t\t\t\t\t\t\t\t\t\t\t\t<span class=\"contact-text\">\n\t\t\t\t\t\t\t\t\t\n\t\t\t\t\t\t\t\t\tAv. Salvador D\u00edaz Mir\u00f3n 117. Col. Santa Ana Tlapaltitl\u00e1n. C.P. 50160 , Toluca , Estado de M\u00e9xico.\n\t\t\t\t\t\t\t\t\t\t\t\t\t\t\t\t\t<\/span>\n\t\t\t\t\t\t\t\t\t\t\t\t\t<\/div>\n\t\t\t\t\t\t\t\t\t<\/li>\n\t\t\t\t\t\t\t\t\t\t\t<li class=\"\">\n\t\t\t\t\t<span class=\"ct-icon-container\"><svg width=\"18\" height=\"18\" viewBox=\"0 0 20 20\" aria-hidden=\"true\"><path d=\"M4.4,0C4,0,3.6,0.2,3.2,0.4l0,0l0,0L0.8,2.9l0,0C0,3.6-0.2,4.7,0.1,5.6c0,0,0,0,0,0c0.7,1.9,2.3,5.5,5.6,8.7c3.3,3.3,6.9,4.9,8.7,5.6h0c0.9,0.3,1.9,0.1,2.7-0.5l2.4-2.4c0.6-0.6,0.6-1.7,0-2.4l-3.1-3.1l0,0c-0.6-0.6-1.8-0.6-2.4,0l-1.5,1.5c-0.6-0.3-1.9-1-3.1-2.2C8,9.5,7.4,8.2,7.2,7.6l1.5-1.5c0.6-0.6,0.7-1.7,0-2.4l0,0L8.6,3.6L5.6,0.5l0,0l0,0C5.2,0.2,4.8,0,4.4,0zM4.4,1.5c0.1,0,0.1,0,0.2,0.1l3.1,3.1l0.1,0.1c0,0,0,0.1,0,0.2L5.7,6.9L5.3,7.3l0.2,0.5c0,0,0.9,2.4,2.7,4.1L8.4,12c1.8,1.6,3.9,2.5,3.9,2.5l0.5,0.2l2.3-2.3c0.1-0.1,0.1-0.1,0.2,0l3.1,3.1c0.1,0.1,0.1,0.1,0,0.2l-2.4,2.4c-0.4,0.3-0.7,0.4-1.2,0.2c-1.7-0.7-5.1-2.2-8.1-5.2c-3-3-4.6-6.5-5.2-8.2c-0.1-0.3,0-0.8,0.2-1l0,0l2.3-2.4C4.2,1.6,4.3,1.5,4.4,1.5z\"\/><\/svg><\/span>\n\t\t\t\t\t\t\t\t\t\t\t<div class=\"contact-info\">\n\t\t\t\t\t\t\t\t\t\t\t\t\t\t\t<span class=\"contact-title\">\n\t\t\t\t\t\t\t\t\tN\u00famero de Tel\u00e9fono\t\t\t\t\t\t\t\t<\/span>\n\t\t\t\t\t\t\t\n\t\t\t\t\t\t\t\t\t\t\t\t\t\t\t<span class=\"contact-text\">\n\t\t\t\t\t\t\t\t\t\n\t\t\t\t\t\t\t\t\t+52 7228419113\n\t\t\t\t\t\t\t\t\t\t\t\t\t\t\t\t\t<\/span>\n\t\t\t\t\t\t\t\t\t\t\t\t\t<\/div>\n\t\t\t\t\t\t\t\t\t<\/li>\n\t\t\t\t\t\t\t\t\t\t\t<li class=\"\">\n\t\t\t\t\t<span class=\"ct-icon-container\"><svg width=\"18\" height=\"18\" viewBox=\"0 0 20 20\" aria-hidden=\"true\"><path d=\"M10,0C4.5,0,0,4.5,0,10s4.5,10,10,10h5v-2h-5c-4.4,0-8-3.6-8-8s3.6-8,8-8s8,3.6,8,8v1.5c0,0.8-0.7,1.5-1.5,1.5S15,12.3,15,11.5V10c0-2.7-2.3-5-5-5s-5,2.3-5,5s2.3,5,5,5c1.4,0,2.7-0.6,3.6-1.6c0.6,0.9,1.7,1.6,2.9,1.6c1.9,0,3.5-1.6,3.5-3.5V10C20,4.5,15.5,0,10,0zM10,7c1.7,0,3,1.3,3,3s-1.3,3-3,3s-3-1.3-3-3S8.3,7,10,7z\"\/><\/svg><\/span>\n\t\t\t\t\t\t\t\t\t\t\t<div class=\"contact-info\">\n\t\t\t\t\t\t\t\t\t\t\t\t\t\t\t<span class=\"contact-title\">\n\t\t\t\t\t\t\t\t\tCorreo Electr\u00f3nico\t\t\t\t\t\t\t\t<\/span>\n\t\t\t\t\t\t\t\n\t\t\t\t\t\t\t\t\t\t\t\t\t\t\t<span class=\"contact-text\">\n\t\t\t\t\t\t\t\t\t\t\t\t\t\t\t\t\t\t\t<a href=\"mailto:&#099;&#111;ntac&#116;&#064;&#121;our&#119;e&#098;&#115;it&#101;.c&#111;m\" >\n\t\t\t\t\t\t\t\t\t\n\t\t\t\t\t\t\t\t\tg&#112;orep&#111;xy&#64;ho&#116;&#109;&#97;&#105;l&#46;co&#109;&#32;&#32;&#100;&#101;&#99;&#111;r&#97;spa&#99;i&#111;&#64;ho&#116;&#109;a&#105;l&#46;c&#111;m\n\t\t\t\t\t\t\t\t\t\t\t\t\t\t\t\t\t\t\t<\/a>\n\t\t\t\t\t\t\t\t\t\t\t\t\t\t\t\t\t<\/span>\n\t\t\t\t\t\t\t\t\t\t\t\t\t<\/div>\n\t\t\t\t\t\t\t\t\t<\/li>\n\t\t\t\t\t<\/ul>\n\n\t\t<\/div>\n<\/div><\/div>\n <\/div><\/div>\n\n\n\n<div class=\"wp-block-greenshift-blocks-row gspb_row gspb_row-id-gsbp-0d02ad9\" id=\"gspb_row-id-gsbp-0d02ad9\"><div class=\"gspb_row__content\">  <\/div><\/div>\n","protected":false},"excerpt":{"rendered":"","protected":false},"author":1,"featured_media":0,"parent":0,"menu_order":0,"comment_status":"closed","ping_status":"closed","template":"","meta":{"_gspb_post_css":"#gspb_heading-id-gsbp-9cf3287{text-transform:uppercase;text-align:center!important;color:var(--wp--preset--color--palette-color-8, var(--theme-palette-color-8, #ffffff));margin-bottom:0;border-top-left-radius:20px;border-top-right-radius:20px;border-bottom-right-radius:20px;border-bottom-left-radius:20px;background-color:var(--wp--preset--color--palette-color-2, var(--theme-palette-color-2, #24417C))}#gspb_heading-id-gsbp-9cf3287 .gsap-g-line{text-align:center!important}#gspb_row-id-gsbp-0b2c585,#gspb_row-id-gsbp-0d02ad9,#gspb_row-id-gsbp-44f683d{justify-content:space-between;margin-top:0;display:flex;flex-wrap:wrap;margin-bottom:20px}#gspb_row-id-gsbp-0b2c585>.gspb_row__content,#gspb_row-id-gsbp-0d02ad9>.gspb_row__content,#gspb_row-id-gsbp-44f683d>.gspb_row__content{display:flex;justify-content:space-between;margin:0 auto;width:100%;flex-wrap:wrap}.gspb_row{position:relative}div[id^=gspb_col-id]{box-sizing:border-box;position:relative;padding:15px min(3vw,20px)}#gspb_row-id-gsbp-0d02ad9,#gspb_row-id-gsbp-44f683d{margin-bottom:0}#gspb_row-id-gsbp-0d02ad9{margin-bottom:68px}body.gspb-bodyfront #gspb_row-id-gsbp-0b2c585>.gspb_row__content,body.gspb-bodyfront #gspb_row-id-gsbp-0d02ad9>.gspb_row__content,body.gspb-bodyfront #gspb_row-id-gsbp-44f683d>.gspb_row__content{width:var(--theme-container-width, 1200px);max-width:var(--theme-normal-container-max-width, 1200px)}#gspb_col-id-gsbp-18f2f6a.gspb_row__col--12{width:100%}@media (max-width:575.98px){#gspb_col-id-gsbp-18f2f6a.gspb_row__col--12{width:100%}}#gspb_col-id-gsbp-72e90ac.gspb_row__col--6{width:50%}@media (max-width:575.98px){#gspb_col-id-gsbp-72e90ac.gspb_row__col--6{width:100%}}@media (min-width:992px){body.gspb-bodyfront #gspb_col-id-gsbp-72e90ac.gspb_row__col--6{width:calc(70% - 0px - 0px)}}#gspb_col-id-gsbp-72e90ac.gspb_row__col--6{background-color:#cfcfcf}#gspb_col-id-gsbp-72e90ac.gspb_row__col--6,#gspb_col-id-gsbp-72e90ac.gspb_row__col--6>.gspb_backgroundOverlay{border-top-left-radius:20px;border-top-right-radius:20px;border-bottom-right-radius:20px;border-bottom-left-radius:20px}#gspb_col-id-gsbp-3788e07.gspb_row__col--6{width:50%}@media (max-width:575.98px){#gspb_col-id-gsbp-3788e07.gspb_row__col--6{width:100%}}@media (min-width:992px){body.gspb-bodyfront #gspb_col-id-gsbp-3788e07.gspb_row__col--6{width:calc(25.2% - 0px - 0px)}}.gspb_row #gspb_col-id-gsbp-3788e07.gspb_row__col--6{margin-top:20px}#gspb_col-id-gsbp-3788e07.gspb_row__col--6{background-color:var(--wp--preset--color--palette-color-4, var(--theme-palette-color-4, #102136))}#gspb_col-id-gsbp-3788e07.gspb_row__col--6,#gspb_col-id-gsbp-3788e07.gspb_row__col--6>.gspb_backgroundOverlay{border-top-left-radius:20px;border-top-right-radius:20px;border-bottom-right-radius:20px;border-bottom-left-radius:20px}","_vp_format_video_url":"","_vp_image_focal_point":[],"footnotes":""},"class_list":["post-16","page","type-page","status-publish","hentry"],"blocksy_meta":{"has_hero_section":"disabled","vertical_spacing_source":"custom","content_area_spacing":"none","styles_descriptor":{"styles":{"desktop":"","tablet":"","mobile":""},"google_fonts":[],"version":6}},"yoast_head":"<!-- This site is optimized with the Yoast SEO plugin v27.6 - https:\/\/yoast.com\/product\/yoast-seo-wordpress\/ -->\n<title>COTIZACI\u00d3N | REPOXYDECO<\/title>\n<meta name=\"description\" content=\"Numero de tel\u00e9fono REPOXYDECO, Correo Electr\u00f3nico, Ubicaci\u00f3n de oficinas, Cotizaciones\" \/>\n<meta name=\"robots\" content=\"index, follow, max-snippet:-1, max-image-preview:large, max-video-preview:-1\" \/>\n<link rel=\"canonical\" href=\"https:\/\/repoxydeco.com\/index.php\/contacto\/\" \/>\n<meta property=\"og:locale\" content=\"es_MX\" \/>\n<meta property=\"og:type\" content=\"article\" \/>\n<meta property=\"og:title\" content=\"COTIZACI\u00d3N | REPOXYDECO\" \/>\n<meta property=\"og:description\" content=\"Numero de tel\u00e9fono REPOXYDECO, Correo Electr\u00f3nico, Ubicaci\u00f3n de oficinas, Cotizaciones\" \/>\n<meta property=\"og:url\" content=\"https:\/\/repoxydeco.com\/index.php\/contacto\/\" \/>\n<meta property=\"og:site_name\" content=\"REPOXYDECO\" \/>\n<meta property=\"article:modified_time\" content=\"2024-06-10T23:10:04+00:00\" \/>\n<meta property=\"og:image\" content=\"https:\/\/repoxydeco.com\/wp-content\/uploads\/2024\/05\/Logotipo-REPOXYDECO-JPG.png\" \/>\n\t<meta property=\"og:image:width\" content=\"778\" \/>\n\t<meta property=\"og:image:height\" content=\"115\" \/>\n\t<meta property=\"og:image:type\" content=\"image\/png\" \/>\n<meta name=\"twitter:card\" content=\"summary_large_image\" \/>\n<meta name=\"twitter:label1\" content=\"Tiempo de lectura\" \/>\n\t<meta name=\"twitter:data1\" content=\"1 minuto\" \/>\n<script type=\"application\/ld+json\" class=\"yoast-schema-graph\">{\"@context\":\"https:\\\/\\\/schema.org\",\"@graph\":[{\"@type\":\"WebPage\",\"@id\":\"https:\\\/\\\/repoxydeco.com\\\/index.php\\\/contacto\\\/\",\"url\":\"https:\\\/\\\/repoxydeco.com\\\/index.php\\\/contacto\\\/\",\"name\":\"COTIZACI\u00d3N | REPOXYDECO\",\"isPartOf\":{\"@id\":\"https:\\\/\\\/repoxydeco.com\\\/#website\"},\"datePublished\":\"2024-01-29T16:48:23+00:00\",\"dateModified\":\"2024-06-10T23:10:04+00:00\",\"description\":\"Numero de tel\u00e9fono REPOXYDECO, Correo Electr\u00f3nico, Ubicaci\u00f3n de oficinas, Cotizaciones\",\"breadcrumb\":{\"@id\":\"https:\\\/\\\/repoxydeco.com\\\/index.php\\\/contacto\\\/#breadcrumb\"},\"inLanguage\":\"es\",\"potentialAction\":[{\"@type\":\"ReadAction\",\"target\":[\"https:\\\/\\\/repoxydeco.com\\\/index.php\\\/contacto\\\/\"]}]},{\"@type\":\"BreadcrumbList\",\"@id\":\"https:\\\/\\\/repoxydeco.com\\\/index.php\\\/contacto\\\/#breadcrumb\",\"itemListElement\":[{\"@type\":\"ListItem\",\"position\":1,\"name\":\"Inicio\",\"item\":\"https:\\\/\\\/repoxydeco.com\\\/\"},{\"@type\":\"ListItem\",\"position\":2,\"name\":\"COTIZACI\u00d3N\"}]},{\"@type\":\"WebSite\",\"@id\":\"https:\\\/\\\/repoxydeco.com\\\/#website\",\"url\":\"https:\\\/\\\/repoxydeco.com\\\/\",\"name\":\"REPOXYDECO\",\"description\":\"RECUBRIMIENTOS EP\u00d3XICOS Y DECORATIVOS\",\"publisher\":{\"@id\":\"https:\\\/\\\/repoxydeco.com\\\/#organization\"},\"alternateName\":\"REPOXYDECO RECUBRIMIENTOS EP\u00d3XICOS Y DECORATIVOS\",\"potentialAction\":[{\"@type\":\"SearchAction\",\"target\":{\"@type\":\"EntryPoint\",\"urlTemplate\":\"https:\\\/\\\/repoxydeco.com\\\/?s={search_term_string}\"},\"query-input\":{\"@type\":\"PropertyValueSpecification\",\"valueRequired\":true,\"valueName\":\"search_term_string\"}}],\"inLanguage\":\"es\"},{\"@type\":\"Organization\",\"@id\":\"https:\\\/\\\/repoxydeco.com\\\/#organization\",\"name\":\"REPOXYDECO\",\"alternateName\":\"PISOS EP\u00d3XICOS INDUSTRIALES Y RESIDENCIALES M\u00c9XICO\",\"url\":\"https:\\\/\\\/repoxydeco.com\\\/\",\"logo\":{\"@type\":\"ImageObject\",\"inLanguage\":\"es\",\"@id\":\"https:\\\/\\\/repoxydeco.com\\\/#\\\/schema\\\/logo\\\/image\\\/\",\"url\":\"https:\\\/\\\/repoxydeco.com\\\/wp-content\\\/uploads\\\/2024\\\/06\\\/Logo-REPOXYDECO-PNG-Blanco.png\",\"contentUrl\":\"https:\\\/\\\/repoxydeco.com\\\/wp-content\\\/uploads\\\/2024\\\/06\\\/Logo-REPOXYDECO-PNG-Blanco.png\",\"width\":555,\"height\":87,\"caption\":\"REPOXYDECO\"},\"image\":{\"@id\":\"https:\\\/\\\/repoxydeco.com\\\/#\\\/schema\\\/logo\\\/image\\\/\"}}]}<\/script>\n<!-- \/ Yoast SEO plugin. -->","yoast_head_json":{"title":"COTIZACI\u00d3N | REPOXYDECO","description":"Numero de tel\u00e9fono REPOXYDECO, Correo Electr\u00f3nico, Ubicaci\u00f3n de oficinas, Cotizaciones","robots":{"index":"index","follow":"follow","max-snippet":"max-snippet:-1","max-image-preview":"max-image-preview:large","max-video-preview":"max-video-preview:-1"},"canonical":"https:\/\/repoxydeco.com\/index.php\/contacto\/","og_locale":"es_MX","og_type":"article","og_title":"COTIZACI\u00d3N | REPOXYDECO","og_description":"Numero de tel\u00e9fono REPOXYDECO, Correo Electr\u00f3nico, Ubicaci\u00f3n de oficinas, Cotizaciones","og_url":"https:\/\/repoxydeco.com\/index.php\/contacto\/","og_site_name":"REPOXYDECO","article_modified_time":"2024-06-10T23:10:04+00:00","og_image":[{"width":778,"height":115,"url":"https:\/\/repoxydeco.com\/wp-content\/uploads\/2024\/05\/Logotipo-REPOXYDECO-JPG.png","type":"image\/png"}],"twitter_card":"summary_large_image","twitter_misc":{"Tiempo de lectura":"1 minuto"},"schema":{"@context":"https:\/\/schema.org","@graph":[{"@type":"WebPage","@id":"https:\/\/repoxydeco.com\/index.php\/contacto\/","url":"https:\/\/repoxydeco.com\/index.php\/contacto\/","name":"COTIZACI\u00d3N | REPOXYDECO","isPartOf":{"@id":"https:\/\/repoxydeco.com\/#website"},"datePublished":"2024-01-29T16:48:23+00:00","dateModified":"2024-06-10T23:10:04+00:00","description":"Numero de tel\u00e9fono REPOXYDECO, Correo Electr\u00f3nico, Ubicaci\u00f3n de oficinas, Cotizaciones","breadcrumb":{"@id":"https:\/\/repoxydeco.com\/index.php\/contacto\/#breadcrumb"},"inLanguage":"es","potentialAction":[{"@type":"ReadAction","target":["https:\/\/repoxydeco.com\/index.php\/contacto\/"]}]},{"@type":"BreadcrumbList","@id":"https:\/\/repoxydeco.com\/index.php\/contacto\/#breadcrumb","itemListElement":[{"@type":"ListItem","position":1,"name":"Inicio","item":"https:\/\/repoxydeco.com\/"},{"@type":"ListItem","position":2,"name":"COTIZACI\u00d3N"}]},{"@type":"WebSite","@id":"https:\/\/repoxydeco.com\/#website","url":"https:\/\/repoxydeco.com\/","name":"REPOXYDECO","description":"RECUBRIMIENTOS EP\u00d3XICOS Y DECORATIVOS","publisher":{"@id":"https:\/\/repoxydeco.com\/#organization"},"alternateName":"REPOXYDECO RECUBRIMIENTOS EP\u00d3XICOS Y DECORATIVOS","potentialAction":[{"@type":"SearchAction","target":{"@type":"EntryPoint","urlTemplate":"https:\/\/repoxydeco.com\/?s={search_term_string}"},"query-input":{"@type":"PropertyValueSpecification","valueRequired":true,"valueName":"search_term_string"}}],"inLanguage":"es"},{"@type":"Organization","@id":"https:\/\/repoxydeco.com\/#organization","name":"REPOXYDECO","alternateName":"PISOS EP\u00d3XICOS INDUSTRIALES Y RESIDENCIALES M\u00c9XICO","url":"https:\/\/repoxydeco.com\/","logo":{"@type":"ImageObject","inLanguage":"es","@id":"https:\/\/repoxydeco.com\/#\/schema\/logo\/image\/","url":"https:\/\/repoxydeco.com\/wp-content\/uploads\/2024\/06\/Logo-REPOXYDECO-PNG-Blanco.png","contentUrl":"https:\/\/repoxydeco.com\/wp-content\/uploads\/2024\/06\/Logo-REPOXYDECO-PNG-Blanco.png","width":555,"height":87,"caption":"REPOXYDECO"},"image":{"@id":"https:\/\/repoxydeco.com\/#\/schema\/logo\/image\/"}}]}},"_links":{"self":[{"href":"https:\/\/repoxydeco.com\/index.php\/wp-json\/wp\/v2\/pages\/16","targetHints":{"allow":["GET"]}}],"collection":[{"href":"https:\/\/repoxydeco.com\/index.php\/wp-json\/wp\/v2\/pages"}],"about":[{"href":"https:\/\/repoxydeco.com\/index.php\/wp-json\/wp\/v2\/types\/page"}],"author":[{"embeddable":true,"href":"https:\/\/repoxydeco.com\/index.php\/wp-json\/wp\/v2\/users\/1"}],"replies":[{"embeddable":true,"href":"https:\/\/repoxydeco.com\/index.php\/wp-json\/wp\/v2\/comments?post=16"}],"version-history":[{"count":36,"href":"https:\/\/repoxydeco.com\/index.php\/wp-json\/wp\/v2\/pages\/16\/revisions"}],"predecessor-version":[{"id":5341,"href":"https:\/\/repoxydeco.com\/index.php\/wp-json\/wp\/v2\/pages\/16\/revisions\/5341"}],"wp:attachment":[{"href":"https:\/\/repoxydeco.com\/index.php\/wp-json\/wp\/v2\/media?parent=16"}],"curies":[{"name":"wp","href":"https:\/\/api.w.org\/{rel}","templated":true}]}}