{"id":3487,"date":"2024-05-18T17:01:04","date_gmt":"2024-05-18T17:01:04","guid":{"rendered":"https:\/\/repoxydeco.com\/?page_id=3487"},"modified":"2024-06-12T23:35:51","modified_gmt":"2024-06-12T23:35:51","slug":"sistema-hvac","status":"publish","type":"page","link":"https:\/\/repoxydeco.com\/index.php\/sistema-hvac\/","title":{"rendered":"SISTEMA HVAC"},"content":{"rendered":"\n<div class=\"wp-block-greenshift-blocks-container alignfull gspb_container gspb_container-gsbp-9f1cdac\" id=\"gspb_container-id-gsbp-9f1cdac\" data-aos=\"zoom-out-right\" data-aos-easing=\"ease\" data-aos-duration=\"800\">\n<div class=\"wp-block-stackable-columns stk-block-columns stk-block stk-9229ebd\" data-block-id=\"9229ebd\"><style>.stk-9229ebd{padding-top:15px !important;padding-right:15px !important;padding-bottom:15px !important;padding-left:15px !important}<\/style><div class=\"stk-row stk-inner-blocks stk-block-content stk-content-align stk-9229ebd-column\">\n<div class=\"wp-block-stackable-column stk-block-column stk-column stk-block stk-7ed44e3\" data-v=\"4\" data-block-id=\"7ed44e3\"><div class=\"stk-column-wrapper stk-block-column__content stk-container stk-7ed44e3-container stk--no-background stk--no-padding\"><div class=\"stk-block-content stk-inner-blocks stk-7ed44e3-inner-blocks\">\n<div class=\"wp-block-stackable-heading stk-block-heading stk-block-heading--v2 stk-block stk-df14184\" id=\"span-style-color-a-50000-class-stk-highlight-servicios-de-hvac-instalacion-y-mantenimiento-profesional-span\" data-block-id=\"df14184\"><style>@media screen and (max-width:689px){.stk-df14184 .stk-block-heading__text{font-size:25px !important}}<\/style><h1 class=\"stk-block-heading__text has-text-align-center\"><span style=\"color: #a50000;\" class=\"stk-highlight\">Servicios de HVAC: Instalaci\u00f3n y Mantenimiento Profesional<\/span><\/h1><\/div>\n<\/div><\/div><\/div>\n<\/div><\/div>\n<\/div>\n\n\n\n<div class=\"wp-block-columns is-layout-flex wp-container-core-columns-is-layout-28f84493 wp-block-columns-is-layout-flex\">\n<div class=\"wp-block-column is-layout-flow wp-block-column-is-layout-flow\">\n<div class=\"wp-block-cover aligncenter is-light\" style=\"min-height:378px;aspect-ratio:unset;\"><span aria-hidden=\"true\" class=\"wp-block-cover__background has-background-dim-0 has-background-dim\"><\/span><img loading=\"lazy\" decoding=\"async\" width=\"768\" height=\"1024\" class=\"wp-block-cover__image-background wp-image-3150\" alt=\"\" src=\"https:\/\/repoxydeco.com\/wp-content\/uploads\/2024\/05\/REPOXIDECO-MANTENIMIENTO-H-VAC-2-768x1024.jpg\" data-object-fit=\"cover\" srcset=\"https:\/\/repoxydeco.com\/wp-content\/uploads\/2024\/05\/REPOXIDECO-MANTENIMIENTO-H-VAC-2-768x1024.jpg 768w, https:\/\/repoxydeco.com\/wp-content\/uploads\/2024\/05\/REPOXIDECO-MANTENIMIENTO-H-VAC-2-225x300.jpg 225w, https:\/\/repoxydeco.com\/wp-content\/uploads\/2024\/05\/REPOXIDECO-MANTENIMIENTO-H-VAC-2-1152x1536.jpg 1152w, https:\/\/repoxydeco.com\/wp-content\/uploads\/2024\/05\/REPOXIDECO-MANTENIMIENTO-H-VAC-2.jpg 1200w\" sizes=\"auto, (max-width: 768px) 100vw, 768px\" \/><div class=\"wp-block-cover__inner-container is-layout-flow wp-block-cover-is-layout-flow\">\n<p class=\"has-text-align-center has-large-font-size\"><\/p>\n<\/div><\/div>\n<\/div>\n\n\n\n<div class=\"wp-block-column is-layout-flow wp-block-column-is-layout-flow\">\n<h2 class=\"wp-block-heading has-text-align-center has-black-color has-text-color has-link-color wp-elements-c7f4053ae897da89920a3f0d0e182d4c\" id=\"repoxideco\">REPOXIDECO<\/h2>\n\n\n\n<h4 class=\"wp-block-heading has-black-color has-text-color has-link-color wp-elements-a44b6690452c5bba87338d645337fbf6\" id=\"cada-miembro-de-nuestro-equipo-esta-certificado-y-altamente-capacitado-lo-que-garantiza-un-servicio-profesional-y-de-alta-calidad-en-cada-proyecto-utilizamos-los-mejores-materiales-y-equipos-del-mercado-para-asegurar-que-tu-sistema-hvac-funcione-de-manera-optima-y-eficiente\" style=\"margin-right:0px;margin-left:0px;font-size:clamp(14.642px, 0.915rem + ((1vw - 3.2px) * 0.575), 22px);\">Cada miembro de nuestro equipo est\u00e1 certificado y altamente capacitado, lo que garantiza un servicio profesional y de alta calidad en cada proyecto. Utilizamos los mejores materiales y equipos del mercado para asegurar que tu sistema HVAC funcione de manera \u00f3ptima y eficiente.<\/h4>\n\n\n\n<div class=\"wp-block-buttons is-content-justification-center is-layout-flex wp-container-core-buttons-is-layout-a89b3969 wp-block-buttons-is-layout-flex\">\n<div class=\"wp-block-button\"><a class=\"wp-block-button__link wp-element-button\" href=\"https:\/\/repoxydeco.com\/index.php\/contacto\/\">Cont\u00e1ctanos<\/a><\/div>\n<\/div>\n<\/div>\n<\/div>\n\n\n\n<h2 class=\"wp-block-heading has-text-align-center has-black-color has-text-color has-link-color wp-elements-b2a08ad6226bce9cc51c5371d675f06d\" id=\"nuestros-servicios-de-hvac-1\" style=\"font-size:clamp(25.984px, 1.624rem + ((1vw - 3.2px) * 1.408), 44px);\">Nuestros Servicios de HVAC<\/h2>\n\n\n\n<p><\/p>\n\n\n\n<div class=\"wp-block-columns is-layout-flex wp-container-core-columns-is-layout-28f84493 wp-block-columns-is-layout-flex\">\n<div class=\"wp-block-column is-layout-flow wp-block-column-is-layout-flow\">\n<h3 class=\"wp-block-heading has-text-align-center\" id=\"instalacion-de-sistemas-hvac-1\" style=\"font-size:clamp(18.959px, 1.185rem + ((1vw - 3.2px) * 0.863), 30px);\">Instalaci\u00f3n de Sistemas HVAC<\/h3>\n\n\n\n<ul class=\"has-black-color has-text-color has-link-color wp-block-list wp-elements-c02936c4cc84ee0cd92ed738feaa4632\">\n<li>Evaluaci\u00f3n de necesidades espec\u00edficas de tu espacio.<\/li>\n\n\n\n<li>Dise\u00f1o personalizado del sistema.<\/li>\n\n\n\n<li>Instalaci\u00f3n Profesional<\/li>\n<\/ul>\n<\/div>\n\n\n\n<div class=\"wp-block-column is-layout-flow wp-block-column-is-layout-flow\">\n<h3 class=\"wp-block-heading has-text-align-center\" id=\"mantenimiento-preventivo-1\" style=\"font-size:clamp(18.959px, 1.185rem + ((1vw - 3.2px) * 0.863), 30px);\">Mantenimiento Preventivo<\/h3>\n\n\n\n<ul class=\"has-black-color has-text-color has-link-color wp-block-list wp-elements-184533e392cc9d7cb6ba1e421e3b4581\">\n<li>Inspecci\u00f3n regular de todos los componentes.<\/li>\n\n\n\n<li>Limpieza y ajuste para asegurar eficiencia.<\/li>\n\n\n\n<li>Detecci\u00f3n y correcci\u00f3n de problemas potenciales antes de que se conviertan en costosos reparaciones.<\/li>\n<\/ul>\n<\/div>\n\n\n\n<div class=\"wp-block-column is-layout-flow wp-block-column-is-layout-flow\">\n<h3 class=\"wp-block-heading has-text-align-center\" id=\"reparaciones-y-reemplazos-1\" style=\"font-size:clamp(18.959px, 1.185rem + ((1vw - 3.2px) * 0.863), 30px);\">Reparaciones y Reemplazos<\/h3>\n\n\n\n<ul class=\"has-black-color has-text-color has-link-color wp-block-list wp-elements-ce0795f71dbe059847c34ed805eff9be\">\n<li>Diagn\u00f3stico preciso de fallos.<\/li>\n\n\n\n<li>Reparaci\u00f3n r\u00e1pida y eficaz de sistemas averiados.<\/li>\n\n\n\n<li>Reemplazo de equipos obsoletos o ineficientes.<\/li>\n<\/ul>\n<\/div>\n\n\n\n<div class=\"wp-block-column is-layout-flow wp-block-column-is-layout-flow\">\n<h3 class=\"wp-block-heading has-text-align-center\" id=\"optimizacion-de-energia-1\" style=\"font-size:clamp(18.959px, 1.185rem + ((1vw - 3.2px) * 0.863), 30px);\">Optimizaci\u00f3n de Energ\u00eda<\/h3>\n\n\n\n<ul class=\"has-black-color has-text-color has-link-color wp-block-list wp-elements-536bf872aab1ab61c0d4ed7a450c71b1\">\n<li>Evaluaci\u00f3n de eficiencia energ\u00e9tica.<\/li>\n\n\n\n<li>Implementaci\u00f3n de mejoras para reducir costos de energ\u00eda.<\/li>\n\n\n\n<li>Asesoramiento en tecnolog\u00edas y pr\u00e1cticas sostenibles.<\/li>\n<\/ul>\n<\/div>\n<\/div>\n\n\n\n<figure class=\"wp-block-gallery has-nested-images columns-5 is-cropped wp-block-gallery-1 is-layout-flex wp-block-gallery-is-layout-flex\">\n<figure class=\"wp-block-image size-large\"><img loading=\"lazy\" decoding=\"async\" width=\"1024\" height=\"768\" data-id=\"3148\" src=\"https:\/\/repoxydeco.com\/wp-content\/uploads\/2024\/05\/REPOXIDECO-MANTENIMIENTO-H-VAC-1-1024x768.jpg\" alt=\"\" class=\"wp-image-3148\" srcset=\"https:\/\/repoxydeco.com\/wp-content\/uploads\/2024\/05\/REPOXIDECO-MANTENIMIENTO-H-VAC-1-1024x768.jpg 1024w, https:\/\/repoxydeco.com\/wp-content\/uploads\/2024\/05\/REPOXIDECO-MANTENIMIENTO-H-VAC-1-300x225.jpg 300w, https:\/\/repoxydeco.com\/wp-content\/uploads\/2024\/05\/REPOXIDECO-MANTENIMIENTO-H-VAC-1-768x576.jpg 768w, https:\/\/repoxydeco.com\/wp-content\/uploads\/2024\/05\/REPOXIDECO-MANTENIMIENTO-H-VAC-1-1536x1152.jpg 1536w, https:\/\/repoxydeco.com\/wp-content\/uploads\/2024\/05\/REPOXIDECO-MANTENIMIENTO-H-VAC-1.jpg 1600w\" sizes=\"auto, (max-width: 1024px) 100vw, 1024px\" \/><\/figure>\n\n\n\n<figure class=\"wp-block-image size-large\"><img loading=\"lazy\" decoding=\"async\" width=\"1024\" height=\"768\" data-id=\"3146\" src=\"https:\/\/repoxydeco.com\/wp-content\/uploads\/2024\/05\/REPOXIDECO-MANTENIMIENTO-H-VAC-3-1024x768.jpg\" alt=\"\" class=\"wp-image-3146\" srcset=\"https:\/\/repoxydeco.com\/wp-content\/uploads\/2024\/05\/REPOXIDECO-MANTENIMIENTO-H-VAC-3-1024x768.jpg 1024w, https:\/\/repoxydeco.com\/wp-content\/uploads\/2024\/05\/REPOXIDECO-MANTENIMIENTO-H-VAC-3-300x225.jpg 300w, https:\/\/repoxydeco.com\/wp-content\/uploads\/2024\/05\/REPOXIDECO-MANTENIMIENTO-H-VAC-3-768x576.jpg 768w, https:\/\/repoxydeco.com\/wp-content\/uploads\/2024\/05\/REPOXIDECO-MANTENIMIENTO-H-VAC-3-1536x1152.jpg 1536w, https:\/\/repoxydeco.com\/wp-content\/uploads\/2024\/05\/REPOXIDECO-MANTENIMIENTO-H-VAC-3.jpg 1600w\" sizes=\"auto, (max-width: 1024px) 100vw, 1024px\" \/><\/figure>\n\n\n\n<figure class=\"wp-block-image size-large\"><img loading=\"lazy\" decoding=\"async\" width=\"1024\" height=\"768\" data-id=\"3147\" src=\"https:\/\/repoxydeco.com\/wp-content\/uploads\/2024\/05\/REPOXIDECO-MANTENIMIENTO-H-VAC-5-1024x768.jpg\" alt=\"\" class=\"wp-image-3147\" srcset=\"https:\/\/repoxydeco.com\/wp-content\/uploads\/2024\/05\/REPOXIDECO-MANTENIMIENTO-H-VAC-5-1024x768.jpg 1024w, https:\/\/repoxydeco.com\/wp-content\/uploads\/2024\/05\/REPOXIDECO-MANTENIMIENTO-H-VAC-5-300x225.jpg 300w, https:\/\/repoxydeco.com\/wp-content\/uploads\/2024\/05\/REPOXIDECO-MANTENIMIENTO-H-VAC-5-768x576.jpg 768w, https:\/\/repoxydeco.com\/wp-content\/uploads\/2024\/05\/REPOXIDECO-MANTENIMIENTO-H-VAC-5-1536x1152.jpg 1536w, https:\/\/repoxydeco.com\/wp-content\/uploads\/2024\/05\/REPOXIDECO-MANTENIMIENTO-H-VAC-5.jpg 1600w\" sizes=\"auto, (max-width: 1024px) 100vw, 1024px\" \/><\/figure>\n\n\n\n<figure class=\"wp-block-image size-large\"><img loading=\"lazy\" decoding=\"async\" width=\"1024\" height=\"768\" data-id=\"3151\" src=\"https:\/\/repoxydeco.com\/wp-content\/uploads\/2024\/05\/REPOXIDECO-MANTENIMIENTO-H-VAC-4-1024x768.jpg\" alt=\"\" class=\"wp-image-3151\" srcset=\"https:\/\/repoxydeco.com\/wp-content\/uploads\/2024\/05\/REPOXIDECO-MANTENIMIENTO-H-VAC-4-1024x768.jpg 1024w, https:\/\/repoxydeco.com\/wp-content\/uploads\/2024\/05\/REPOXIDECO-MANTENIMIENTO-H-VAC-4-300x225.jpg 300w, https:\/\/repoxydeco.com\/wp-content\/uploads\/2024\/05\/REPOXIDECO-MANTENIMIENTO-H-VAC-4-768x576.jpg 768w, https:\/\/repoxydeco.com\/wp-content\/uploads\/2024\/05\/REPOXIDECO-MANTENIMIENTO-H-VAC-4-1536x1152.jpg 1536w, https:\/\/repoxydeco.com\/wp-content\/uploads\/2024\/05\/REPOXIDECO-MANTENIMIENTO-H-VAC-4.jpg 1600w\" sizes=\"auto, (max-width: 1024px) 100vw, 1024px\" \/><\/figure>\n\n\n\n<figure class=\"wp-block-image size-large\"><img loading=\"lazy\" decoding=\"async\" width=\"768\" height=\"1024\" data-id=\"3150\" src=\"https:\/\/repoxydeco.com\/wp-content\/uploads\/2024\/05\/REPOXIDECO-MANTENIMIENTO-H-VAC-2-768x1024.jpg\" alt=\"\" class=\"wp-image-3150\" srcset=\"https:\/\/repoxydeco.com\/wp-content\/uploads\/2024\/05\/REPOXIDECO-MANTENIMIENTO-H-VAC-2-768x1024.jpg 768w, https:\/\/repoxydeco.com\/wp-content\/uploads\/2024\/05\/REPOXIDECO-MANTENIMIENTO-H-VAC-2-225x300.jpg 225w, https:\/\/repoxydeco.com\/wp-content\/uploads\/2024\/05\/REPOXIDECO-MANTENIMIENTO-H-VAC-2-1152x1536.jpg 1152w, https:\/\/repoxydeco.com\/wp-content\/uploads\/2024\/05\/REPOXIDECO-MANTENIMIENTO-H-VAC-2.jpg 1200w\" sizes=\"auto, (max-width: 768px) 100vw, 768px\" \/><\/figure>\n<\/figure>\n\n\n\n<div class=\"wp-block-stackable-spacer stk-block-spacer stk--no-padding stk-block stk-78aa662\" data-block-id=\"78aa662\"><\/div>\n","protected":false},"excerpt":{"rendered":"<p>REPOXIDECO Cada miembro de nuestro equipo est\u00e1 certificado y altamente capacitado, lo que garantiza un servicio profesional y de alta calidad en cada proyecto. Utilizamos los mejores materiales y equipos del mercado para asegurar que tu sistema HVAC funcione de manera \u00f3ptima y eficiente. Nuestros Servicios de HVAC Instalaci\u00f3n de Sistemas HVAC Mantenimiento Preventivo Reparaciones [&hellip;]<\/p>\n","protected":false},"author":1,"featured_media":0,"parent":0,"menu_order":0,"comment_status":"closed","ping_status":"closed","template":"","meta":{"_gspb_post_css":".gspb_container-id-gsbp-9f1cdac{flex-direction:column;box-sizing:border-box}#gspb_container-id-gsbp-9f1cdac.gspb_container>p:last-of-type{margin-bottom:0}.gspb_container{position:relative}#gspb_container-id-gsbp-9f1cdac.gspb_container{background-image:linear-gradient(to top,#d5d4d0 0,#d5d4d0 1%,#eeeeec 31%,#efeeec 75%,#e9e9e7 100%);transition-duration:.8s;transition-timing-function:ease;opacity:0;transition-property:opacity,transform;transform:translate3d(-60px,0,0) scale(1.2)}#gspb_container-id-gsbp-9f1cdac.gspb_container.aos-animate,#gspb_container-id-gsbp-9f1cdac.gspb_container[data-gs-aos]{opacity:1;transform:translateZ(0) scale(1)}","_vp_format_video_url":"","_vp_image_focal_point":[],"footnotes":""},"class_list":["post-3487","page","type-page","status-publish","hentry"],"blocksy_meta":{"has_hero_section":"enabled","hero_elements":[{"id":"custom_title","enabled":false,"heading_tag":"h1","title":"Inicio","__id":"TUQFfftgCy8dl4Bb2SqRn"},{"id":"custom_description","enabled":true,"description_visibility":{"desktop":true,"tablet":true,"mobile":false},"__id":"DIvXCBzAa2fZzezeXdhhH"},{"id":"custom_meta","enabled":false,"meta_elements":[{"id":"author","enabled":true,"label":"Por","has_author_avatar":"yes","avatar_size":25},{"id":"post_date","enabled":true,"label":"El","date_format_source":"default","date_format":"M j, Y"},{"id":"updated_date","enabled":false,"label":"El","date_format_source":"default","date_format":"M j, Y"},{"id":"categories","enabled":false,"label":"Dentro","style":"simple"},{"id":"comments","enabled":true}],"page_meta_elements":{"joined":true,"articles_count":true,"comments":true},"__id":"OxJuoO-0bu98iOhbJfEgJ"},{"id":"breadcrumbs","enabled":false,"__id":"RFmpQaC2RqR9P3EvsIYUX"}],"content_style_source":"inherit","vertical_spacing_source":"custom","content_area_spacing":"none","styles_descriptor":{"styles":{"desktop":"[data-prefix=\"single_page\"] .entry-header .page-title {--theme-font-size:30px;} [data-prefix=\"single_page\"] .entry-header .entry-meta {--theme-font-weight:600;--theme-text-transform:uppercase;--theme-font-size:12px;--theme-line-height:1.3;}","tablet":"","mobile":""},"google_fonts":[],"version":6}},"yoast_head":"<!-- This site is optimized with the Yoast SEO plugin v27.6 - https:\/\/yoast.com\/product\/yoast-seo-wordpress\/ -->\n<title>SISTEMA HVAC | REPOXYDECO<\/title>\n<meta name=\"description\" content=\"REPOXYDECO Instalaci\u00f3n de Sistemas HVAC, Mantenimiento del sistema HVAC, Reparaciones y Reemplazos HVAC , Optimizaci\u00f3n de Energ\u00eda HVAC\" \/>\n<meta name=\"robots\" content=\"index, follow, max-snippet:-1, max-image-preview:large, max-video-preview:-1\" \/>\n<link rel=\"canonical\" href=\"https:\/\/repoxydeco.com\/index.php\/sistema-hvac\/\" \/>\n<meta property=\"og:locale\" content=\"es_MX\" \/>\n<meta property=\"og:type\" content=\"article\" \/>\n<meta property=\"og:title\" content=\"SISTEMA HVAC | REPOXYDECO\" \/>\n<meta property=\"og:description\" content=\"REPOXYDECO Instalaci\u00f3n de Sistemas HVAC, Mantenimiento del sistema HVAC, Reparaciones y Reemplazos HVAC , Optimizaci\u00f3n de Energ\u00eda HVAC\" \/>\n<meta property=\"og:url\" content=\"https:\/\/repoxydeco.com\/index.php\/sistema-hvac\/\" \/>\n<meta property=\"og:site_name\" content=\"REPOXYDECO\" \/>\n<meta property=\"article:modified_time\" content=\"2024-06-12T23:35:51+00:00\" \/>\n<meta property=\"og:image\" content=\"https:\/\/repoxydeco.com\/wp-content\/uploads\/2024\/05\/REPOXIDECO-MANTENIMIENTO-H-VAC-2-768x1024.jpg\" \/>\n<meta name=\"twitter:card\" content=\"summary_large_image\" \/>\n<meta name=\"twitter:label1\" content=\"Tiempo de lectura\" \/>\n\t<meta name=\"twitter:data1\" content=\"2 minutos\" \/>\n<script type=\"application\/ld+json\" class=\"yoast-schema-graph\">{\"@context\":\"https:\\\/\\\/schema.org\",\"@graph\":[{\"@type\":\"WebPage\",\"@id\":\"https:\\\/\\\/repoxydeco.com\\\/index.php\\\/sistema-hvac\\\/\",\"url\":\"https:\\\/\\\/repoxydeco.com\\\/index.php\\\/sistema-hvac\\\/\",\"name\":\"SISTEMA HVAC | REPOXYDECO\",\"isPartOf\":{\"@id\":\"https:\\\/\\\/repoxydeco.com\\\/#website\"},\"primaryImageOfPage\":{\"@id\":\"https:\\\/\\\/repoxydeco.com\\\/index.php\\\/sistema-hvac\\\/#primaryimage\"},\"image\":{\"@id\":\"https:\\\/\\\/repoxydeco.com\\\/index.php\\\/sistema-hvac\\\/#primaryimage\"},\"thumbnailUrl\":\"https:\\\/\\\/repoxydeco.com\\\/wp-content\\\/uploads\\\/2024\\\/05\\\/REPOXIDECO-MANTENIMIENTO-H-VAC-2-768x1024.jpg\",\"datePublished\":\"2024-05-18T17:01:04+00:00\",\"dateModified\":\"2024-06-12T23:35:51+00:00\",\"description\":\"REPOXYDECO Instalaci\u00f3n de Sistemas HVAC, Mantenimiento del sistema HVAC, Reparaciones y Reemplazos HVAC , Optimizaci\u00f3n de Energ\u00eda HVAC\",\"breadcrumb\":{\"@id\":\"https:\\\/\\\/repoxydeco.com\\\/index.php\\\/sistema-hvac\\\/#breadcrumb\"},\"inLanguage\":\"es\",\"potentialAction\":[{\"@type\":\"ReadAction\",\"target\":[\"https:\\\/\\\/repoxydeco.com\\\/index.php\\\/sistema-hvac\\\/\"]}]},{\"@type\":\"ImageObject\",\"inLanguage\":\"es\",\"@id\":\"https:\\\/\\\/repoxydeco.com\\\/index.php\\\/sistema-hvac\\\/#primaryimage\",\"url\":\"https:\\\/\\\/repoxydeco.com\\\/wp-content\\\/uploads\\\/2024\\\/05\\\/REPOXIDECO-MANTENIMIENTO-H-VAC-2.jpg\",\"contentUrl\":\"https:\\\/\\\/repoxydeco.com\\\/wp-content\\\/uploads\\\/2024\\\/05\\\/REPOXIDECO-MANTENIMIENTO-H-VAC-2.jpg\",\"width\":1200,\"height\":1600},{\"@type\":\"BreadcrumbList\",\"@id\":\"https:\\\/\\\/repoxydeco.com\\\/index.php\\\/sistema-hvac\\\/#breadcrumb\",\"itemListElement\":[{\"@type\":\"ListItem\",\"position\":1,\"name\":\"Inicio\",\"item\":\"https:\\\/\\\/repoxydeco.com\\\/\"},{\"@type\":\"ListItem\",\"position\":2,\"name\":\"SISTEMA HVAC\"}]},{\"@type\":\"WebSite\",\"@id\":\"https:\\\/\\\/repoxydeco.com\\\/#website\",\"url\":\"https:\\\/\\\/repoxydeco.com\\\/\",\"name\":\"REPOXYDECO\",\"description\":\"RECUBRIMIENTOS EP\u00d3XICOS Y DECORATIVOS\",\"publisher\":{\"@id\":\"https:\\\/\\\/repoxydeco.com\\\/#organization\"},\"alternateName\":\"REPOXYDECO RECUBRIMIENTOS EP\u00d3XICOS Y DECORATIVOS\",\"potentialAction\":[{\"@type\":\"SearchAction\",\"target\":{\"@type\":\"EntryPoint\",\"urlTemplate\":\"https:\\\/\\\/repoxydeco.com\\\/?s={search_term_string}\"},\"query-input\":{\"@type\":\"PropertyValueSpecification\",\"valueRequired\":true,\"valueName\":\"search_term_string\"}}],\"inLanguage\":\"es\"},{\"@type\":\"Organization\",\"@id\":\"https:\\\/\\\/repoxydeco.com\\\/#organization\",\"name\":\"REPOXYDECO\",\"alternateName\":\"PISOS EP\u00d3XICOS INDUSTRIALES Y RESIDENCIALES M\u00c9XICO\",\"url\":\"https:\\\/\\\/repoxydeco.com\\\/\",\"logo\":{\"@type\":\"ImageObject\",\"inLanguage\":\"es\",\"@id\":\"https:\\\/\\\/repoxydeco.com\\\/#\\\/schema\\\/logo\\\/image\\\/\",\"url\":\"https:\\\/\\\/repoxydeco.com\\\/wp-content\\\/uploads\\\/2024\\\/06\\\/Logo-REPOXYDECO-PNG-Blanco.png\",\"contentUrl\":\"https:\\\/\\\/repoxydeco.com\\\/wp-content\\\/uploads\\\/2024\\\/06\\\/Logo-REPOXYDECO-PNG-Blanco.png\",\"width\":555,\"height\":87,\"caption\":\"REPOXYDECO\"},\"image\":{\"@id\":\"https:\\\/\\\/repoxydeco.com\\\/#\\\/schema\\\/logo\\\/image\\\/\"}}]}<\/script>\n<!-- \/ Yoast SEO plugin. -->","yoast_head_json":{"title":"SISTEMA HVAC | REPOXYDECO","description":"REPOXYDECO Instalaci\u00f3n de Sistemas HVAC, Mantenimiento del sistema HVAC, Reparaciones y Reemplazos HVAC , Optimizaci\u00f3n de Energ\u00eda HVAC","robots":{"index":"index","follow":"follow","max-snippet":"max-snippet:-1","max-image-preview":"max-image-preview:large","max-video-preview":"max-video-preview:-1"},"canonical":"https:\/\/repoxydeco.com\/index.php\/sistema-hvac\/","og_locale":"es_MX","og_type":"article","og_title":"SISTEMA HVAC | REPOXYDECO","og_description":"REPOXYDECO Instalaci\u00f3n de Sistemas HVAC, Mantenimiento del sistema HVAC, Reparaciones y Reemplazos HVAC , Optimizaci\u00f3n de Energ\u00eda HVAC","og_url":"https:\/\/repoxydeco.com\/index.php\/sistema-hvac\/","og_site_name":"REPOXYDECO","article_modified_time":"2024-06-12T23:35:51+00:00","og_image":[{"url":"https:\/\/repoxydeco.com\/wp-content\/uploads\/2024\/05\/REPOXIDECO-MANTENIMIENTO-H-VAC-2-768x1024.jpg","type":"","width":"","height":""}],"twitter_card":"summary_large_image","twitter_misc":{"Tiempo de lectura":"2 minutos"},"schema":{"@context":"https:\/\/schema.org","@graph":[{"@type":"WebPage","@id":"https:\/\/repoxydeco.com\/index.php\/sistema-hvac\/","url":"https:\/\/repoxydeco.com\/index.php\/sistema-hvac\/","name":"SISTEMA HVAC | REPOXYDECO","isPartOf":{"@id":"https:\/\/repoxydeco.com\/#website"},"primaryImageOfPage":{"@id":"https:\/\/repoxydeco.com\/index.php\/sistema-hvac\/#primaryimage"},"image":{"@id":"https:\/\/repoxydeco.com\/index.php\/sistema-hvac\/#primaryimage"},"thumbnailUrl":"https:\/\/repoxydeco.com\/wp-content\/uploads\/2024\/05\/REPOXIDECO-MANTENIMIENTO-H-VAC-2-768x1024.jpg","datePublished":"2024-05-18T17:01:04+00:00","dateModified":"2024-06-12T23:35:51+00:00","description":"REPOXYDECO Instalaci\u00f3n de Sistemas HVAC, Mantenimiento del sistema HVAC, Reparaciones y Reemplazos HVAC , Optimizaci\u00f3n de Energ\u00eda HVAC","breadcrumb":{"@id":"https:\/\/repoxydeco.com\/index.php\/sistema-hvac\/#breadcrumb"},"inLanguage":"es","potentialAction":[{"@type":"ReadAction","target":["https:\/\/repoxydeco.com\/index.php\/sistema-hvac\/"]}]},{"@type":"ImageObject","inLanguage":"es","@id":"https:\/\/repoxydeco.com\/index.php\/sistema-hvac\/#primaryimage","url":"https:\/\/repoxydeco.com\/wp-content\/uploads\/2024\/05\/REPOXIDECO-MANTENIMIENTO-H-VAC-2.jpg","contentUrl":"https:\/\/repoxydeco.com\/wp-content\/uploads\/2024\/05\/REPOXIDECO-MANTENIMIENTO-H-VAC-2.jpg","width":1200,"height":1600},{"@type":"BreadcrumbList","@id":"https:\/\/repoxydeco.com\/index.php\/sistema-hvac\/#breadcrumb","itemListElement":[{"@type":"ListItem","position":1,"name":"Inicio","item":"https:\/\/repoxydeco.com\/"},{"@type":"ListItem","position":2,"name":"SISTEMA HVAC"}]},{"@type":"WebSite","@id":"https:\/\/repoxydeco.com\/#website","url":"https:\/\/repoxydeco.com\/","name":"REPOXYDECO","description":"RECUBRIMIENTOS EP\u00d3XICOS Y DECORATIVOS","publisher":{"@id":"https:\/\/repoxydeco.com\/#organization"},"alternateName":"REPOXYDECO RECUBRIMIENTOS EP\u00d3XICOS Y DECORATIVOS","potentialAction":[{"@type":"SearchAction","target":{"@type":"EntryPoint","urlTemplate":"https:\/\/repoxydeco.com\/?s={search_term_string}"},"query-input":{"@type":"PropertyValueSpecification","valueRequired":true,"valueName":"search_term_string"}}],"inLanguage":"es"},{"@type":"Organization","@id":"https:\/\/repoxydeco.com\/#organization","name":"REPOXYDECO","alternateName":"PISOS EP\u00d3XICOS INDUSTRIALES Y RESIDENCIALES M\u00c9XICO","url":"https:\/\/repoxydeco.com\/","logo":{"@type":"ImageObject","inLanguage":"es","@id":"https:\/\/repoxydeco.com\/#\/schema\/logo\/image\/","url":"https:\/\/repoxydeco.com\/wp-content\/uploads\/2024\/06\/Logo-REPOXYDECO-PNG-Blanco.png","contentUrl":"https:\/\/repoxydeco.com\/wp-content\/uploads\/2024\/06\/Logo-REPOXYDECO-PNG-Blanco.png","width":555,"height":87,"caption":"REPOXYDECO"},"image":{"@id":"https:\/\/repoxydeco.com\/#\/schema\/logo\/image\/"}}]}},"_links":{"self":[{"href":"https:\/\/repoxydeco.com\/index.php\/wp-json\/wp\/v2\/pages\/3487","targetHints":{"allow":["GET"]}}],"collection":[{"href":"https:\/\/repoxydeco.com\/index.php\/wp-json\/wp\/v2\/pages"}],"about":[{"href":"https:\/\/repoxydeco.com\/index.php\/wp-json\/wp\/v2\/types\/page"}],"author":[{"embeddable":true,"href":"https:\/\/repoxydeco.com\/index.php\/wp-json\/wp\/v2\/users\/1"}],"replies":[{"embeddable":true,"href":"https:\/\/repoxydeco.com\/index.php\/wp-json\/wp\/v2\/comments?post=3487"}],"version-history":[{"count":33,"href":"https:\/\/repoxydeco.com\/index.php\/wp-json\/wp\/v2\/pages\/3487\/revisions"}],"predecessor-version":[{"id":5492,"href":"https:\/\/repoxydeco.com\/index.php\/wp-json\/wp\/v2\/pages\/3487\/revisions\/5492"}],"wp:attachment":[{"href":"https:\/\/repoxydeco.com\/index.php\/wp-json\/wp\/v2\/media?parent=3487"}],"curies":[{"name":"wp","href":"https:\/\/api.w.org\/{rel}","templated":true}]}}