{"id":3491,"date":"2024-05-18T17:02:46","date_gmt":"2024-05-18T17:02:46","guid":{"rendered":"https:\/\/repoxydeco.com\/?page_id=3491"},"modified":"2024-06-10T22:20:49","modified_gmt":"2024-06-10T22:20:49","slug":"pasta-texturizada","status":"publish","type":"page","link":"https:\/\/repoxydeco.com\/index.php\/pasta-texturizada\/","title":{"rendered":"PASTA TEXTURIZADA"},"content":{"rendered":"\n<div class=\"wp-block-greenshift-blocks-container alignfull gspb_container gspb_container-gsbp-9f1cdac\" id=\"gspb_container-id-gsbp-9f1cdac\" data-aos=\"zoom-out-right\" data-aos-easing=\"ease\" data-aos-duration=\"800\">\n<div class=\"wp-block-stackable-columns stk-block-columns stk-block stk-9229ebd\" data-block-id=\"9229ebd\"><style>.stk-9229ebd{padding-top:15px !important;padding-right:15px !important;padding-bottom:15px !important;padding-left:15px !important}<\/style><div class=\"stk-row stk-inner-blocks stk-block-content stk-content-align stk-9229ebd-column\">\n<div class=\"wp-block-stackable-column stk-block-column stk-column stk-block stk-7ed44e3\" data-v=\"4\" data-block-id=\"7ed44e3\"><div class=\"stk-column-wrapper stk-block-column__content stk-container stk-7ed44e3-container stk--no-background stk--no-padding\"><div class=\"stk-block-content stk-inner-blocks stk-7ed44e3-inner-blocks\">\n<div class=\"wp-block-stackable-heading stk-block-heading stk-block-heading--v2 stk-block stk-df14184\" id=\"span-style-color-a-50000-class-stk-highlight-nuestros-servicios-de-pasta-texturizada-span\" data-block-id=\"df14184\"><h1 class=\"stk-block-heading__text has-text-align-center\"><span style=\"color: #a50000;\" class=\"stk-highlight\">Nuestros Servicios de Pasta Texturizada<\/span><\/h1><\/div>\n<\/div><\/div><\/div>\n<\/div><\/div>\n<\/div>\n\n\n\n<div class=\"wp-block-columns is-layout-flex wp-container-core-columns-is-layout-28f84493 wp-block-columns-is-layout-flex\">\n<div class=\"wp-block-column is-layout-flow wp-block-column-is-layout-flow\">\n<h2 class=\"wp-block-heading has-text-align-center\" id=\"aplicacion-en-interiores\" style=\"font-size:clamp(26.465px, 1.654rem + ((1vw - 3.2px) * 1.448), 45px);\">Aplicaci\u00f3n en Interiores<\/h2>\n\n\n\n<ol class=\"wp-block-list\">\n<li><strong>Paredes y Techos<\/strong>: Aplicaci\u00f3n de pasta texturizada en paredes y techos con una variedad de dise\u00f1os y acabados.<\/li>\n\n\n\n<li><strong>Reparaci\u00f3n de Superficies<\/strong>: Preparaci\u00f3n y reparaci\u00f3n de superficies antes de la aplicaci\u00f3n de la textura.<\/li>\n\n\n\n<li><strong>Dise\u00f1os Decorativos<\/strong>: Creaci\u00f3n de texturas decorativas personalizadas para dar un toque \u00fanico a tus interiores.<\/li>\n<\/ol>\n<\/div>\n\n\n\n<div class=\"wp-block-column is-layout-flow wp-block-column-is-layout-flow\">\n<h2 class=\"wp-block-heading has-text-align-center\" id=\"aplicacion-en-exteriores\" style=\"font-size:clamp(26.465px, 1.654rem + ((1vw - 3.2px) * 1.448), 45px);\">Aplicaci\u00f3n en Exteriores<\/h2>\n\n\n\n<ol class=\"wp-block-list\">\n<li><strong>Fachadas<\/strong>: Aplicaci\u00f3n de pasta texturizada en fachadas exteriores, resistente a las condiciones clim\u00e1ticas.<\/li>\n\n\n\n<li><strong>Reparaci\u00f3n de Superficies<\/strong>: Preparaci\u00f3n y reparaci\u00f3n de superficies exteriores antes de la aplicaci\u00f3n de la textura.<\/li>\n\n\n\n<li><strong>Acabados Duraderos<\/strong>: Utilizaci\u00f3n de materiales dise\u00f1ados para soportar el desgaste exterior y mantener su apariencia.<\/li>\n<\/ol>\n<\/div>\n<\/div>\n\n\n\n<div class=\"wp-block-buttons is-content-justification-center is-layout-flex wp-container-core-buttons-is-layout-a89b3969 wp-block-buttons-is-layout-flex\">\n<div class=\"wp-block-button\"><a class=\"wp-block-button__link wp-element-button\" href=\"https:\/\/repoxydeco.com\/index.php\/contacto\/\">CONT\u00c1CTANOS<\/a><\/div>\n<\/div>\n\n\n\n<figure class=\"wp-block-gallery has-nested-images columns-4 is-cropped wp-block-gallery-1 is-layout-flex wp-block-gallery-is-layout-flex\">\n<figure class=\"wp-block-image size-large\"><img loading=\"lazy\" decoding=\"async\" width=\"1024\" height=\"575\" data-id=\"5281\" src=\"https:\/\/repoxydeco.com\/wp-content\/uploads\/2024\/06\/REPOXYDECO-Aplicacion-de-Pasta-en-Fachada1-1024x575.jpg\" alt=\"\" class=\"wp-image-5281\" srcset=\"https:\/\/repoxydeco.com\/wp-content\/uploads\/2024\/06\/REPOXYDECO-Aplicacion-de-Pasta-en-Fachada1-1024x575.jpg 1024w, https:\/\/repoxydeco.com\/wp-content\/uploads\/2024\/06\/REPOXYDECO-Aplicacion-de-Pasta-en-Fachada1-300x169.jpg 300w, https:\/\/repoxydeco.com\/wp-content\/uploads\/2024\/06\/REPOXYDECO-Aplicacion-de-Pasta-en-Fachada1-768x431.jpg 768w, https:\/\/repoxydeco.com\/wp-content\/uploads\/2024\/06\/REPOXYDECO-Aplicacion-de-Pasta-en-Fachada1-500x281.jpg 500w, https:\/\/repoxydeco.com\/wp-content\/uploads\/2024\/06\/REPOXYDECO-Aplicacion-de-Pasta-en-Fachada1-800x449.jpg 800w, https:\/\/repoxydeco.com\/wp-content\/uploads\/2024\/06\/REPOXYDECO-Aplicacion-de-Pasta-en-Fachada1.jpg 1280w\" sizes=\"auto, (max-width: 1024px) 100vw, 1024px\" \/><\/figure>\n\n\n\n<figure class=\"wp-block-image size-large\"><img loading=\"lazy\" decoding=\"async\" width=\"461\" height=\"1024\" data-id=\"5277\" src=\"https:\/\/repoxydeco.com\/wp-content\/uploads\/2024\/06\/REPOXYDECO-Aplicacion-de-Pasta-en-Fachada6-461x1024.jpg\" alt=\"\" class=\"wp-image-5277\" srcset=\"https:\/\/repoxydeco.com\/wp-content\/uploads\/2024\/06\/REPOXYDECO-Aplicacion-de-Pasta-en-Fachada6-461x1024.jpg 461w, https:\/\/repoxydeco.com\/wp-content\/uploads\/2024\/06\/REPOXYDECO-Aplicacion-de-Pasta-en-Fachada6-135x300.jpg 135w, https:\/\/repoxydeco.com\/wp-content\/uploads\/2024\/06\/REPOXYDECO-Aplicacion-de-Pasta-en-Fachada6-500x1111.jpg 500w, https:\/\/repoxydeco.com\/wp-content\/uploads\/2024\/06\/REPOXYDECO-Aplicacion-de-Pasta-en-Fachada6.jpg 576w\" sizes=\"auto, (max-width: 461px) 100vw, 461px\" \/><\/figure>\n\n\n\n<figure class=\"wp-block-image size-large\"><img loading=\"lazy\" decoding=\"async\" width=\"575\" height=\"1024\" data-id=\"5282\" src=\"https:\/\/repoxydeco.com\/wp-content\/uploads\/2024\/06\/REPOXYDECO-Aplicacion-de-Pasta-en-Fachada-575x1024.jpg\" alt=\"\" class=\"wp-image-5282\" srcset=\"https:\/\/repoxydeco.com\/wp-content\/uploads\/2024\/06\/REPOXYDECO-Aplicacion-de-Pasta-en-Fachada-575x1024.jpg 575w, https:\/\/repoxydeco.com\/wp-content\/uploads\/2024\/06\/REPOXYDECO-Aplicacion-de-Pasta-en-Fachada-169x300.jpg 169w, https:\/\/repoxydeco.com\/wp-content\/uploads\/2024\/06\/REPOXYDECO-Aplicacion-de-Pasta-en-Fachada-500x890.jpg 500w, https:\/\/repoxydeco.com\/wp-content\/uploads\/2024\/06\/REPOXYDECO-Aplicacion-de-Pasta-en-Fachada.jpg 719w\" sizes=\"auto, (max-width: 575px) 100vw, 575px\" \/><\/figure>\n\n\n\n<figure class=\"wp-block-image size-large\"><img loading=\"lazy\" decoding=\"async\" width=\"575\" height=\"1024\" data-id=\"5278\" src=\"https:\/\/repoxydeco.com\/wp-content\/uploads\/2024\/06\/REPOXYDECO-Aplicacion-de-Pasta-en-Fachada5-575x1024.jpg\" alt=\"\" class=\"wp-image-5278\" srcset=\"https:\/\/repoxydeco.com\/wp-content\/uploads\/2024\/06\/REPOXYDECO-Aplicacion-de-Pasta-en-Fachada5-575x1024.jpg 575w, https:\/\/repoxydeco.com\/wp-content\/uploads\/2024\/06\/REPOXYDECO-Aplicacion-de-Pasta-en-Fachada5-169x300.jpg 169w, https:\/\/repoxydeco.com\/wp-content\/uploads\/2024\/06\/REPOXYDECO-Aplicacion-de-Pasta-en-Fachada5-500x890.jpg 500w, https:\/\/repoxydeco.com\/wp-content\/uploads\/2024\/06\/REPOXYDECO-Aplicacion-de-Pasta-en-Fachada5.jpg 719w\" sizes=\"auto, (max-width: 575px) 100vw, 575px\" \/><\/figure>\n\n\n\n<figure class=\"wp-block-image size-large\"><img loading=\"lazy\" decoding=\"async\" width=\"768\" height=\"1024\" data-id=\"5283\" src=\"https:\/\/repoxydeco.com\/wp-content\/uploads\/2024\/06\/REPOXYDECO-Aplicacion-de-Pasta-en-Fachada2-768x1024.jpg\" alt=\"\" class=\"wp-image-5283\" srcset=\"https:\/\/repoxydeco.com\/wp-content\/uploads\/2024\/06\/REPOXYDECO-Aplicacion-de-Pasta-en-Fachada2-768x1024.jpg 768w, https:\/\/repoxydeco.com\/wp-content\/uploads\/2024\/06\/REPOXYDECO-Aplicacion-de-Pasta-en-Fachada2-225x300.jpg 225w, https:\/\/repoxydeco.com\/wp-content\/uploads\/2024\/06\/REPOXYDECO-Aplicacion-de-Pasta-en-Fachada2-500x667.jpg 500w, https:\/\/repoxydeco.com\/wp-content\/uploads\/2024\/06\/REPOXYDECO-Aplicacion-de-Pasta-en-Fachada2-800x1067.jpg 800w, https:\/\/repoxydeco.com\/wp-content\/uploads\/2024\/06\/REPOXYDECO-Aplicacion-de-Pasta-en-Fachada2.jpg 960w\" sizes=\"auto, (max-width: 768px) 100vw, 768px\" \/><\/figure>\n\n\n\n<figure class=\"wp-block-image size-large\"><img loading=\"lazy\" decoding=\"async\" width=\"768\" height=\"1024\" data-id=\"5279\" src=\"https:\/\/repoxydeco.com\/wp-content\/uploads\/2024\/06\/REPOXYDECO-Aplicacion-de-Pasta-en-Fachada4-768x1024.jpg\" alt=\"\" class=\"wp-image-5279\" srcset=\"https:\/\/repoxydeco.com\/wp-content\/uploads\/2024\/06\/REPOXYDECO-Aplicacion-de-Pasta-en-Fachada4-768x1024.jpg 768w, https:\/\/repoxydeco.com\/wp-content\/uploads\/2024\/06\/REPOXYDECO-Aplicacion-de-Pasta-en-Fachada4-225x300.jpg 225w, https:\/\/repoxydeco.com\/wp-content\/uploads\/2024\/06\/REPOXYDECO-Aplicacion-de-Pasta-en-Fachada4-500x667.jpg 500w, https:\/\/repoxydeco.com\/wp-content\/uploads\/2024\/06\/REPOXYDECO-Aplicacion-de-Pasta-en-Fachada4-800x1067.jpg 800w, https:\/\/repoxydeco.com\/wp-content\/uploads\/2024\/06\/REPOXYDECO-Aplicacion-de-Pasta-en-Fachada4.jpg 960w\" sizes=\"auto, (max-width: 768px) 100vw, 768px\" \/><\/figure>\n\n\n\n<figure class=\"wp-block-image size-large\"><img loading=\"lazy\" decoding=\"async\" width=\"576\" height=\"1024\" data-id=\"5280\" src=\"https:\/\/repoxydeco.com\/wp-content\/uploads\/2024\/06\/REPOXYDECO-Aplicacion-de-Pasta-en-Fachada3-576x1024.jpg\" alt=\"\" class=\"wp-image-5280\" srcset=\"https:\/\/repoxydeco.com\/wp-content\/uploads\/2024\/06\/REPOXYDECO-Aplicacion-de-Pasta-en-Fachada3-576x1024.jpg 576w, https:\/\/repoxydeco.com\/wp-content\/uploads\/2024\/06\/REPOXYDECO-Aplicacion-de-Pasta-en-Fachada3-169x300.jpg 169w, https:\/\/repoxydeco.com\/wp-content\/uploads\/2024\/06\/REPOXYDECO-Aplicacion-de-Pasta-en-Fachada3-500x889.jpg 500w, https:\/\/repoxydeco.com\/wp-content\/uploads\/2024\/06\/REPOXYDECO-Aplicacion-de-Pasta-en-Fachada3.jpg 720w\" sizes=\"auto, (max-width: 576px) 100vw, 576px\" \/><\/figure>\n\n\n\n<figure class=\"wp-block-image size-large\"><img loading=\"lazy\" decoding=\"async\" width=\"768\" height=\"1024\" data-id=\"3867\" src=\"https:\/\/repoxydeco.com\/wp-content\/uploads\/2024\/05\/REPOXYDECO-Pintura-de-Exteriores-Pintura-de-Fachada-768x1024.jpg\" alt=\"\" class=\"wp-image-3867\" srcset=\"https:\/\/repoxydeco.com\/wp-content\/uploads\/2024\/05\/REPOXYDECO-Pintura-de-Exteriores-Pintura-de-Fachada-768x1024.jpg 768w, https:\/\/repoxydeco.com\/wp-content\/uploads\/2024\/05\/REPOXYDECO-Pintura-de-Exteriores-Pintura-de-Fachada-225x300.jpg 225w, https:\/\/repoxydeco.com\/wp-content\/uploads\/2024\/05\/REPOXYDECO-Pintura-de-Exteriores-Pintura-de-Fachada-1152x1536.jpg 1152w, https:\/\/repoxydeco.com\/wp-content\/uploads\/2024\/05\/REPOXYDECO-Pintura-de-Exteriores-Pintura-de-Fachada.jpg 1200w\" sizes=\"auto, (max-width: 768px) 100vw, 768px\" \/><\/figure>\n<\/figure>\n","protected":false},"excerpt":{"rendered":"<p>Aplicaci\u00f3n en Interiores Aplicaci\u00f3n en Exteriores<\/p>\n","protected":false},"author":1,"featured_media":0,"parent":0,"menu_order":0,"comment_status":"closed","ping_status":"closed","template":"","meta":{"_gspb_post_css":".gspb_container-id-gsbp-9f1cdac{flex-direction:column;box-sizing:border-box}#gspb_container-id-gsbp-9f1cdac.gspb_container>p:last-of-type{margin-bottom:0}.gspb_container{position:relative}#gspb_container-id-gsbp-9f1cdac.gspb_container{background-image:linear-gradient(to top,#d5d4d0 0,#d5d4d0 1%,#eeeeec 31%,#efeeec 75%,#e9e9e7 100%);transition-duration:.8s;transition-timing-function:ease;opacity:0;transition-property:opacity,transform;transform:translate3d(-60px,0,0) scale(1.2)}#gspb_container-id-gsbp-9f1cdac.gspb_container.aos-animate,#gspb_container-id-gsbp-9f1cdac.gspb_container[data-gs-aos]{opacity:1;transform:translateZ(0) scale(1)}","_vp_format_video_url":"","_vp_image_focal_point":[],"footnotes":""},"class_list":["post-3491","page","type-page","status-publish","hentry"],"blocksy_meta":{"has_hero_section":"enabled","hero_elements":[{"id":"custom_title","enabled":false,"heading_tag":"h1","title":"Inicio","__id":"-xAu3vW5u4y6PzzknKmD8"},{"id":"custom_description","enabled":true,"description_visibility":{"desktop":true,"tablet":true,"mobile":false},"__id":"fx7iyAO1a5KZpZ2Q7zzJQ"},{"id":"custom_meta","enabled":false,"meta_elements":[{"id":"author","enabled":true,"label":"Por","has_author_avatar":"yes","avatar_size":25},{"id":"post_date","enabled":true,"label":"El","date_format_source":"default","date_format":"M j, Y"},{"id":"updated_date","enabled":false,"label":"El","date_format_source":"default","date_format":"M j, Y"},{"id":"categories","enabled":false,"label":"Dentro","style":"simple"},{"id":"comments","enabled":true}],"page_meta_elements":{"joined":true,"articles_count":true,"comments":true},"__id":"eTLQ0pxXLD6jW6locVBAe"},{"id":"breadcrumbs","enabled":false,"__id":"wdx26ppewxRtXWyG_aAN2"}],"vertical_spacing_source":"custom","content_area_spacing":"bottom","styles_descriptor":{"styles":{"desktop":"[data-prefix=\"single_page\"] .entry-header .page-title {--theme-font-size:30px;} [data-prefix=\"single_page\"] .entry-header .entry-meta {--theme-font-weight:600;--theme-text-transform:uppercase;--theme-font-size:12px;--theme-line-height:1.3;}","tablet":"","mobile":""},"google_fonts":[],"version":6}},"yoast_head":"<!-- This site is optimized with the Yoast SEO plugin v27.6 - https:\/\/yoast.com\/product\/yoast-seo-wordpress\/ -->\n<title>PASTA TEXTURIZADA | REPOXYDECO<\/title>\n<meta name=\"description\" content=\"REPOXYDECO Aplicaci\u00f3n de pasta en interiores y exteriores Paredes , Techos, plafones, fachadas Preparaci\u00f3n y reparaci\u00f3n de superficies exteriores antes de la aplicaci\u00f3n de la textura.\" \/>\n<meta name=\"robots\" content=\"index, follow, max-snippet:-1, max-image-preview:large, max-video-preview:-1\" \/>\n<link rel=\"canonical\" href=\"https:\/\/repoxydeco.com\/index.php\/pasta-texturizada\/\" \/>\n<meta property=\"og:locale\" content=\"es_MX\" \/>\n<meta property=\"og:type\" content=\"article\" \/>\n<meta property=\"og:title\" content=\"PASTA TEXTURIZADA | REPOXYDECO\" \/>\n<meta property=\"og:description\" content=\"REPOXYDECO Aplicaci\u00f3n de pasta en interiores y exteriores Paredes , Techos, plafones, fachadas Preparaci\u00f3n y reparaci\u00f3n de superficies exteriores antes de la aplicaci\u00f3n de la textura.\" \/>\n<meta property=\"og:url\" content=\"https:\/\/repoxydeco.com\/index.php\/pasta-texturizada\/\" \/>\n<meta property=\"og:site_name\" content=\"REPOXYDECO\" \/>\n<meta property=\"article:modified_time\" content=\"2024-06-10T22:20:49+00:00\" \/>\n<meta property=\"og:image\" content=\"https:\/\/repoxydeco.com\/wp-content\/uploads\/2024\/06\/REPOXYDECO-Aplicacion-de-Pasta-en-Fachada1-1024x575.jpg\" \/>\n<meta name=\"twitter:card\" content=\"summary_large_image\" \/>\n<meta name=\"twitter:label1\" content=\"Tiempo de lectura\" \/>\n\t<meta name=\"twitter:data1\" content=\"3 minutos\" \/>\n<script type=\"application\/ld+json\" class=\"yoast-schema-graph\">{\"@context\":\"https:\\\/\\\/schema.org\",\"@graph\":[{\"@type\":\"WebPage\",\"@id\":\"https:\\\/\\\/repoxydeco.com\\\/index.php\\\/pasta-texturizada\\\/\",\"url\":\"https:\\\/\\\/repoxydeco.com\\\/index.php\\\/pasta-texturizada\\\/\",\"name\":\"PASTA TEXTURIZADA | REPOXYDECO\",\"isPartOf\":{\"@id\":\"https:\\\/\\\/repoxydeco.com\\\/#website\"},\"primaryImageOfPage\":{\"@id\":\"https:\\\/\\\/repoxydeco.com\\\/index.php\\\/pasta-texturizada\\\/#primaryimage\"},\"image\":{\"@id\":\"https:\\\/\\\/repoxydeco.com\\\/index.php\\\/pasta-texturizada\\\/#primaryimage\"},\"thumbnailUrl\":\"https:\\\/\\\/repoxydeco.com\\\/wp-content\\\/uploads\\\/2024\\\/06\\\/REPOXYDECO-Aplicacion-de-Pasta-en-Fachada1-1024x575.jpg\",\"datePublished\":\"2024-05-18T17:02:46+00:00\",\"dateModified\":\"2024-06-10T22:20:49+00:00\",\"description\":\"REPOXYDECO Aplicaci\u00f3n de pasta en interiores y exteriores Paredes , Techos, plafones, fachadas Preparaci\u00f3n y reparaci\u00f3n de superficies exteriores antes de la aplicaci\u00f3n de la textura.\",\"breadcrumb\":{\"@id\":\"https:\\\/\\\/repoxydeco.com\\\/index.php\\\/pasta-texturizada\\\/#breadcrumb\"},\"inLanguage\":\"es\",\"potentialAction\":[{\"@type\":\"ReadAction\",\"target\":[\"https:\\\/\\\/repoxydeco.com\\\/index.php\\\/pasta-texturizada\\\/\"]}]},{\"@type\":\"ImageObject\",\"inLanguage\":\"es\",\"@id\":\"https:\\\/\\\/repoxydeco.com\\\/index.php\\\/pasta-texturizada\\\/#primaryimage\",\"url\":\"https:\\\/\\\/repoxydeco.com\\\/wp-content\\\/uploads\\\/2024\\\/06\\\/REPOXYDECO-Aplicacion-de-Pasta-en-Fachada1.jpg\",\"contentUrl\":\"https:\\\/\\\/repoxydeco.com\\\/wp-content\\\/uploads\\\/2024\\\/06\\\/REPOXYDECO-Aplicacion-de-Pasta-en-Fachada1.jpg\",\"width\":1280,\"height\":719},{\"@type\":\"BreadcrumbList\",\"@id\":\"https:\\\/\\\/repoxydeco.com\\\/index.php\\\/pasta-texturizada\\\/#breadcrumb\",\"itemListElement\":[{\"@type\":\"ListItem\",\"position\":1,\"name\":\"Inicio\",\"item\":\"https:\\\/\\\/repoxydeco.com\\\/\"},{\"@type\":\"ListItem\",\"position\":2,\"name\":\"PASTA TEXTURIZADA\"}]},{\"@type\":\"WebSite\",\"@id\":\"https:\\\/\\\/repoxydeco.com\\\/#website\",\"url\":\"https:\\\/\\\/repoxydeco.com\\\/\",\"name\":\"REPOXYDECO\",\"description\":\"RECUBRIMIENTOS EP\u00d3XICOS Y DECORATIVOS\",\"publisher\":{\"@id\":\"https:\\\/\\\/repoxydeco.com\\\/#organization\"},\"alternateName\":\"REPOXYDECO RECUBRIMIENTOS EP\u00d3XICOS Y DECORATIVOS\",\"potentialAction\":[{\"@type\":\"SearchAction\",\"target\":{\"@type\":\"EntryPoint\",\"urlTemplate\":\"https:\\\/\\\/repoxydeco.com\\\/?s={search_term_string}\"},\"query-input\":{\"@type\":\"PropertyValueSpecification\",\"valueRequired\":true,\"valueName\":\"search_term_string\"}}],\"inLanguage\":\"es\"},{\"@type\":\"Organization\",\"@id\":\"https:\\\/\\\/repoxydeco.com\\\/#organization\",\"name\":\"REPOXYDECO\",\"alternateName\":\"PISOS EP\u00d3XICOS INDUSTRIALES Y RESIDENCIALES M\u00c9XICO\",\"url\":\"https:\\\/\\\/repoxydeco.com\\\/\",\"logo\":{\"@type\":\"ImageObject\",\"inLanguage\":\"es\",\"@id\":\"https:\\\/\\\/repoxydeco.com\\\/#\\\/schema\\\/logo\\\/image\\\/\",\"url\":\"https:\\\/\\\/repoxydeco.com\\\/wp-content\\\/uploads\\\/2024\\\/06\\\/Logo-REPOXYDECO-PNG-Blanco.png\",\"contentUrl\":\"https:\\\/\\\/repoxydeco.com\\\/wp-content\\\/uploads\\\/2024\\\/06\\\/Logo-REPOXYDECO-PNG-Blanco.png\",\"width\":555,\"height\":87,\"caption\":\"REPOXYDECO\"},\"image\":{\"@id\":\"https:\\\/\\\/repoxydeco.com\\\/#\\\/schema\\\/logo\\\/image\\\/\"}}]}<\/script>\n<!-- \/ Yoast SEO plugin. -->","yoast_head_json":{"title":"PASTA TEXTURIZADA | REPOXYDECO","description":"REPOXYDECO Aplicaci\u00f3n de pasta en interiores y exteriores Paredes , Techos, plafones, fachadas Preparaci\u00f3n y reparaci\u00f3n de superficies exteriores antes de la aplicaci\u00f3n de la textura.","robots":{"index":"index","follow":"follow","max-snippet":"max-snippet:-1","max-image-preview":"max-image-preview:large","max-video-preview":"max-video-preview:-1"},"canonical":"https:\/\/repoxydeco.com\/index.php\/pasta-texturizada\/","og_locale":"es_MX","og_type":"article","og_title":"PASTA TEXTURIZADA | REPOXYDECO","og_description":"REPOXYDECO Aplicaci\u00f3n de pasta en interiores y exteriores Paredes , Techos, plafones, fachadas Preparaci\u00f3n y reparaci\u00f3n de superficies exteriores antes de la aplicaci\u00f3n de la textura.","og_url":"https:\/\/repoxydeco.com\/index.php\/pasta-texturizada\/","og_site_name":"REPOXYDECO","article_modified_time":"2024-06-10T22:20:49+00:00","og_image":[{"url":"https:\/\/repoxydeco.com\/wp-content\/uploads\/2024\/06\/REPOXYDECO-Aplicacion-de-Pasta-en-Fachada1-1024x575.jpg","type":"","width":"","height":""}],"twitter_card":"summary_large_image","twitter_misc":{"Tiempo de lectura":"3 minutos"},"schema":{"@context":"https:\/\/schema.org","@graph":[{"@type":"WebPage","@id":"https:\/\/repoxydeco.com\/index.php\/pasta-texturizada\/","url":"https:\/\/repoxydeco.com\/index.php\/pasta-texturizada\/","name":"PASTA TEXTURIZADA | REPOXYDECO","isPartOf":{"@id":"https:\/\/repoxydeco.com\/#website"},"primaryImageOfPage":{"@id":"https:\/\/repoxydeco.com\/index.php\/pasta-texturizada\/#primaryimage"},"image":{"@id":"https:\/\/repoxydeco.com\/index.php\/pasta-texturizada\/#primaryimage"},"thumbnailUrl":"https:\/\/repoxydeco.com\/wp-content\/uploads\/2024\/06\/REPOXYDECO-Aplicacion-de-Pasta-en-Fachada1-1024x575.jpg","datePublished":"2024-05-18T17:02:46+00:00","dateModified":"2024-06-10T22:20:49+00:00","description":"REPOXYDECO Aplicaci\u00f3n de pasta en interiores y exteriores Paredes , Techos, plafones, fachadas Preparaci\u00f3n y reparaci\u00f3n de superficies exteriores antes de la aplicaci\u00f3n de la textura.","breadcrumb":{"@id":"https:\/\/repoxydeco.com\/index.php\/pasta-texturizada\/#breadcrumb"},"inLanguage":"es","potentialAction":[{"@type":"ReadAction","target":["https:\/\/repoxydeco.com\/index.php\/pasta-texturizada\/"]}]},{"@type":"ImageObject","inLanguage":"es","@id":"https:\/\/repoxydeco.com\/index.php\/pasta-texturizada\/#primaryimage","url":"https:\/\/repoxydeco.com\/wp-content\/uploads\/2024\/06\/REPOXYDECO-Aplicacion-de-Pasta-en-Fachada1.jpg","contentUrl":"https:\/\/repoxydeco.com\/wp-content\/uploads\/2024\/06\/REPOXYDECO-Aplicacion-de-Pasta-en-Fachada1.jpg","width":1280,"height":719},{"@type":"BreadcrumbList","@id":"https:\/\/repoxydeco.com\/index.php\/pasta-texturizada\/#breadcrumb","itemListElement":[{"@type":"ListItem","position":1,"name":"Inicio","item":"https:\/\/repoxydeco.com\/"},{"@type":"ListItem","position":2,"name":"PASTA TEXTURIZADA"}]},{"@type":"WebSite","@id":"https:\/\/repoxydeco.com\/#website","url":"https:\/\/repoxydeco.com\/","name":"REPOXYDECO","description":"RECUBRIMIENTOS EP\u00d3XICOS Y DECORATIVOS","publisher":{"@id":"https:\/\/repoxydeco.com\/#organization"},"alternateName":"REPOXYDECO RECUBRIMIENTOS EP\u00d3XICOS Y DECORATIVOS","potentialAction":[{"@type":"SearchAction","target":{"@type":"EntryPoint","urlTemplate":"https:\/\/repoxydeco.com\/?s={search_term_string}"},"query-input":{"@type":"PropertyValueSpecification","valueRequired":true,"valueName":"search_term_string"}}],"inLanguage":"es"},{"@type":"Organization","@id":"https:\/\/repoxydeco.com\/#organization","name":"REPOXYDECO","alternateName":"PISOS EP\u00d3XICOS INDUSTRIALES Y RESIDENCIALES M\u00c9XICO","url":"https:\/\/repoxydeco.com\/","logo":{"@type":"ImageObject","inLanguage":"es","@id":"https:\/\/repoxydeco.com\/#\/schema\/logo\/image\/","url":"https:\/\/repoxydeco.com\/wp-content\/uploads\/2024\/06\/Logo-REPOXYDECO-PNG-Blanco.png","contentUrl":"https:\/\/repoxydeco.com\/wp-content\/uploads\/2024\/06\/Logo-REPOXYDECO-PNG-Blanco.png","width":555,"height":87,"caption":"REPOXYDECO"},"image":{"@id":"https:\/\/repoxydeco.com\/#\/schema\/logo\/image\/"}}]}},"_links":{"self":[{"href":"https:\/\/repoxydeco.com\/index.php\/wp-json\/wp\/v2\/pages\/3491","targetHints":{"allow":["GET"]}}],"collection":[{"href":"https:\/\/repoxydeco.com\/index.php\/wp-json\/wp\/v2\/pages"}],"about":[{"href":"https:\/\/repoxydeco.com\/index.php\/wp-json\/wp\/v2\/types\/page"}],"author":[{"embeddable":true,"href":"https:\/\/repoxydeco.com\/index.php\/wp-json\/wp\/v2\/users\/1"}],"replies":[{"embeddable":true,"href":"https:\/\/repoxydeco.com\/index.php\/wp-json\/wp\/v2\/comments?post=3491"}],"version-history":[{"count":15,"href":"https:\/\/repoxydeco.com\/index.php\/wp-json\/wp\/v2\/pages\/3491\/revisions"}],"predecessor-version":[{"id":5286,"href":"https:\/\/repoxydeco.com\/index.php\/wp-json\/wp\/v2\/pages\/3491\/revisions\/5286"}],"wp:attachment":[{"href":"https:\/\/repoxydeco.com\/index.php\/wp-json\/wp\/v2\/media?parent=3491"}],"curies":[{"name":"wp","href":"https:\/\/api.w.org\/{rel}","templated":true}]}}