{"id":3497,"date":"2024-05-18T17:05:48","date_gmt":"2024-05-18T17:05:48","guid":{"rendered":"https:\/\/repoxydeco.com\/?page_id=3497"},"modified":"2024-06-10T22:33:20","modified_gmt":"2024-06-10T22:33:20","slug":"restauraciones","status":"publish","type":"page","link":"https:\/\/repoxydeco.com\/index.php\/restauraciones\/","title":{"rendered":"RESTAURACIONES"},"content":{"rendered":"\n<div class=\"wp-block-greenshift-blocks-container alignfull gspb_container gspb_container-gsbp-9f1cdac\" id=\"gspb_container-id-gsbp-9f1cdac\" data-aos=\"zoom-out-right\" data-aos-easing=\"ease\" data-aos-duration=\"800\">\n<div class=\"wp-block-stackable-columns stk-block-columns stk-block stk-9229ebd\" data-block-id=\"9229ebd\"><style>.stk-9229ebd{padding-top:15px !important;padding-right:15px !important;padding-bottom:15px !important;padding-left:15px !important}<\/style><div class=\"stk-row stk-inner-blocks stk-block-content stk-content-align stk-9229ebd-column\">\n<div class=\"wp-block-stackable-column stk-block-column stk-column stk-block stk-7ed44e3\" data-v=\"4\" data-block-id=\"7ed44e3\"><div class=\"stk-column-wrapper stk-block-column__content stk-container stk-7ed44e3-container stk--no-background stk--no-padding\"><div class=\"stk-block-content stk-inner-blocks stk-7ed44e3-inner-blocks\">\n<div class=\"wp-block-stackable-heading stk-block-heading stk-block-heading--v2 stk-block stk-df14184\" id=\"span-style-color-a-50000-class-stk-highlight-restauraciones-generales-span\" data-block-id=\"df14184\"><h1 class=\"stk-block-heading__text has-text-align-center\"><span style=\"color: #a50000;\" class=\"stk-highlight\">Restauraciones Generales<\/span><\/h1><\/div>\n<\/div><\/div><\/div>\n<\/div><\/div>\n<\/div>\n\n\n\n<div class=\"wp-block-columns is-layout-flex wp-container-core-columns-is-layout-28f84493 wp-block-columns-is-layout-flex\">\n<div class=\"wp-block-column is-layout-flow wp-block-column-is-layout-flow\">\n<div class=\"wp-block-cover\" style=\"min-height:468px;aspect-ratio:unset;\"><span aria-hidden=\"true\" class=\"wp-block-cover__background has-background-dim-30 has-background-dim\"><\/span><img loading=\"lazy\" decoding=\"async\" width=\"447\" height=\"340\" class=\"wp-block-cover__image-background wp-image-3901\" alt=\"\" src=\"https:\/\/repoxydeco.com\/wp-content\/uploads\/2024\/05\/REPOXYDECO-Mantenimiento-residencial-Instalacion-de-plafon-de-suspecion.png\" data-object-fit=\"cover\" srcset=\"https:\/\/repoxydeco.com\/wp-content\/uploads\/2024\/05\/REPOXYDECO-Mantenimiento-residencial-Instalacion-de-plafon-de-suspecion.png 447w, https:\/\/repoxydeco.com\/wp-content\/uploads\/2024\/05\/REPOXYDECO-Mantenimiento-residencial-Instalacion-de-plafon-de-suspecion-300x228.png 300w\" sizes=\"auto, (max-width: 447px) 100vw, 447px\" \/><div class=\"wp-block-cover__inner-container is-layout-flow wp-block-cover-is-layout-flow\">\n<p class=\"has-text-align-center has-large-font-size\">Instalaci\u00f3n de plaf\u00f3n de suspeci\u00f3n<\/p>\n<\/div><\/div>\n<\/div>\n\n\n\n<div class=\"wp-block-column is-layout-flow wp-block-column-is-layout-flow\">\n<div class=\"wp-block-cover\" style=\"min-height:468px;aspect-ratio:unset;\"><span aria-hidden=\"true\" class=\"wp-block-cover__background has-background-dim\"><\/span><img loading=\"lazy\" decoding=\"async\" width=\"742\" height=\"1024\" class=\"wp-block-cover__image-background wp-image-3838\" alt=\"\" src=\"https:\/\/repoxydeco.com\/wp-content\/uploads\/2024\/05\/REPOXYDECO-Restauraciones-742x1024.png\" data-object-fit=\"cover\" srcset=\"https:\/\/repoxydeco.com\/wp-content\/uploads\/2024\/05\/REPOXYDECO-Restauraciones-742x1024.png 742w, https:\/\/repoxydeco.com\/wp-content\/uploads\/2024\/05\/REPOXYDECO-Restauraciones-217x300.png 217w, https:\/\/repoxydeco.com\/wp-content\/uploads\/2024\/05\/REPOXYDECO-Restauraciones-768x1060.png 768w, https:\/\/repoxydeco.com\/wp-content\/uploads\/2024\/05\/REPOXYDECO-Restauraciones.png 927w\" sizes=\"auto, (max-width: 742px) 100vw, 742px\" \/><div class=\"wp-block-cover__inner-container is-layout-flow wp-block-cover-is-layout-flow\">\n<p class=\"has-text-align-center has-large-font-size\">Restauraci\u00f3n en Piso<\/p>\n<\/div><\/div>\n<\/div>\n<\/div>\n","protected":false},"excerpt":{"rendered":"","protected":false},"author":1,"featured_media":0,"parent":0,"menu_order":0,"comment_status":"closed","ping_status":"closed","template":"","meta":{"_gspb_post_css":".gspb_container-id-gsbp-9f1cdac{flex-direction:column;box-sizing:border-box}#gspb_container-id-gsbp-9f1cdac.gspb_container>p:last-of-type{margin-bottom:0}.gspb_container{position:relative}#gspb_container-id-gsbp-9f1cdac.gspb_container{background-image:linear-gradient(to top,#d5d4d0 0,#d5d4d0 1%,#eeeeec 31%,#efeeec 75%,#e9e9e7 100%);transition-duration:.8s;transition-timing-function:ease;opacity:0;transition-property:opacity,transform;transform:translate3d(-60px,0,0) scale(1.2)}#gspb_container-id-gsbp-9f1cdac.gspb_container.aos-animate,#gspb_container-id-gsbp-9f1cdac.gspb_container[data-gs-aos]{opacity:1;transform:translateZ(0) scale(1)}","_vp_format_video_url":"","_vp_image_focal_point":[],"footnotes":""},"class_list":["post-3497","page","type-page","status-publish","hentry"],"blocksy_meta":{"has_hero_section":"enabled","hero_elements":[{"id":"custom_title","enabled":false,"heading_tag":"h1","title":"Inicio","__id":"gT4G_tbmko595UuUsdMuu"},{"id":"custom_description","enabled":true,"description_visibility":{"desktop":true,"tablet":true,"mobile":false},"__id":"DQxj9cW2Bz94nLUaRD4sb"},{"id":"custom_meta","enabled":false,"meta_elements":[{"id":"author","enabled":true,"label":"Por","has_author_avatar":"yes","avatar_size":25},{"id":"post_date","enabled":true,"label":"El","date_format_source":"default","date_format":"M j, Y"},{"id":"updated_date","enabled":false,"label":"El","date_format_source":"default","date_format":"M j, Y"},{"id":"categories","enabled":false,"label":"Dentro","style":"simple"},{"id":"comments","enabled":true}],"page_meta_elements":{"joined":true,"articles_count":true,"comments":true},"__id":"gf3NKMvuPDxrEV0CfNUx7"},{"id":"breadcrumbs","enabled":false,"__id":"6zWfpAkD3L8VUVBewooJp"}],"vertical_spacing_source":"custom","content_area_spacing":"bottom","styles_descriptor":{"styles":{"desktop":"[data-prefix=\"single_page\"] .entry-header .page-title {--theme-font-size:30px;} [data-prefix=\"single_page\"] .entry-header .entry-meta {--theme-font-weight:600;--theme-text-transform:uppercase;--theme-font-size:12px;--theme-line-height:1.3;}","tablet":"","mobile":""},"google_fonts":[],"version":6}},"yoast_head":"<!-- This site is optimized with the Yoast SEO plugin v27.6 - https:\/\/yoast.com\/product\/yoast-seo-wordpress\/ -->\n<title>RESTAURACIONES | REPOXYDECO<\/title>\n<meta name=\"description\" content=\"REPOXYDECO Restauraciones Residenciales Instalaci\u00f3n de plaf\u00f3n de suspensi\u00f3n y restauraci\u00f3n de pisos en todo M\u00e9xico.\" \/>\n<meta name=\"robots\" content=\"index, follow, max-snippet:-1, max-image-preview:large, max-video-preview:-1\" \/>\n<link rel=\"canonical\" href=\"https:\/\/repoxydeco.com\/index.php\/restauraciones\/\" \/>\n<meta property=\"og:locale\" content=\"es_MX\" \/>\n<meta property=\"og:type\" content=\"article\" \/>\n<meta property=\"og:title\" content=\"RESTAURACIONES | REPOXYDECO\" \/>\n<meta property=\"og:description\" content=\"REPOXYDECO Restauraciones Residenciales Instalaci\u00f3n de plaf\u00f3n de suspensi\u00f3n y restauraci\u00f3n de pisos en todo M\u00e9xico.\" \/>\n<meta property=\"og:url\" content=\"https:\/\/repoxydeco.com\/index.php\/restauraciones\/\" \/>\n<meta property=\"og:site_name\" content=\"REPOXYDECO\" \/>\n<meta property=\"article:modified_time\" content=\"2024-06-10T22:33:20+00:00\" \/>\n<meta property=\"og:image\" content=\"https:\/\/repoxydeco.com\/wp-content\/uploads\/2024\/05\/REPOXYDECO-Mantenimiento-residencial-Instalacion-de-plafon-de-suspecion.png\" \/>\n<meta name=\"twitter:card\" content=\"summary_large_image\" \/>\n<meta name=\"twitter:label1\" content=\"Tiempo de lectura\" \/>\n\t<meta name=\"twitter:data1\" content=\"1 minuto\" \/>\n<script type=\"application\/ld+json\" class=\"yoast-schema-graph\">{\"@context\":\"https:\\\/\\\/schema.org\",\"@graph\":[{\"@type\":\"WebPage\",\"@id\":\"https:\\\/\\\/repoxydeco.com\\\/index.php\\\/restauraciones\\\/\",\"url\":\"https:\\\/\\\/repoxydeco.com\\\/index.php\\\/restauraciones\\\/\",\"name\":\"RESTAURACIONES | REPOXYDECO\",\"isPartOf\":{\"@id\":\"https:\\\/\\\/repoxydeco.com\\\/#website\"},\"primaryImageOfPage\":{\"@id\":\"https:\\\/\\\/repoxydeco.com\\\/index.php\\\/restauraciones\\\/#primaryimage\"},\"image\":{\"@id\":\"https:\\\/\\\/repoxydeco.com\\\/index.php\\\/restauraciones\\\/#primaryimage\"},\"thumbnailUrl\":\"https:\\\/\\\/repoxydeco.com\\\/wp-content\\\/uploads\\\/2024\\\/05\\\/REPOXYDECO-Mantenimiento-residencial-Instalacion-de-plafon-de-suspecion.png\",\"datePublished\":\"2024-05-18T17:05:48+00:00\",\"dateModified\":\"2024-06-10T22:33:20+00:00\",\"description\":\"REPOXYDECO Restauraciones Residenciales Instalaci\u00f3n de plaf\u00f3n de suspensi\u00f3n y restauraci\u00f3n de pisos en todo M\u00e9xico.\",\"breadcrumb\":{\"@id\":\"https:\\\/\\\/repoxydeco.com\\\/index.php\\\/restauraciones\\\/#breadcrumb\"},\"inLanguage\":\"es\",\"potentialAction\":[{\"@type\":\"ReadAction\",\"target\":[\"https:\\\/\\\/repoxydeco.com\\\/index.php\\\/restauraciones\\\/\"]}]},{\"@type\":\"ImageObject\",\"inLanguage\":\"es\",\"@id\":\"https:\\\/\\\/repoxydeco.com\\\/index.php\\\/restauraciones\\\/#primaryimage\",\"url\":\"https:\\\/\\\/repoxydeco.com\\\/wp-content\\\/uploads\\\/2024\\\/05\\\/REPOXYDECO-Mantenimiento-residencial-Instalacion-de-plafon-de-suspecion.png\",\"contentUrl\":\"https:\\\/\\\/repoxydeco.com\\\/wp-content\\\/uploads\\\/2024\\\/05\\\/REPOXYDECO-Mantenimiento-residencial-Instalacion-de-plafon-de-suspecion.png\",\"width\":447,\"height\":340},{\"@type\":\"BreadcrumbList\",\"@id\":\"https:\\\/\\\/repoxydeco.com\\\/index.php\\\/restauraciones\\\/#breadcrumb\",\"itemListElement\":[{\"@type\":\"ListItem\",\"position\":1,\"name\":\"Inicio\",\"item\":\"https:\\\/\\\/repoxydeco.com\\\/\"},{\"@type\":\"ListItem\",\"position\":2,\"name\":\"RESTAURACIONES\"}]},{\"@type\":\"WebSite\",\"@id\":\"https:\\\/\\\/repoxydeco.com\\\/#website\",\"url\":\"https:\\\/\\\/repoxydeco.com\\\/\",\"name\":\"REPOXYDECO\",\"description\":\"RECUBRIMIENTOS EP\u00d3XICOS Y DECORATIVOS\",\"publisher\":{\"@id\":\"https:\\\/\\\/repoxydeco.com\\\/#organization\"},\"alternateName\":\"REPOXYDECO RECUBRIMIENTOS EP\u00d3XICOS Y DECORATIVOS\",\"potentialAction\":[{\"@type\":\"SearchAction\",\"target\":{\"@type\":\"EntryPoint\",\"urlTemplate\":\"https:\\\/\\\/repoxydeco.com\\\/?s={search_term_string}\"},\"query-input\":{\"@type\":\"PropertyValueSpecification\",\"valueRequired\":true,\"valueName\":\"search_term_string\"}}],\"inLanguage\":\"es\"},{\"@type\":\"Organization\",\"@id\":\"https:\\\/\\\/repoxydeco.com\\\/#organization\",\"name\":\"REPOXYDECO\",\"alternateName\":\"PISOS EP\u00d3XICOS INDUSTRIALES Y RESIDENCIALES M\u00c9XICO\",\"url\":\"https:\\\/\\\/repoxydeco.com\\\/\",\"logo\":{\"@type\":\"ImageObject\",\"inLanguage\":\"es\",\"@id\":\"https:\\\/\\\/repoxydeco.com\\\/#\\\/schema\\\/logo\\\/image\\\/\",\"url\":\"https:\\\/\\\/repoxydeco.com\\\/wp-content\\\/uploads\\\/2024\\\/06\\\/Logo-REPOXYDECO-PNG-Blanco.png\",\"contentUrl\":\"https:\\\/\\\/repoxydeco.com\\\/wp-content\\\/uploads\\\/2024\\\/06\\\/Logo-REPOXYDECO-PNG-Blanco.png\",\"width\":555,\"height\":87,\"caption\":\"REPOXYDECO\"},\"image\":{\"@id\":\"https:\\\/\\\/repoxydeco.com\\\/#\\\/schema\\\/logo\\\/image\\\/\"}}]}<\/script>\n<!-- \/ Yoast SEO plugin. -->","yoast_head_json":{"title":"RESTAURACIONES | REPOXYDECO","description":"REPOXYDECO Restauraciones Residenciales Instalaci\u00f3n de plaf\u00f3n de suspensi\u00f3n y restauraci\u00f3n de pisos en todo M\u00e9xico.","robots":{"index":"index","follow":"follow","max-snippet":"max-snippet:-1","max-image-preview":"max-image-preview:large","max-video-preview":"max-video-preview:-1"},"canonical":"https:\/\/repoxydeco.com\/index.php\/restauraciones\/","og_locale":"es_MX","og_type":"article","og_title":"RESTAURACIONES | REPOXYDECO","og_description":"REPOXYDECO Restauraciones Residenciales Instalaci\u00f3n de plaf\u00f3n de suspensi\u00f3n y restauraci\u00f3n de pisos en todo M\u00e9xico.","og_url":"https:\/\/repoxydeco.com\/index.php\/restauraciones\/","og_site_name":"REPOXYDECO","article_modified_time":"2024-06-10T22:33:20+00:00","og_image":[{"url":"https:\/\/repoxydeco.com\/wp-content\/uploads\/2024\/05\/REPOXYDECO-Mantenimiento-residencial-Instalacion-de-plafon-de-suspecion.png","type":"","width":"","height":""}],"twitter_card":"summary_large_image","twitter_misc":{"Tiempo de lectura":"1 minuto"},"schema":{"@context":"https:\/\/schema.org","@graph":[{"@type":"WebPage","@id":"https:\/\/repoxydeco.com\/index.php\/restauraciones\/","url":"https:\/\/repoxydeco.com\/index.php\/restauraciones\/","name":"RESTAURACIONES | REPOXYDECO","isPartOf":{"@id":"https:\/\/repoxydeco.com\/#website"},"primaryImageOfPage":{"@id":"https:\/\/repoxydeco.com\/index.php\/restauraciones\/#primaryimage"},"image":{"@id":"https:\/\/repoxydeco.com\/index.php\/restauraciones\/#primaryimage"},"thumbnailUrl":"https:\/\/repoxydeco.com\/wp-content\/uploads\/2024\/05\/REPOXYDECO-Mantenimiento-residencial-Instalacion-de-plafon-de-suspecion.png","datePublished":"2024-05-18T17:05:48+00:00","dateModified":"2024-06-10T22:33:20+00:00","description":"REPOXYDECO Restauraciones Residenciales Instalaci\u00f3n de plaf\u00f3n de suspensi\u00f3n y restauraci\u00f3n de pisos en todo M\u00e9xico.","breadcrumb":{"@id":"https:\/\/repoxydeco.com\/index.php\/restauraciones\/#breadcrumb"},"inLanguage":"es","potentialAction":[{"@type":"ReadAction","target":["https:\/\/repoxydeco.com\/index.php\/restauraciones\/"]}]},{"@type":"ImageObject","inLanguage":"es","@id":"https:\/\/repoxydeco.com\/index.php\/restauraciones\/#primaryimage","url":"https:\/\/repoxydeco.com\/wp-content\/uploads\/2024\/05\/REPOXYDECO-Mantenimiento-residencial-Instalacion-de-plafon-de-suspecion.png","contentUrl":"https:\/\/repoxydeco.com\/wp-content\/uploads\/2024\/05\/REPOXYDECO-Mantenimiento-residencial-Instalacion-de-plafon-de-suspecion.png","width":447,"height":340},{"@type":"BreadcrumbList","@id":"https:\/\/repoxydeco.com\/index.php\/restauraciones\/#breadcrumb","itemListElement":[{"@type":"ListItem","position":1,"name":"Inicio","item":"https:\/\/repoxydeco.com\/"},{"@type":"ListItem","position":2,"name":"RESTAURACIONES"}]},{"@type":"WebSite","@id":"https:\/\/repoxydeco.com\/#website","url":"https:\/\/repoxydeco.com\/","name":"REPOXYDECO","description":"RECUBRIMIENTOS EP\u00d3XICOS Y DECORATIVOS","publisher":{"@id":"https:\/\/repoxydeco.com\/#organization"},"alternateName":"REPOXYDECO RECUBRIMIENTOS EP\u00d3XICOS Y DECORATIVOS","potentialAction":[{"@type":"SearchAction","target":{"@type":"EntryPoint","urlTemplate":"https:\/\/repoxydeco.com\/?s={search_term_string}"},"query-input":{"@type":"PropertyValueSpecification","valueRequired":true,"valueName":"search_term_string"}}],"inLanguage":"es"},{"@type":"Organization","@id":"https:\/\/repoxydeco.com\/#organization","name":"REPOXYDECO","alternateName":"PISOS EP\u00d3XICOS INDUSTRIALES Y RESIDENCIALES M\u00c9XICO","url":"https:\/\/repoxydeco.com\/","logo":{"@type":"ImageObject","inLanguage":"es","@id":"https:\/\/repoxydeco.com\/#\/schema\/logo\/image\/","url":"https:\/\/repoxydeco.com\/wp-content\/uploads\/2024\/06\/Logo-REPOXYDECO-PNG-Blanco.png","contentUrl":"https:\/\/repoxydeco.com\/wp-content\/uploads\/2024\/06\/Logo-REPOXYDECO-PNG-Blanco.png","width":555,"height":87,"caption":"REPOXYDECO"},"image":{"@id":"https:\/\/repoxydeco.com\/#\/schema\/logo\/image\/"}}]}},"_links":{"self":[{"href":"https:\/\/repoxydeco.com\/index.php\/wp-json\/wp\/v2\/pages\/3497","targetHints":{"allow":["GET"]}}],"collection":[{"href":"https:\/\/repoxydeco.com\/index.php\/wp-json\/wp\/v2\/pages"}],"about":[{"href":"https:\/\/repoxydeco.com\/index.php\/wp-json\/wp\/v2\/types\/page"}],"author":[{"embeddable":true,"href":"https:\/\/repoxydeco.com\/index.php\/wp-json\/wp\/v2\/users\/1"}],"replies":[{"embeddable":true,"href":"https:\/\/repoxydeco.com\/index.php\/wp-json\/wp\/v2\/comments?post=3497"}],"version-history":[{"count":8,"href":"https:\/\/repoxydeco.com\/index.php\/wp-json\/wp\/v2\/pages\/3497\/revisions"}],"predecessor-version":[{"id":5297,"href":"https:\/\/repoxydeco.com\/index.php\/wp-json\/wp\/v2\/pages\/3497\/revisions\/5297"}],"wp:attachment":[{"href":"https:\/\/repoxydeco.com\/index.php\/wp-json\/wp\/v2\/media?parent=3497"}],"curies":[{"name":"wp","href":"https:\/\/api.w.org\/{rel}","templated":true}]}}