{"id":3501,"date":"2024-05-18T17:07:42","date_gmt":"2024-05-18T17:07:42","guid":{"rendered":"https:\/\/repoxydeco.com\/?page_id=3501"},"modified":"2024-06-12T23:40:22","modified_gmt":"2024-06-12T23:40:22","slug":"construccion-y-cimentacion","status":"publish","type":"page","link":"https:\/\/repoxydeco.com\/index.php\/construccion-y-cimentacion\/","title":{"rendered":"CONSTRUCCI\u00d3N Y CIMENTACI\u00d3N"},"content":{"rendered":"\n<div class=\"wp-block-greenshift-blocks-container alignfull gspb_container gspb_container-gsbp-9f1cdac\" id=\"gspb_container-id-gsbp-9f1cdac\" data-aos=\"zoom-out-right\" data-aos-easing=\"ease\" data-aos-duration=\"800\">\n<div class=\"wp-block-stackable-columns stk-block-columns stk-block stk-9229ebd\" data-block-id=\"9229ebd\"><style>.stk-9229ebd{padding-top:15px !important;padding-right:15px !important;padding-bottom:15px !important;padding-left:15px !important}<\/style><div class=\"stk-row stk-inner-blocks stk-block-content stk-content-align stk-9229ebd-column\">\n<div class=\"wp-block-stackable-column stk-block-column stk-column stk-block stk-7ed44e3\" data-v=\"4\" data-block-id=\"7ed44e3\"><div class=\"stk-column-wrapper stk-block-column__content stk-container stk-7ed44e3-container stk--no-background stk--no-padding\"><div class=\"stk-block-content stk-inner-blocks stk-7ed44e3-inner-blocks\">\n<div class=\"wp-block-stackable-heading stk-block-heading stk-block-heading--v2 stk-block stk-df14184\" id=\"span-style-color-a-50000-class-stk-highlight-construccion-y-cimentacion-de-calidad-incomparable-span\" data-block-id=\"df14184\"><style>@media screen and (max-width:689px){.stk-df14184 .stk-block-heading__text{font-size:25px !important}}<\/style><h1 class=\"stk-block-heading__text has-text-align-center\"><span style=\"color: #a50000;\" class=\"stk-highlight\">Construcci\u00f3n y Cimentaci\u00f3n de Calidad Incomparable<\/span><\/h1><\/div>\n<\/div><\/div><\/div>\n<\/div><\/div>\n<\/div>\n\n\n\n<div class=\"wp-block-stackable-columns stk-block-columns stk-block stk-10db486\" data-block-id=\"10db486\"><div class=\"stk-row stk-inner-blocks stk-block-content stk-content-align stk-10db486-column\">\n<div class=\"wp-block-stackable-column stk-block-column stk-column stk-block stk-d4e437b\" data-v=\"4\" data-block-id=\"d4e437b\"><div class=\"stk-column-wrapper stk-block-column__content stk-container stk-d4e437b-container stk--no-background stk--no-padding\"><div class=\"stk-block-content stk-inner-blocks stk-d4e437b-inner-blocks\">\n<div class=\"wp-block-cover is-light\"><span aria-hidden=\"true\" class=\"wp-block-cover__background has-background-dim-0 has-background-dim\"><\/span><img loading=\"lazy\" decoding=\"async\" width=\"748\" height=\"1024\" class=\"wp-block-cover__image-background wp-image-3546\" alt=\"\" src=\"https:\/\/repoxydeco.com\/wp-content\/uploads\/2024\/05\/REPOXYDECO-CIMENTACION-INDUSTRIAL-MEXICO-748x1024.png\" data-object-fit=\"cover\" srcset=\"https:\/\/repoxydeco.com\/wp-content\/uploads\/2024\/05\/REPOXYDECO-CIMENTACION-INDUSTRIAL-MEXICO-748x1024.png 748w, https:\/\/repoxydeco.com\/wp-content\/uploads\/2024\/05\/REPOXYDECO-CIMENTACION-INDUSTRIAL-MEXICO-219x300.png 219w, https:\/\/repoxydeco.com\/wp-content\/uploads\/2024\/05\/REPOXYDECO-CIMENTACION-INDUSTRIAL-MEXICO-768x1051.png 768w, https:\/\/repoxydeco.com\/wp-content\/uploads\/2024\/05\/REPOXYDECO-CIMENTACION-INDUSTRIAL-MEXICO.png 821w\" sizes=\"auto, (max-width: 748px) 100vw, 748px\" \/><div class=\"wp-block-cover__inner-container is-layout-flow wp-block-cover-is-layout-flow\">\n<p class=\"has-text-align-center has-large-font-size\"><\/p>\n<\/div><\/div>\n<\/div><\/div><\/div>\n\n\n\n<div class=\"wp-block-stackable-column stk-block-column stk-column stk-block stk-a4adddf\" data-v=\"4\" data-block-id=\"a4adddf\"><div class=\"stk-column-wrapper stk-block-column__content stk-container stk-a4adddf-container stk--no-background stk--no-padding\"><div class=\"stk-block-content stk-inner-blocks stk-a4adddf-inner-blocks\">\n<h4 class=\"wp-block-heading\" id=\"en-repoxydeco-contamos-con-una-vasta-experiencia-en-la-construccion-y-cimentacion-de-proyectos-de-diversa-envergadura-nuestro-equipo-de-expertos-esta-capacitado-para-gestionar-todas-las-fases-de-construccion-garantizando-un-trabajo-de-alta-calidad-y-puntualidad-en-la-entrega\" style=\"margin-right:var(--wp--preset--spacing--40);margin-left:var(--wp--preset--spacing--40);font-size:clamp(17.905px, 1.119rem + ((1vw - 3.2px) * 0.789), 28px);\">En <strong>REPOXYDECO <\/strong>contamos con una vasta experiencia en la construcci\u00f3n y cimentaci\u00f3n de proyectos de diversa envergadura. Nuestro equipo de expertos est\u00e1 capacitado para gestionar todas las fases de construcci\u00f3n, garantizando un trabajo de alta calidad y puntualidad en la entrega.<\/h4>\n\n\n\n<div class=\"wp-block-stackable-spacer stk-block-spacer stk--no-padding stk-block stk-7486287\" data-block-id=\"7486287\"><\/div>\n\n\n\n<div class=\"wp-block-buttons is-content-justification-center is-layout-flex wp-container-core-buttons-is-layout-a89b3969 wp-block-buttons-is-layout-flex\">\n<div class=\"wp-block-button\"><a class=\"wp-block-button__link wp-element-button\" href=\"https:\/\/repoxydeco.com\/index.php\/contacto\/\">CONT\u00c1CTANOS<\/a><\/div>\n<\/div>\n<\/div><\/div><\/div>\n<\/div><\/div>\n\n\n\n<h2 class=\"wp-block-heading has-text-align-center has-black-color has-text-color has-link-color wp-elements-bfb2448826dcf2ff4d5c478632952031\" id=\"nuestros-servicios-de-construccion-y-cimentacion\">Nuestros Servicios de Construcci\u00f3n y Cimentaci\u00f3n<\/h2>\n\n\n\n<div class=\"wp-block-columns is-layout-flex wp-container-core-columns-is-layout-28f84493 wp-block-columns-is-layout-flex\">\n<div class=\"wp-block-column is-layout-flow wp-block-column-is-layout-flow\">\n<h4 class=\"wp-block-heading has-text-align-center has-black-color has-text-color has-link-color wp-elements-8e9c5d9e61c7d78c18ae55de8012a49d\" id=\"construccion-general\"><strong>Construcci\u00f3n General<\/strong><\/h4>\n\n\n\n<ul class=\"wp-block-list\">\n<li>Edificaci\u00f3n de estructuras residenciales, comerciales e industriales.<\/li>\n\n\n\n<li>Supervisi\u00f3n y gesti\u00f3n integral del proyecto desde el dise\u00f1o hasta la entrega.<\/li>\n\n\n\n<li>Aplicaci\u00f3n de est\u00e1ndares de seguridad y calidad en todas las fases de construcci\u00f3n.<\/li>\n<\/ul>\n<\/div>\n\n\n\n<div class=\"wp-block-column is-layout-flow wp-block-column-is-layout-flow\">\n<h4 class=\"wp-block-heading has-text-align-center has-black-color has-text-color has-link-color wp-elements-238fac1017861f2790abd77e33a66b7f\" id=\"cimentacion\"><strong>Cimentaci\u00f3n<\/strong><\/h4>\n\n\n\n<ul class=\"wp-block-list\">\n<li>Construcci\u00f3n de cimentaciones profundas y superficiales adaptadas a cada proyecto.<\/li>\n\n\n\n<li>Uso de t\u00e9cnicas avanzadas para asegurar la estabilidad y durabilidad de la estructura.<\/li>\n<\/ul>\n<\/div>\n\n\n\n<div class=\"wp-block-column is-layout-flow wp-block-column-is-layout-flow\">\n<h4 class=\"wp-block-heading has-text-align-center has-black-color has-text-color has-link-color wp-elements-d684c3eca19aa857e3b695e037e705d8\" id=\"ampliaciones\"><strong>Ampliaciones<\/strong><\/h4>\n\n\n\n<ul class=\"wp-block-list\">\n<li>Adaptaci\u00f3n y renovaci\u00f3n de estructuras existentes para mejorar su funcionalidad y apariencia.<\/li>\n\n\n\n<li>Ampliaciones de edificios para maximizar el uso del espacio disponible.<\/li>\n<\/ul>\n<\/div>\n<\/div>\n\n\n\n<figure class=\"wp-block-gallery has-nested-images columns-4 is-cropped wp-block-gallery-1 is-layout-flex wp-block-gallery-is-layout-flex\">\n<figure class=\"wp-block-image size-large\"><img loading=\"lazy\" decoding=\"async\" width=\"768\" height=\"1024\" data-id=\"5252\" src=\"https:\/\/repoxydeco.com\/wp-content\/uploads\/2024\/06\/REPOXYDECO-CIMENTACION-INDUSTRIAL-768x1024.jpg\" alt=\"\" class=\"wp-image-5252\" srcset=\"https:\/\/repoxydeco.com\/wp-content\/uploads\/2024\/06\/REPOXYDECO-CIMENTACION-INDUSTRIAL-768x1024.jpg 768w, https:\/\/repoxydeco.com\/wp-content\/uploads\/2024\/06\/REPOXYDECO-CIMENTACION-INDUSTRIAL-225x300.jpg 225w, https:\/\/repoxydeco.com\/wp-content\/uploads\/2024\/06\/REPOXYDECO-CIMENTACION-INDUSTRIAL-500x667.jpg 500w, https:\/\/repoxydeco.com\/wp-content\/uploads\/2024\/06\/REPOXYDECO-CIMENTACION-INDUSTRIAL-800x1067.jpg 800w, https:\/\/repoxydeco.com\/wp-content\/uploads\/2024\/06\/REPOXYDECO-CIMENTACION-INDUSTRIAL.jpg 960w\" sizes=\"auto, (max-width: 768px) 100vw, 768px\" \/><\/figure>\n\n\n\n<figure class=\"wp-block-image size-large\"><img loading=\"lazy\" decoding=\"async\" width=\"1024\" height=\"768\" data-id=\"5253\" src=\"https:\/\/repoxydeco.com\/wp-content\/uploads\/2024\/06\/REPOXYDECO-CIMENTACION.jpg\" alt=\"\" class=\"wp-image-5253\" srcset=\"https:\/\/repoxydeco.com\/wp-content\/uploads\/2024\/06\/REPOXYDECO-CIMENTACION.jpg 1024w, https:\/\/repoxydeco.com\/wp-content\/uploads\/2024\/06\/REPOXYDECO-CIMENTACION-300x225.jpg 300w, https:\/\/repoxydeco.com\/wp-content\/uploads\/2024\/06\/REPOXYDECO-CIMENTACION-768x576.jpg 768w, https:\/\/repoxydeco.com\/wp-content\/uploads\/2024\/06\/REPOXYDECO-CIMENTACION-500x375.jpg 500w, https:\/\/repoxydeco.com\/wp-content\/uploads\/2024\/06\/REPOXYDECO-CIMENTACION-800x600.jpg 800w\" sizes=\"auto, (max-width: 1024px) 100vw, 1024px\" \/><\/figure>\n\n\n\n<figure class=\"wp-block-image size-large\"><img loading=\"lazy\" decoding=\"async\" width=\"1024\" height=\"576\" data-id=\"4443\" src=\"https:\/\/repoxydeco.com\/wp-content\/uploads\/2024\/05\/REPOXYDECO-Construccion-1024x576.jpg\" alt=\"\" class=\"wp-image-4443\" srcset=\"https:\/\/repoxydeco.com\/wp-content\/uploads\/2024\/05\/REPOXYDECO-Construccion-1024x576.jpg 1024w, https:\/\/repoxydeco.com\/wp-content\/uploads\/2024\/05\/REPOXYDECO-Construccion-300x169.jpg 300w, https:\/\/repoxydeco.com\/wp-content\/uploads\/2024\/05\/REPOXYDECO-Construccion-768x432.jpg 768w, https:\/\/repoxydeco.com\/wp-content\/uploads\/2024\/05\/REPOXYDECO-Construccion-1536x864.jpg 1536w, https:\/\/repoxydeco.com\/wp-content\/uploads\/2024\/05\/REPOXYDECO-Construccion.jpg 1600w\" sizes=\"auto, (max-width: 1024px) 100vw, 1024px\" \/><\/figure>\n\n\n\n<figure class=\"wp-block-image size-large\"><img loading=\"lazy\" decoding=\"async\" width=\"748\" height=\"1024\" data-id=\"3546\" src=\"https:\/\/repoxydeco.com\/wp-content\/uploads\/2024\/05\/REPOXYDECO-CIMENTACION-INDUSTRIAL-MEXICO-748x1024.png\" alt=\"\" class=\"wp-image-3546\" srcset=\"https:\/\/repoxydeco.com\/wp-content\/uploads\/2024\/05\/REPOXYDECO-CIMENTACION-INDUSTRIAL-MEXICO-748x1024.png 748w, https:\/\/repoxydeco.com\/wp-content\/uploads\/2024\/05\/REPOXYDECO-CIMENTACION-INDUSTRIAL-MEXICO-219x300.png 219w, https:\/\/repoxydeco.com\/wp-content\/uploads\/2024\/05\/REPOXYDECO-CIMENTACION-INDUSTRIAL-MEXICO-768x1051.png 768w, https:\/\/repoxydeco.com\/wp-content\/uploads\/2024\/05\/REPOXYDECO-CIMENTACION-INDUSTRIAL-MEXICO.png 821w\" sizes=\"auto, (max-width: 748px) 100vw, 748px\" \/><\/figure>\n<\/figure>\n\n\n\n<div class=\"wp-block-stackable-spacer stk-block-spacer stk--no-padding stk-block stk-2aed860\" data-block-id=\"2aed860\"><\/div>\n","protected":false},"excerpt":{"rendered":"<p>En REPOXYDECO contamos con una vasta experiencia en la construcci\u00f3n y cimentaci\u00f3n de proyectos de diversa envergadura. Nuestro equipo de expertos est\u00e1 capacitado para gestionar todas las fases de construcci\u00f3n, garantizando un trabajo de alta calidad y puntualidad en la entrega. Nuestros Servicios de Construcci\u00f3n y Cimentaci\u00f3n Construcci\u00f3n General Cimentaci\u00f3n Ampliaciones<\/p>\n","protected":false},"author":1,"featured_media":0,"parent":0,"menu_order":0,"comment_status":"closed","ping_status":"closed","template":"","meta":{"_gspb_post_css":".gspb_container-id-gsbp-9f1cdac{flex-direction:column;box-sizing:border-box}#gspb_container-id-gsbp-9f1cdac.gspb_container>p:last-of-type{margin-bottom:0}.gspb_container{position:relative}#gspb_container-id-gsbp-9f1cdac.gspb_container{background-image:linear-gradient(to top,#d5d4d0 0,#d5d4d0 1%,#eeeeec 31%,#efeeec 75%,#e9e9e7 100%);transition-duration:.8s;transition-timing-function:ease;opacity:0;transition-property:opacity,transform;transform:translate3d(-60px,0,0) scale(1.2)}#gspb_container-id-gsbp-9f1cdac.gspb_container.aos-animate,#gspb_container-id-gsbp-9f1cdac.gspb_container[data-gs-aos]{opacity:1;transform:translateZ(0) scale(1)}","_vp_format_video_url":"","_vp_image_focal_point":[],"footnotes":""},"class_list":["post-3501","page","type-page","status-publish","hentry"],"blocksy_meta":{"has_hero_section":"enabled","hero_elements":[{"id":"custom_title","enabled":false,"heading_tag":"h1","title":"Inicio","__id":"W-4mwob3nCDZfIqSCOJSk"},{"id":"custom_description","enabled":true,"description_visibility":{"desktop":true,"tablet":true,"mobile":false},"__id":"nN_4EmFqGffHseTmio0XS"},{"id":"custom_meta","enabled":false,"meta_elements":[{"id":"author","enabled":true,"label":"Por","has_author_avatar":"yes","avatar_size":25},{"id":"post_date","enabled":true,"label":"El","date_format_source":"default","date_format":"M j, Y"},{"id":"updated_date","enabled":false,"label":"El","date_format_source":"default","date_format":"M j, Y"},{"id":"categories","enabled":false,"label":"Dentro","style":"simple"},{"id":"comments","enabled":true}],"page_meta_elements":{"joined":true,"articles_count":true,"comments":true},"__id":"CNJ8REM3DOItJ7UrNBh8L"},{"id":"breadcrumbs","enabled":false,"__id":"cGZc7l5G89qPl9jvxm15z"}],"vertical_spacing_source":"custom","content_area_spacing":"none","styles_descriptor":{"styles":{"desktop":"[data-prefix=\"single_page\"] .entry-header .page-title {--theme-font-size:30px;} [data-prefix=\"single_page\"] .entry-header .entry-meta {--theme-font-weight:600;--theme-text-transform:uppercase;--theme-font-size:12px;--theme-line-height:1.3;}","tablet":"","mobile":""},"google_fonts":[],"version":6}},"yoast_head":"<!-- This site is optimized with the Yoast SEO plugin v27.6 - https:\/\/yoast.com\/product\/yoast-seo-wordpress\/ -->\n<title>CONSTRUCCI\u00d3N Y CIMENTACI\u00d3N | REPOXYDECO<\/title>\n<meta name=\"description\" content=\"REPOXYDECO Contamos con una vasta experiencia en la construcci\u00f3n y cimentaci\u00f3n de proyectos de diversa envergadura. Nuestro equipo de expertos est\u00e1 capacitado para gestionar todas las fases de construcci\u00f3n, garantizando un trabajo de alta calidad\" \/>\n<meta name=\"robots\" content=\"index, follow, max-snippet:-1, max-image-preview:large, max-video-preview:-1\" \/>\n<link rel=\"canonical\" href=\"https:\/\/repoxydeco.com\/index.php\/construccion-y-cimentacion\/\" \/>\n<meta property=\"og:locale\" content=\"es_MX\" \/>\n<meta property=\"og:type\" content=\"article\" \/>\n<meta property=\"og:title\" content=\"CONSTRUCCI\u00d3N Y CIMENTACI\u00d3N | REPOXYDECO\" \/>\n<meta property=\"og:description\" content=\"REPOXYDECO Contamos con una vasta experiencia en la construcci\u00f3n y cimentaci\u00f3n de proyectos de diversa envergadura. Nuestro equipo de expertos est\u00e1 capacitado para gestionar todas las fases de construcci\u00f3n, garantizando un trabajo de alta calidad\" \/>\n<meta property=\"og:url\" content=\"https:\/\/repoxydeco.com\/index.php\/construccion-y-cimentacion\/\" \/>\n<meta property=\"og:site_name\" content=\"REPOXYDECO\" \/>\n<meta property=\"article:modified_time\" content=\"2024-06-12T23:40:22+00:00\" \/>\n<meta property=\"og:image\" content=\"https:\/\/repoxydeco.com\/wp-content\/uploads\/2024\/05\/REPOXYDECO-CIMENTACION-INDUSTRIAL-MEXICO-748x1024.png\" \/>\n<meta name=\"twitter:card\" content=\"summary_large_image\" \/>\n<meta name=\"twitter:label1\" content=\"Tiempo de lectura\" \/>\n\t<meta name=\"twitter:data1\" content=\"2 minutos\" \/>\n<script type=\"application\/ld+json\" class=\"yoast-schema-graph\">{\"@context\":\"https:\\\/\\\/schema.org\",\"@graph\":[{\"@type\":\"WebPage\",\"@id\":\"https:\\\/\\\/repoxydeco.com\\\/index.php\\\/construccion-y-cimentacion\\\/\",\"url\":\"https:\\\/\\\/repoxydeco.com\\\/index.php\\\/construccion-y-cimentacion\\\/\",\"name\":\"CONSTRUCCI\u00d3N Y CIMENTACI\u00d3N | REPOXYDECO\",\"isPartOf\":{\"@id\":\"https:\\\/\\\/repoxydeco.com\\\/#website\"},\"primaryImageOfPage\":{\"@id\":\"https:\\\/\\\/repoxydeco.com\\\/index.php\\\/construccion-y-cimentacion\\\/#primaryimage\"},\"image\":{\"@id\":\"https:\\\/\\\/repoxydeco.com\\\/index.php\\\/construccion-y-cimentacion\\\/#primaryimage\"},\"thumbnailUrl\":\"https:\\\/\\\/repoxydeco.com\\\/wp-content\\\/uploads\\\/2024\\\/05\\\/REPOXYDECO-CIMENTACION-INDUSTRIAL-MEXICO-748x1024.png\",\"datePublished\":\"2024-05-18T17:07:42+00:00\",\"dateModified\":\"2024-06-12T23:40:22+00:00\",\"description\":\"REPOXYDECO Contamos con una vasta experiencia en la construcci\u00f3n y cimentaci\u00f3n de proyectos de diversa envergadura. Nuestro equipo de expertos est\u00e1 capacitado para gestionar todas las fases de construcci\u00f3n, garantizando un trabajo de alta calidad\",\"breadcrumb\":{\"@id\":\"https:\\\/\\\/repoxydeco.com\\\/index.php\\\/construccion-y-cimentacion\\\/#breadcrumb\"},\"inLanguage\":\"es\",\"potentialAction\":[{\"@type\":\"ReadAction\",\"target\":[\"https:\\\/\\\/repoxydeco.com\\\/index.php\\\/construccion-y-cimentacion\\\/\"]}]},{\"@type\":\"ImageObject\",\"inLanguage\":\"es\",\"@id\":\"https:\\\/\\\/repoxydeco.com\\\/index.php\\\/construccion-y-cimentacion\\\/#primaryimage\",\"url\":\"https:\\\/\\\/repoxydeco.com\\\/wp-content\\\/uploads\\\/2024\\\/05\\\/REPOXYDECO-CIMENTACION-INDUSTRIAL-MEXICO.png\",\"contentUrl\":\"https:\\\/\\\/repoxydeco.com\\\/wp-content\\\/uploads\\\/2024\\\/05\\\/REPOXYDECO-CIMENTACION-INDUSTRIAL-MEXICO.png\",\"width\":821,\"height\":1124},{\"@type\":\"BreadcrumbList\",\"@id\":\"https:\\\/\\\/repoxydeco.com\\\/index.php\\\/construccion-y-cimentacion\\\/#breadcrumb\",\"itemListElement\":[{\"@type\":\"ListItem\",\"position\":1,\"name\":\"Inicio\",\"item\":\"https:\\\/\\\/repoxydeco.com\\\/\"},{\"@type\":\"ListItem\",\"position\":2,\"name\":\"CONSTRUCCI\u00d3N Y CIMENTACI\u00d3N\"}]},{\"@type\":\"WebSite\",\"@id\":\"https:\\\/\\\/repoxydeco.com\\\/#website\",\"url\":\"https:\\\/\\\/repoxydeco.com\\\/\",\"name\":\"REPOXYDECO\",\"description\":\"RECUBRIMIENTOS EP\u00d3XICOS Y DECORATIVOS\",\"publisher\":{\"@id\":\"https:\\\/\\\/repoxydeco.com\\\/#organization\"},\"alternateName\":\"REPOXYDECO RECUBRIMIENTOS EP\u00d3XICOS Y DECORATIVOS\",\"potentialAction\":[{\"@type\":\"SearchAction\",\"target\":{\"@type\":\"EntryPoint\",\"urlTemplate\":\"https:\\\/\\\/repoxydeco.com\\\/?s={search_term_string}\"},\"query-input\":{\"@type\":\"PropertyValueSpecification\",\"valueRequired\":true,\"valueName\":\"search_term_string\"}}],\"inLanguage\":\"es\"},{\"@type\":\"Organization\",\"@id\":\"https:\\\/\\\/repoxydeco.com\\\/#organization\",\"name\":\"REPOXYDECO\",\"alternateName\":\"PISOS EP\u00d3XICOS INDUSTRIALES Y RESIDENCIALES M\u00c9XICO\",\"url\":\"https:\\\/\\\/repoxydeco.com\\\/\",\"logo\":{\"@type\":\"ImageObject\",\"inLanguage\":\"es\",\"@id\":\"https:\\\/\\\/repoxydeco.com\\\/#\\\/schema\\\/logo\\\/image\\\/\",\"url\":\"https:\\\/\\\/repoxydeco.com\\\/wp-content\\\/uploads\\\/2024\\\/06\\\/Logo-REPOXYDECO-PNG-Blanco.png\",\"contentUrl\":\"https:\\\/\\\/repoxydeco.com\\\/wp-content\\\/uploads\\\/2024\\\/06\\\/Logo-REPOXYDECO-PNG-Blanco.png\",\"width\":555,\"height\":87,\"caption\":\"REPOXYDECO\"},\"image\":{\"@id\":\"https:\\\/\\\/repoxydeco.com\\\/#\\\/schema\\\/logo\\\/image\\\/\"}}]}<\/script>\n<!-- \/ Yoast SEO plugin. -->","yoast_head_json":{"title":"CONSTRUCCI\u00d3N Y CIMENTACI\u00d3N | REPOXYDECO","description":"REPOXYDECO Contamos con una vasta experiencia en la construcci\u00f3n y cimentaci\u00f3n de proyectos de diversa envergadura. Nuestro equipo de expertos est\u00e1 capacitado para gestionar todas las fases de construcci\u00f3n, garantizando un trabajo de alta calidad","robots":{"index":"index","follow":"follow","max-snippet":"max-snippet:-1","max-image-preview":"max-image-preview:large","max-video-preview":"max-video-preview:-1"},"canonical":"https:\/\/repoxydeco.com\/index.php\/construccion-y-cimentacion\/","og_locale":"es_MX","og_type":"article","og_title":"CONSTRUCCI\u00d3N Y CIMENTACI\u00d3N | REPOXYDECO","og_description":"REPOXYDECO Contamos con una vasta experiencia en la construcci\u00f3n y cimentaci\u00f3n de proyectos de diversa envergadura. Nuestro equipo de expertos est\u00e1 capacitado para gestionar todas las fases de construcci\u00f3n, garantizando un trabajo de alta calidad","og_url":"https:\/\/repoxydeco.com\/index.php\/construccion-y-cimentacion\/","og_site_name":"REPOXYDECO","article_modified_time":"2024-06-12T23:40:22+00:00","og_image":[{"url":"https:\/\/repoxydeco.com\/wp-content\/uploads\/2024\/05\/REPOXYDECO-CIMENTACION-INDUSTRIAL-MEXICO-748x1024.png","type":"","width":"","height":""}],"twitter_card":"summary_large_image","twitter_misc":{"Tiempo de lectura":"2 minutos"},"schema":{"@context":"https:\/\/schema.org","@graph":[{"@type":"WebPage","@id":"https:\/\/repoxydeco.com\/index.php\/construccion-y-cimentacion\/","url":"https:\/\/repoxydeco.com\/index.php\/construccion-y-cimentacion\/","name":"CONSTRUCCI\u00d3N Y CIMENTACI\u00d3N | REPOXYDECO","isPartOf":{"@id":"https:\/\/repoxydeco.com\/#website"},"primaryImageOfPage":{"@id":"https:\/\/repoxydeco.com\/index.php\/construccion-y-cimentacion\/#primaryimage"},"image":{"@id":"https:\/\/repoxydeco.com\/index.php\/construccion-y-cimentacion\/#primaryimage"},"thumbnailUrl":"https:\/\/repoxydeco.com\/wp-content\/uploads\/2024\/05\/REPOXYDECO-CIMENTACION-INDUSTRIAL-MEXICO-748x1024.png","datePublished":"2024-05-18T17:07:42+00:00","dateModified":"2024-06-12T23:40:22+00:00","description":"REPOXYDECO Contamos con una vasta experiencia en la construcci\u00f3n y cimentaci\u00f3n de proyectos de diversa envergadura. Nuestro equipo de expertos est\u00e1 capacitado para gestionar todas las fases de construcci\u00f3n, garantizando un trabajo de alta calidad","breadcrumb":{"@id":"https:\/\/repoxydeco.com\/index.php\/construccion-y-cimentacion\/#breadcrumb"},"inLanguage":"es","potentialAction":[{"@type":"ReadAction","target":["https:\/\/repoxydeco.com\/index.php\/construccion-y-cimentacion\/"]}]},{"@type":"ImageObject","inLanguage":"es","@id":"https:\/\/repoxydeco.com\/index.php\/construccion-y-cimentacion\/#primaryimage","url":"https:\/\/repoxydeco.com\/wp-content\/uploads\/2024\/05\/REPOXYDECO-CIMENTACION-INDUSTRIAL-MEXICO.png","contentUrl":"https:\/\/repoxydeco.com\/wp-content\/uploads\/2024\/05\/REPOXYDECO-CIMENTACION-INDUSTRIAL-MEXICO.png","width":821,"height":1124},{"@type":"BreadcrumbList","@id":"https:\/\/repoxydeco.com\/index.php\/construccion-y-cimentacion\/#breadcrumb","itemListElement":[{"@type":"ListItem","position":1,"name":"Inicio","item":"https:\/\/repoxydeco.com\/"},{"@type":"ListItem","position":2,"name":"CONSTRUCCI\u00d3N Y CIMENTACI\u00d3N"}]},{"@type":"WebSite","@id":"https:\/\/repoxydeco.com\/#website","url":"https:\/\/repoxydeco.com\/","name":"REPOXYDECO","description":"RECUBRIMIENTOS EP\u00d3XICOS Y DECORATIVOS","publisher":{"@id":"https:\/\/repoxydeco.com\/#organization"},"alternateName":"REPOXYDECO RECUBRIMIENTOS EP\u00d3XICOS Y DECORATIVOS","potentialAction":[{"@type":"SearchAction","target":{"@type":"EntryPoint","urlTemplate":"https:\/\/repoxydeco.com\/?s={search_term_string}"},"query-input":{"@type":"PropertyValueSpecification","valueRequired":true,"valueName":"search_term_string"}}],"inLanguage":"es"},{"@type":"Organization","@id":"https:\/\/repoxydeco.com\/#organization","name":"REPOXYDECO","alternateName":"PISOS EP\u00d3XICOS INDUSTRIALES Y RESIDENCIALES M\u00c9XICO","url":"https:\/\/repoxydeco.com\/","logo":{"@type":"ImageObject","inLanguage":"es","@id":"https:\/\/repoxydeco.com\/#\/schema\/logo\/image\/","url":"https:\/\/repoxydeco.com\/wp-content\/uploads\/2024\/06\/Logo-REPOXYDECO-PNG-Blanco.png","contentUrl":"https:\/\/repoxydeco.com\/wp-content\/uploads\/2024\/06\/Logo-REPOXYDECO-PNG-Blanco.png","width":555,"height":87,"caption":"REPOXYDECO"},"image":{"@id":"https:\/\/repoxydeco.com\/#\/schema\/logo\/image\/"}}]}},"_links":{"self":[{"href":"https:\/\/repoxydeco.com\/index.php\/wp-json\/wp\/v2\/pages\/3501","targetHints":{"allow":["GET"]}}],"collection":[{"href":"https:\/\/repoxydeco.com\/index.php\/wp-json\/wp\/v2\/pages"}],"about":[{"href":"https:\/\/repoxydeco.com\/index.php\/wp-json\/wp\/v2\/types\/page"}],"author":[{"embeddable":true,"href":"https:\/\/repoxydeco.com\/index.php\/wp-json\/wp\/v2\/users\/1"}],"replies":[{"embeddable":true,"href":"https:\/\/repoxydeco.com\/index.php\/wp-json\/wp\/v2\/comments?post=3501"}],"version-history":[{"count":27,"href":"https:\/\/repoxydeco.com\/index.php\/wp-json\/wp\/v2\/pages\/3501\/revisions"}],"predecessor-version":[{"id":5496,"href":"https:\/\/repoxydeco.com\/index.php\/wp-json\/wp\/v2\/pages\/3501\/revisions\/5496"}],"wp:attachment":[{"href":"https:\/\/repoxydeco.com\/index.php\/wp-json\/wp\/v2\/media?parent=3501"}],"curies":[{"name":"wp","href":"https:\/\/api.w.org\/{rel}","templated":true}]}}