{"id":3882,"date":"2024-05-20T05:48:26","date_gmt":"2024-05-20T05:48:26","guid":{"rendered":"https:\/\/repoxydeco.com\/?page_id=3882"},"modified":"2024-06-10T22:29:05","modified_gmt":"2024-06-10T22:29:05","slug":"yeso","status":"publish","type":"page","link":"https:\/\/repoxydeco.com\/index.php\/yeso\/","title":{"rendered":"YESO"},"content":{"rendered":"\n<div class=\"wp-block-greenshift-blocks-container alignfull gspb_container gspb_container-gsbp-9f1cdac\" id=\"gspb_container-id-gsbp-9f1cdac\" data-aos=\"zoom-out-right\" data-aos-easing=\"ease\" data-aos-duration=\"800\">\n<div class=\"wp-block-stackable-columns stk-block-columns stk-block stk-9229ebd\" data-block-id=\"9229ebd\"><style>.stk-9229ebd{padding-top:15px !important;padding-right:15px !important;padding-bottom:15px !important;padding-left:15px !important}<\/style><div class=\"stk-row stk-inner-blocks stk-block-content stk-content-align stk-9229ebd-column\">\n<div class=\"wp-block-stackable-column stk-block-column stk-column stk-block stk-7ed44e3\" data-v=\"4\" data-block-id=\"7ed44e3\"><div class=\"stk-column-wrapper stk-block-column__content stk-container stk-7ed44e3-container stk--no-background stk--no-padding\"><div class=\"stk-block-content stk-inner-blocks stk-7ed44e3-inner-blocks\">\n<div class=\"wp-block-stackable-heading stk-block-heading stk-block-heading--v2 stk-block stk-df14184\" id=\"span-style-color-a-50000-class-stk-highlight-aplicacion-de-yeso-span\" data-block-id=\"df14184\"><h1 class=\"stk-block-heading__text has-text-align-center\"><span style=\"color: #a50000;\" class=\"stk-highlight\">Aplicaci\u00f3n de Yeso<\/span><\/h1><\/div>\n<\/div><\/div><\/div>\n<\/div><\/div>\n<\/div>\n\n\n\n<div class=\"wp-block-columns is-layout-flex wp-container-core-columns-is-layout-28f84493 wp-block-columns-is-layout-flex\">\n<div class=\"wp-block-column is-layout-flow wp-block-column-is-layout-flow\">\n<h2 class=\"wp-block-heading has-text-align-center\" id=\"aplicacion-en-interiores\" style=\"font-size:clamp(24.034px, 1.502rem + ((1vw - 3.2px) * 1.247), 40px);\"><span style=\"color: #000000;\" class=\"stk-highlight\">Aplicaci\u00f3n en Interiores<\/span><\/h2>\n\n\n\n<ul class=\"wp-block-list\">\n<li><strong>Paredes de Tablaroca y Paneles de Yeso<\/strong>: Aplicaci\u00f3n de yeso en paredes de tablaroca para un acabado liso y uniforme.<\/li>\n\n\n\n<li><strong>Techos<\/strong>: Yeso proyectado o aplicado manualmente en techos para obtener una superficie suave y continua.<\/li>\n\n\n\n<li><strong>Muros de Alba\u00f1iler\u00eda<\/strong>: Revestimiento de muros de ladrillo, block o concreto con yeso para proporcionar una superficie lista para pintar o decorar.<\/li>\n\n\n\n<li><strong>Acabados Decorativos<\/strong>: Creaci\u00f3n de texturas y acabados decorativos personalizados, incluyendo molduras y detalles arquitect\u00f3nicos.<\/li>\n<\/ul>\n<\/div>\n\n\n\n<div class=\"wp-block-column is-layout-flow wp-block-column-is-layout-flow\">\n<h2 class=\"wp-block-heading has-text-align-center\" id=\"aplicacion-en-exteriores\" style=\"font-size:clamp(24.034px, 1.502rem + ((1vw - 3.2px) * 1.247), 40px);\"><span style=\"color: #000000;\" class=\"stk-highlight\">Aplicaci\u00f3n en Exteriores<\/span><\/h2>\n\n\n\n<ul class=\"wp-block-list\">\n<li><strong>Fachadas de Concreto o Ladrillo<\/strong>: Aplicaci\u00f3n de yeso en fachadas para mejorar la resistencia a la intemperie y proporcionar un acabado est\u00e9tico.<\/li>\n\n\n\n<li><strong>Superficies de Cemento<\/strong>: Preparaci\u00f3n y aplicaci\u00f3n de yeso en superficies de cemento para un acabado liso y uniforme.<\/li>\n\n\n\n<li><strong>Reparaci\u00f3n y Mantenimiento<\/strong>: Reparaci\u00f3n de yeso da\u00f1ado en exteriores, incluyendo la correcci\u00f3n de grietas y desportilladuras antes de la nueva aplicaci\u00f3n.<\/li>\n<\/ul>\n<\/div>\n<\/div>\n\n\n\n<div class=\"wp-block-buttons is-content-justification-center is-layout-flex wp-container-core-buttons-is-layout-a89b3969 wp-block-buttons-is-layout-flex\">\n<div class=\"wp-block-button\"><a class=\"wp-block-button__link wp-element-button\" href=\"https:\/\/repoxydeco.com\/index.php\/contacto\/\">Cont\u00e1ctanos<\/a><\/div>\n<\/div>\n\n\n\n<figure class=\"wp-block-gallery has-nested-images columns-default is-cropped wp-block-gallery-1 is-layout-flex wp-block-gallery-is-layout-flex\">\n<figure class=\"wp-block-image size-large\"><img loading=\"lazy\" decoding=\"async\" width=\"684\" height=\"1024\" data-id=\"3886\" src=\"https:\/\/repoxydeco.com\/wp-content\/uploads\/2024\/05\/REPOXYDECO-Aplicacion-de-yeso-684x1024.jpg\" alt=\"\" class=\"wp-image-3886\" srcset=\"https:\/\/repoxydeco.com\/wp-content\/uploads\/2024\/05\/REPOXYDECO-Aplicacion-de-yeso-684x1024.jpg 684w, https:\/\/repoxydeco.com\/wp-content\/uploads\/2024\/05\/REPOXYDECO-Aplicacion-de-yeso-200x300.jpg 200w, https:\/\/repoxydeco.com\/wp-content\/uploads\/2024\/05\/REPOXYDECO-Aplicacion-de-yeso-768x1150.jpg 768w, https:\/\/repoxydeco.com\/wp-content\/uploads\/2024\/05\/REPOXYDECO-Aplicacion-de-yeso-1025x1536.jpg 1025w, https:\/\/repoxydeco.com\/wp-content\/uploads\/2024\/05\/REPOXYDECO-Aplicacion-de-yeso-1367x2048.jpg 1367w, https:\/\/repoxydeco.com\/wp-content\/uploads\/2024\/05\/REPOXYDECO-Aplicacion-de-yeso-scaled.jpg 1709w\" sizes=\"auto, (max-width: 684px) 100vw, 684px\" \/><\/figure>\n\n\n\n<figure class=\"wp-block-image size-large\"><img loading=\"lazy\" decoding=\"async\" width=\"684\" height=\"1024\" data-id=\"3894\" src=\"https:\/\/repoxydeco.com\/wp-content\/uploads\/2024\/05\/REPOXYDECO-Aplicacion-de-yeso2-684x1024.jpg\" alt=\"\" class=\"wp-image-3894\" srcset=\"https:\/\/repoxydeco.com\/wp-content\/uploads\/2024\/05\/REPOXYDECO-Aplicacion-de-yeso2-684x1024.jpg 684w, https:\/\/repoxydeco.com\/wp-content\/uploads\/2024\/05\/REPOXYDECO-Aplicacion-de-yeso2-200x300.jpg 200w, https:\/\/repoxydeco.com\/wp-content\/uploads\/2024\/05\/REPOXYDECO-Aplicacion-de-yeso2-768x1150.jpg 768w, https:\/\/repoxydeco.com\/wp-content\/uploads\/2024\/05\/REPOXYDECO-Aplicacion-de-yeso2-1025x1536.jpg 1025w, https:\/\/repoxydeco.com\/wp-content\/uploads\/2024\/05\/REPOXYDECO-Aplicacion-de-yeso2-1367x2048.jpg 1367w, https:\/\/repoxydeco.com\/wp-content\/uploads\/2024\/05\/REPOXYDECO-Aplicacion-de-yeso2-scaled.jpg 1709w\" sizes=\"auto, (max-width: 684px) 100vw, 684px\" \/><\/figure>\n\n\n\n<figure class=\"wp-block-image size-large\"><img loading=\"lazy\" decoding=\"async\" width=\"684\" height=\"1024\" data-id=\"3893\" src=\"https:\/\/repoxydeco.com\/wp-content\/uploads\/2024\/05\/REPOXYDECO-Aplicacion-de-yeso1-684x1024.jpg\" alt=\"\" class=\"wp-image-3893\" srcset=\"https:\/\/repoxydeco.com\/wp-content\/uploads\/2024\/05\/REPOXYDECO-Aplicacion-de-yeso1-684x1024.jpg 684w, https:\/\/repoxydeco.com\/wp-content\/uploads\/2024\/05\/REPOXYDECO-Aplicacion-de-yeso1-200x300.jpg 200w, https:\/\/repoxydeco.com\/wp-content\/uploads\/2024\/05\/REPOXYDECO-Aplicacion-de-yeso1-768x1150.jpg 768w, https:\/\/repoxydeco.com\/wp-content\/uploads\/2024\/05\/REPOXYDECO-Aplicacion-de-yeso1-1025x1536.jpg 1025w, https:\/\/repoxydeco.com\/wp-content\/uploads\/2024\/05\/REPOXYDECO-Aplicacion-de-yeso1-1367x2048.jpg 1367w, https:\/\/repoxydeco.com\/wp-content\/uploads\/2024\/05\/REPOXYDECO-Aplicacion-de-yeso1-scaled.jpg 1709w\" sizes=\"auto, (max-width: 684px) 100vw, 684px\" \/><\/figure>\n<\/figure>\n","protected":false},"excerpt":{"rendered":"<p>Aplicaci\u00f3n en Interiores Aplicaci\u00f3n en Exteriores<\/p>\n","protected":false},"author":1,"featured_media":0,"parent":0,"menu_order":0,"comment_status":"closed","ping_status":"closed","template":"","meta":{"_gspb_post_css":".gspb_container-id-gsbp-9f1cdac{flex-direction:column;box-sizing:border-box}#gspb_container-id-gsbp-9f1cdac.gspb_container>p:last-of-type{margin-bottom:0}.gspb_container{position:relative}#gspb_container-id-gsbp-9f1cdac.gspb_container{background-image:linear-gradient(to top,#d5d4d0 0,#d5d4d0 1%,#eeeeec 31%,#efeeec 75%,#e9e9e7 100%);transition-duration:.8s;transition-timing-function:ease;opacity:0;transition-property:opacity,transform;transform:translate3d(-60px,0,0) scale(1.2)}#gspb_container-id-gsbp-9f1cdac.gspb_container.aos-animate,#gspb_container-id-gsbp-9f1cdac.gspb_container[data-gs-aos]{opacity:1;transform:translateZ(0) scale(1)}","_vp_format_video_url":"","_vp_image_focal_point":[],"footnotes":""},"class_list":["post-3882","page","type-page","status-publish","hentry"],"blocksy_meta":{"has_hero_section":"enabled","hero_elements":[{"id":"custom_title","enabled":false,"heading_tag":"h1","title":"Inicio","__id":"KSrslXhFNGnX8SfHkNhIi"},{"id":"custom_description","enabled":true,"description_visibility":{"desktop":true,"tablet":true,"mobile":false},"__id":"hbm_Xw4HSGN5rr8-rAKCX"},{"id":"custom_meta","enabled":false,"meta_elements":[{"id":"author","enabled":true,"label":"Por","has_author_avatar":"yes","avatar_size":25},{"id":"post_date","enabled":true,"label":"El","date_format_source":"default","date_format":"M j, Y"},{"id":"updated_date","enabled":false,"label":"El","date_format_source":"default","date_format":"M j, Y"},{"id":"categories","enabled":false,"label":"Dentro","style":"simple"},{"id":"comments","enabled":true}],"page_meta_elements":{"joined":true,"articles_count":true,"comments":true},"__id":"7NdAV_3iipFdWrfN28AFA"},{"id":"breadcrumbs","enabled":false,"__id":"nHJpy0NP7JM88OT7ENTMQ"}],"vertical_spacing_source":"custom","content_area_spacing":"bottom","styles_descriptor":{"styles":{"desktop":"[data-prefix=\"single_page\"] .entry-header .page-title {--theme-font-size:30px;} [data-prefix=\"single_page\"] .entry-header .entry-meta {--theme-font-weight:600;--theme-text-transform:uppercase;--theme-font-size:12px;--theme-line-height:1.3;}","tablet":"","mobile":""},"google_fonts":[],"version":6}},"yoast_head":"<!-- This site is optimized with the Yoast SEO plugin v27.6 - https:\/\/yoast.com\/product\/yoast-seo-wordpress\/ -->\n<title>YESO | REPOXYDECO<\/title>\n<meta name=\"description\" content=\"REPOXYDECO Aplicaci\u00f3n de yeso en paredes de tablaroca para un acabado liso y uniforme.Aplicaci\u00f3n de yeso en fachadas\" \/>\n<meta name=\"robots\" content=\"index, follow, max-snippet:-1, max-image-preview:large, max-video-preview:-1\" \/>\n<link rel=\"canonical\" href=\"https:\/\/repoxydeco.com\/index.php\/yeso\/\" \/>\n<meta property=\"og:locale\" content=\"es_MX\" \/>\n<meta property=\"og:type\" content=\"article\" \/>\n<meta property=\"og:title\" content=\"YESO | REPOXYDECO\" \/>\n<meta property=\"og:description\" content=\"REPOXYDECO Aplicaci\u00f3n de yeso en paredes de tablaroca para un acabado liso y uniforme.Aplicaci\u00f3n de yeso en fachadas\" \/>\n<meta property=\"og:url\" content=\"https:\/\/repoxydeco.com\/index.php\/yeso\/\" \/>\n<meta property=\"og:site_name\" content=\"REPOXYDECO\" \/>\n<meta property=\"article:modified_time\" content=\"2024-06-10T22:29:05+00:00\" \/>\n<meta property=\"og:image\" content=\"https:\/\/repoxydeco.com\/wp-content\/uploads\/2024\/05\/REPOXYDECO-Aplicacion-de-yeso-684x1024.jpg\" \/>\n<meta name=\"twitter:card\" content=\"summary_large_image\" \/>\n<meta name=\"twitter:label1\" content=\"Tiempo de lectura\" \/>\n\t<meta name=\"twitter:data1\" content=\"2 minutos\" \/>\n<script type=\"application\/ld+json\" class=\"yoast-schema-graph\">{\"@context\":\"https:\\\/\\\/schema.org\",\"@graph\":[{\"@type\":\"WebPage\",\"@id\":\"https:\\\/\\\/repoxydeco.com\\\/index.php\\\/yeso\\\/\",\"url\":\"https:\\\/\\\/repoxydeco.com\\\/index.php\\\/yeso\\\/\",\"name\":\"YESO | REPOXYDECO\",\"isPartOf\":{\"@id\":\"https:\\\/\\\/repoxydeco.com\\\/#website\"},\"primaryImageOfPage\":{\"@id\":\"https:\\\/\\\/repoxydeco.com\\\/index.php\\\/yeso\\\/#primaryimage\"},\"image\":{\"@id\":\"https:\\\/\\\/repoxydeco.com\\\/index.php\\\/yeso\\\/#primaryimage\"},\"thumbnailUrl\":\"https:\\\/\\\/repoxydeco.com\\\/wp-content\\\/uploads\\\/2024\\\/05\\\/REPOXYDECO-Aplicacion-de-yeso-684x1024.jpg\",\"datePublished\":\"2024-05-20T05:48:26+00:00\",\"dateModified\":\"2024-06-10T22:29:05+00:00\",\"description\":\"REPOXYDECO Aplicaci\u00f3n de yeso en paredes de tablaroca para un acabado liso y uniforme.Aplicaci\u00f3n de yeso en fachadas\",\"breadcrumb\":{\"@id\":\"https:\\\/\\\/repoxydeco.com\\\/index.php\\\/yeso\\\/#breadcrumb\"},\"inLanguage\":\"es\",\"potentialAction\":[{\"@type\":\"ReadAction\",\"target\":[\"https:\\\/\\\/repoxydeco.com\\\/index.php\\\/yeso\\\/\"]}]},{\"@type\":\"ImageObject\",\"inLanguage\":\"es\",\"@id\":\"https:\\\/\\\/repoxydeco.com\\\/index.php\\\/yeso\\\/#primaryimage\",\"url\":\"https:\\\/\\\/repoxydeco.com\\\/wp-content\\\/uploads\\\/2024\\\/05\\\/REPOXYDECO-Aplicacion-de-yeso-scaled.jpg\",\"contentUrl\":\"https:\\\/\\\/repoxydeco.com\\\/wp-content\\\/uploads\\\/2024\\\/05\\\/REPOXYDECO-Aplicacion-de-yeso-scaled.jpg\",\"width\":1709,\"height\":2560},{\"@type\":\"BreadcrumbList\",\"@id\":\"https:\\\/\\\/repoxydeco.com\\\/index.php\\\/yeso\\\/#breadcrumb\",\"itemListElement\":[{\"@type\":\"ListItem\",\"position\":1,\"name\":\"Inicio\",\"item\":\"https:\\\/\\\/repoxydeco.com\\\/\"},{\"@type\":\"ListItem\",\"position\":2,\"name\":\"YESO\"}]},{\"@type\":\"WebSite\",\"@id\":\"https:\\\/\\\/repoxydeco.com\\\/#website\",\"url\":\"https:\\\/\\\/repoxydeco.com\\\/\",\"name\":\"REPOXYDECO\",\"description\":\"RECUBRIMIENTOS EP\u00d3XICOS Y DECORATIVOS\",\"publisher\":{\"@id\":\"https:\\\/\\\/repoxydeco.com\\\/#organization\"},\"alternateName\":\"REPOXYDECO RECUBRIMIENTOS EP\u00d3XICOS Y DECORATIVOS\",\"potentialAction\":[{\"@type\":\"SearchAction\",\"target\":{\"@type\":\"EntryPoint\",\"urlTemplate\":\"https:\\\/\\\/repoxydeco.com\\\/?s={search_term_string}\"},\"query-input\":{\"@type\":\"PropertyValueSpecification\",\"valueRequired\":true,\"valueName\":\"search_term_string\"}}],\"inLanguage\":\"es\"},{\"@type\":\"Organization\",\"@id\":\"https:\\\/\\\/repoxydeco.com\\\/#organization\",\"name\":\"REPOXYDECO\",\"alternateName\":\"PISOS EP\u00d3XICOS INDUSTRIALES Y RESIDENCIALES M\u00c9XICO\",\"url\":\"https:\\\/\\\/repoxydeco.com\\\/\",\"logo\":{\"@type\":\"ImageObject\",\"inLanguage\":\"es\",\"@id\":\"https:\\\/\\\/repoxydeco.com\\\/#\\\/schema\\\/logo\\\/image\\\/\",\"url\":\"https:\\\/\\\/repoxydeco.com\\\/wp-content\\\/uploads\\\/2024\\\/06\\\/Logo-REPOXYDECO-PNG-Blanco.png\",\"contentUrl\":\"https:\\\/\\\/repoxydeco.com\\\/wp-content\\\/uploads\\\/2024\\\/06\\\/Logo-REPOXYDECO-PNG-Blanco.png\",\"width\":555,\"height\":87,\"caption\":\"REPOXYDECO\"},\"image\":{\"@id\":\"https:\\\/\\\/repoxydeco.com\\\/#\\\/schema\\\/logo\\\/image\\\/\"}}]}<\/script>\n<!-- \/ Yoast SEO plugin. -->","yoast_head_json":{"title":"YESO | REPOXYDECO","description":"REPOXYDECO Aplicaci\u00f3n de yeso en paredes de tablaroca para un acabado liso y uniforme.Aplicaci\u00f3n de yeso en fachadas","robots":{"index":"index","follow":"follow","max-snippet":"max-snippet:-1","max-image-preview":"max-image-preview:large","max-video-preview":"max-video-preview:-1"},"canonical":"https:\/\/repoxydeco.com\/index.php\/yeso\/","og_locale":"es_MX","og_type":"article","og_title":"YESO | REPOXYDECO","og_description":"REPOXYDECO Aplicaci\u00f3n de yeso en paredes de tablaroca para un acabado liso y uniforme.Aplicaci\u00f3n de yeso en fachadas","og_url":"https:\/\/repoxydeco.com\/index.php\/yeso\/","og_site_name":"REPOXYDECO","article_modified_time":"2024-06-10T22:29:05+00:00","og_image":[{"url":"https:\/\/repoxydeco.com\/wp-content\/uploads\/2024\/05\/REPOXYDECO-Aplicacion-de-yeso-684x1024.jpg","type":"","width":"","height":""}],"twitter_card":"summary_large_image","twitter_misc":{"Tiempo de lectura":"2 minutos"},"schema":{"@context":"https:\/\/schema.org","@graph":[{"@type":"WebPage","@id":"https:\/\/repoxydeco.com\/index.php\/yeso\/","url":"https:\/\/repoxydeco.com\/index.php\/yeso\/","name":"YESO | REPOXYDECO","isPartOf":{"@id":"https:\/\/repoxydeco.com\/#website"},"primaryImageOfPage":{"@id":"https:\/\/repoxydeco.com\/index.php\/yeso\/#primaryimage"},"image":{"@id":"https:\/\/repoxydeco.com\/index.php\/yeso\/#primaryimage"},"thumbnailUrl":"https:\/\/repoxydeco.com\/wp-content\/uploads\/2024\/05\/REPOXYDECO-Aplicacion-de-yeso-684x1024.jpg","datePublished":"2024-05-20T05:48:26+00:00","dateModified":"2024-06-10T22:29:05+00:00","description":"REPOXYDECO Aplicaci\u00f3n de yeso en paredes de tablaroca para un acabado liso y uniforme.Aplicaci\u00f3n de yeso en fachadas","breadcrumb":{"@id":"https:\/\/repoxydeco.com\/index.php\/yeso\/#breadcrumb"},"inLanguage":"es","potentialAction":[{"@type":"ReadAction","target":["https:\/\/repoxydeco.com\/index.php\/yeso\/"]}]},{"@type":"ImageObject","inLanguage":"es","@id":"https:\/\/repoxydeco.com\/index.php\/yeso\/#primaryimage","url":"https:\/\/repoxydeco.com\/wp-content\/uploads\/2024\/05\/REPOXYDECO-Aplicacion-de-yeso-scaled.jpg","contentUrl":"https:\/\/repoxydeco.com\/wp-content\/uploads\/2024\/05\/REPOXYDECO-Aplicacion-de-yeso-scaled.jpg","width":1709,"height":2560},{"@type":"BreadcrumbList","@id":"https:\/\/repoxydeco.com\/index.php\/yeso\/#breadcrumb","itemListElement":[{"@type":"ListItem","position":1,"name":"Inicio","item":"https:\/\/repoxydeco.com\/"},{"@type":"ListItem","position":2,"name":"YESO"}]},{"@type":"WebSite","@id":"https:\/\/repoxydeco.com\/#website","url":"https:\/\/repoxydeco.com\/","name":"REPOXYDECO","description":"RECUBRIMIENTOS EP\u00d3XICOS Y DECORATIVOS","publisher":{"@id":"https:\/\/repoxydeco.com\/#organization"},"alternateName":"REPOXYDECO RECUBRIMIENTOS EP\u00d3XICOS Y DECORATIVOS","potentialAction":[{"@type":"SearchAction","target":{"@type":"EntryPoint","urlTemplate":"https:\/\/repoxydeco.com\/?s={search_term_string}"},"query-input":{"@type":"PropertyValueSpecification","valueRequired":true,"valueName":"search_term_string"}}],"inLanguage":"es"},{"@type":"Organization","@id":"https:\/\/repoxydeco.com\/#organization","name":"REPOXYDECO","alternateName":"PISOS EP\u00d3XICOS INDUSTRIALES Y RESIDENCIALES M\u00c9XICO","url":"https:\/\/repoxydeco.com\/","logo":{"@type":"ImageObject","inLanguage":"es","@id":"https:\/\/repoxydeco.com\/#\/schema\/logo\/image\/","url":"https:\/\/repoxydeco.com\/wp-content\/uploads\/2024\/06\/Logo-REPOXYDECO-PNG-Blanco.png","contentUrl":"https:\/\/repoxydeco.com\/wp-content\/uploads\/2024\/06\/Logo-REPOXYDECO-PNG-Blanco.png","width":555,"height":87,"caption":"REPOXYDECO"},"image":{"@id":"https:\/\/repoxydeco.com\/#\/schema\/logo\/image\/"}}]}},"_links":{"self":[{"href":"https:\/\/repoxydeco.com\/index.php\/wp-json\/wp\/v2\/pages\/3882","targetHints":{"allow":["GET"]}}],"collection":[{"href":"https:\/\/repoxydeco.com\/index.php\/wp-json\/wp\/v2\/pages"}],"about":[{"href":"https:\/\/repoxydeco.com\/index.php\/wp-json\/wp\/v2\/types\/page"}],"author":[{"embeddable":true,"href":"https:\/\/repoxydeco.com\/index.php\/wp-json\/wp\/v2\/users\/1"}],"replies":[{"embeddable":true,"href":"https:\/\/repoxydeco.com\/index.php\/wp-json\/wp\/v2\/comments?post=3882"}],"version-history":[{"count":9,"href":"https:\/\/repoxydeco.com\/index.php\/wp-json\/wp\/v2\/pages\/3882\/revisions"}],"predecessor-version":[{"id":5296,"href":"https:\/\/repoxydeco.com\/index.php\/wp-json\/wp\/v2\/pages\/3882\/revisions\/5296"}],"wp:attachment":[{"href":"https:\/\/repoxydeco.com\/index.php\/wp-json\/wp\/v2\/media?parent=3882"}],"curies":[{"name":"wp","href":"https:\/\/api.w.org\/{rel}","templated":true}]}}