{"id":3908,"date":"2024-05-20T06:21:01","date_gmt":"2024-05-20T06:21:01","guid":{"rendered":"https:\/\/repoxydeco.com\/?page_id=3908"},"modified":"2024-06-12T23:44:04","modified_gmt":"2024-06-12T23:44:04","slug":"liso-sanitario-epoxico","status":"publish","type":"page","link":"https:\/\/repoxydeco.com\/index.php\/liso-sanitario-epoxico\/","title":{"rendered":"LISO SANITARIO EP\u00d3XICO"},"content":{"rendered":"\n<div class=\"wp-block-greenshift-blocks-container alignfull gspb_container gspb_container-gsbp-9f1cdac\" id=\"gspb_container-id-gsbp-9f1cdac\" data-aos=\"zoom-out-right\" data-aos-easing=\"ease\" data-aos-duration=\"800\">\n<div class=\"wp-block-stackable-columns stk-block-columns stk-block stk-9229ebd\" data-block-id=\"9229ebd\"><style>.stk-9229ebd{padding-top:15px !important;padding-right:15px !important;padding-bottom:15px !important;padding-left:15px !important}<\/style><div class=\"stk-row stk-inner-blocks stk-block-content stk-content-align stk-9229ebd-column\">\n<div class=\"wp-block-stackable-column stk-block-column stk-column stk-block stk-7ed44e3\" data-v=\"4\" data-block-id=\"7ed44e3\"><div class=\"stk-column-wrapper stk-block-column__content stk-container stk-7ed44e3-container stk--no-background stk--no-padding\"><div class=\"stk-block-content stk-inner-blocks stk-7ed44e3-inner-blocks\">\n<div class=\"wp-block-stackable-heading stk-block-heading stk-block-heading--v2 stk-block stk-df14184\" id=\"span-style-color-a-50000-class-stk-highlight-liso-sanitario-epoxico-span\" data-block-id=\"df14184\"><style>@media screen and (max-width:689px){.stk-df14184 .stk-block-heading__text{font-size:25px !important}}<\/style><h1 class=\"stk-block-heading__text has-text-align-center\"><span style=\"color: #a50000;\" class=\"stk-highlight\">LISO SANITARIO EP\u00d3XICO<\/span><\/h1><\/div>\n<\/div><\/div><\/div>\n<\/div><\/div>\n<\/div>\n\n\n\n<div class=\"wp-block-columns is-layout-flex wp-container-core-columns-is-layout-28f84493 wp-block-columns-is-layout-flex\">\n<div class=\"wp-block-column is-layout-flow wp-block-column-is-layout-flow\">\n<figure class=\"wp-block-image aligncenter size-full is-resized\"><img loading=\"lazy\" decoding=\"async\" width=\"1280\" height=\"720\" src=\"https:\/\/repoxydeco.com\/wp-content\/uploads\/2024\/06\/REPOXYDECO-LISO-SANITARIO-1.jpg\" alt=\"\" class=\"wp-image-4992\" style=\"width:474px;height:auto\" srcset=\"https:\/\/repoxydeco.com\/wp-content\/uploads\/2024\/06\/REPOXYDECO-LISO-SANITARIO-1.jpg 1280w, https:\/\/repoxydeco.com\/wp-content\/uploads\/2024\/06\/REPOXYDECO-LISO-SANITARIO-1-300x169.jpg 300w, https:\/\/repoxydeco.com\/wp-content\/uploads\/2024\/06\/REPOXYDECO-LISO-SANITARIO-1-1024x576.jpg 1024w, https:\/\/repoxydeco.com\/wp-content\/uploads\/2024\/06\/REPOXYDECO-LISO-SANITARIO-1-768x432.jpg 768w, https:\/\/repoxydeco.com\/wp-content\/uploads\/2024\/06\/REPOXYDECO-LISO-SANITARIO-1-500x281.jpg 500w, https:\/\/repoxydeco.com\/wp-content\/uploads\/2024\/06\/REPOXYDECO-LISO-SANITARIO-1-800x450.jpg 800w\" sizes=\"auto, (max-width: 1280px) 100vw, 1280px\" \/><\/figure>\n<\/div>\n\n\n\n<div class=\"wp-block-column is-layout-flow wp-block-column-is-layout-flow\">\n<div class=\"wp-block-stackable-heading stk-block-heading stk-block-heading--v2 stk-block stk-5fbd5cf\" id=\"span-style-color-000000-class-stk-highlight-sistema-de-liso-sanitario-repoxydeco-span\" data-block-id=\"5fbd5cf\"><style>@media screen and (max-width:689px){.stk-5fbd5cf .stk-block-heading__text{font-size:20px !important}}<\/style><h2 class=\"stk-block-heading__text has-text-align-center\"><span style=\"color: #000000;\" class=\"stk-highlight\">Sistema de Liso Sanitario REPOXYDECO<\/span><\/h2><\/div>\n\n\n\n<p>Nuestro recubrimiento es de alta resistencia, esta dise\u00f1ado espec\u00edficamente para entornos donde se requieren altos est\u00e1ndares de higiene y durabilidad. Este sistema ep\u00f3xico proporciona una superficie lisa, sin juntas, f\u00e1cil de limpiar y con propiedades antimicrobianas.<\/p>\n\n\n\n<div class=\"wp-block-buttons is-content-justification-center is-layout-flex wp-container-core-buttons-is-layout-a89b3969 wp-block-buttons-is-layout-flex\">\n<div class=\"wp-block-button\"><a class=\"wp-block-button__link wp-element-button\" href=\"https:\/\/repoxydeco.com\/index.php\/contacto\/\">cont\u00e1ctanos<\/a><\/div>\n<\/div>\n<\/div>\n<\/div>\n\n\n\n<div class=\"wp-block-stackable-spacer stk-block-spacer stk--no-padding stk-block stk-2a00e2d\" data-block-id=\"2a00e2d\"><\/div>\n\n\n\n<div class=\"wp-block-columns is-layout-flex wp-container-core-columns-is-layout-28f84493 wp-block-columns-is-layout-flex\">\n<div class=\"wp-block-column is-layout-flow wp-block-column-is-layout-flow\">\n<div class=\"wp-block-stackable-heading stk-block-heading stk-block-heading--v2 stk-block stk-bc40033\" id=\"strong-span-style-color-000000-class-stk-highlight-propiedades-y-beneficios-del-liso-sanitario-span-strong\" data-block-id=\"bc40033\"><style>@media screen and (max-width:689px){.stk-bc40033 .stk-block-heading__text{font-size:20px !important}}<\/style><h2 class=\"stk-block-heading__text has-text-align-center\"><strong><span style=\"color: #000000;\" class=\"stk-highlight\">Propiedades y Beneficios del Liso Sanitario<\/span><\/strong><\/h2><\/div>\n\n\n\n<ul class=\"wp-block-list\">\n<li><strong>Alta Resistencia Mec\u00e1nica<\/strong>: Soporta tr\u00e1fico pesado y uso constante.<\/li>\n\n\n\n<li><strong>Durabilidad<\/strong>: Excelente resistencia al desgaste y a los productos qu\u00edmicos.<\/li>\n\n\n\n<li><strong>Propiedades Antimicrobianas<\/strong>: Inhibe el crecimiento de bacterias y hongos.<\/li>\n\n\n\n<li><strong>F\u00e1cil de Limpiar<\/strong>: Superficie lisa y sin porosidades que facilita la limpieza y el mantenimiento.<\/li>\n\n\n\n<li><strong>Resistencia Qu\u00edmica<\/strong>: Resistente a una amplia gama de productos qu\u00edmicos y agentes de limpieza.<\/li>\n\n\n\n<li><strong>Impermeabilidad<\/strong>: Crea una barrera impermeable que protege contra la penetraci\u00f3n de l\u00edquidos.<\/li>\n<\/ul>\n<\/div>\n\n\n\n<div class=\"wp-block-column is-layout-flow wp-block-column-is-layout-flow\">\n<div class=\"wp-block-stackable-heading stk-block-heading stk-block-heading--v2 stk-block stk-9ca6e72\" id=\"strong-span-style-color-000000-class-stk-highlight-donde-se-puede-aplicar-el-liso-sanitario-span-strong\" data-block-id=\"9ca6e72\"><style>@media screen and (max-width:689px){.stk-9ca6e72 .stk-block-heading__text{font-size:20px !important}}<\/style><h2 class=\"stk-block-heading__text has-text-align-center\"><strong><span style=\"color: #000000;\" class=\"stk-highlight\">\u00bfD\u00f3nde se puede aplicar el liso sanitario?<\/span><\/strong><\/h2><\/div>\n\n\n\n<ul class=\"wp-block-list\">\n<li>Hospitales y Cl\u00ednicas<\/li>\n\n\n\n<li>Laboratorios<\/li>\n\n\n\n<li>Industria Alimentaria<\/li>\n\n\n\n<li>\u00c1reas de Procesamiento de Alimentos y Bebidas<\/li>\n\n\n\n<li>Farmac\u00e9uticas<\/li>\n\n\n\n<li>Instalaciones de Alta Higiene<\/li>\n<\/ul>\n<\/div>\n<\/div>\n\n\n\n<div class=\"wp-block-stackable-spacer stk-block-spacer stk--no-padding stk-block stk-5ef7bc6\" data-block-id=\"5ef7bc6\"><\/div>\n\n\n\n<figure class=\"wp-block-gallery has-nested-images columns-3 is-cropped wp-block-gallery-1 is-layout-flex wp-block-gallery-is-layout-flex\">\n<figure class=\"wp-block-image size-full\"><img loading=\"lazy\" decoding=\"async\" width=\"780\" height=\"1040\" data-id=\"5417\" src=\"https:\/\/repoxydeco.com\/wp-content\/uploads\/2024\/06\/REPOXYDECO-Liso-Sanitario-en-Cuarto.jpg\" alt=\"\" class=\"wp-image-5417\" srcset=\"https:\/\/repoxydeco.com\/wp-content\/uploads\/2024\/06\/REPOXYDECO-Liso-Sanitario-en-Cuarto.jpg 780w, https:\/\/repoxydeco.com\/wp-content\/uploads\/2024\/06\/REPOXYDECO-Liso-Sanitario-en-Cuarto-225x300.jpg 225w, https:\/\/repoxydeco.com\/wp-content\/uploads\/2024\/06\/REPOXYDECO-Liso-Sanitario-en-Cuarto-768x1024.jpg 768w, https:\/\/repoxydeco.com\/wp-content\/uploads\/2024\/06\/REPOXYDECO-Liso-Sanitario-en-Cuarto-500x667.jpg 500w\" sizes=\"auto, (max-width: 780px) 100vw, 780px\" \/><\/figure>\n\n\n\n<figure class=\"wp-block-image size-full\"><img loading=\"lazy\" decoding=\"async\" width=\"1280\" height=\"720\" data-id=\"4992\" src=\"https:\/\/repoxydeco.com\/wp-content\/uploads\/2024\/06\/REPOXYDECO-LISO-SANITARIO-1.jpg\" alt=\"\" class=\"wp-image-4992\" srcset=\"https:\/\/repoxydeco.com\/wp-content\/uploads\/2024\/06\/REPOXYDECO-LISO-SANITARIO-1.jpg 1280w, https:\/\/repoxydeco.com\/wp-content\/uploads\/2024\/06\/REPOXYDECO-LISO-SANITARIO-1-300x169.jpg 300w, https:\/\/repoxydeco.com\/wp-content\/uploads\/2024\/06\/REPOXYDECO-LISO-SANITARIO-1-1024x576.jpg 1024w, https:\/\/repoxydeco.com\/wp-content\/uploads\/2024\/06\/REPOXYDECO-LISO-SANITARIO-1-768x432.jpg 768w, https:\/\/repoxydeco.com\/wp-content\/uploads\/2024\/06\/REPOXYDECO-LISO-SANITARIO-1-500x281.jpg 500w, https:\/\/repoxydeco.com\/wp-content\/uploads\/2024\/06\/REPOXYDECO-LISO-SANITARIO-1-800x450.jpg 800w\" sizes=\"auto, (max-width: 1280px) 100vw, 1280px\" \/><\/figure>\n\n\n\n<figure class=\"wp-block-image size-full\"><img loading=\"lazy\" decoding=\"async\" width=\"959\" height=\"1280\" data-id=\"5467\" src=\"https:\/\/repoxydeco.com\/wp-content\/uploads\/2024\/06\/REPOXYDECO-Liso-Sanitario-en-Sala.jpg\" alt=\"\" class=\"wp-image-5467\" srcset=\"https:\/\/repoxydeco.com\/wp-content\/uploads\/2024\/06\/REPOXYDECO-Liso-Sanitario-en-Sala.jpg 959w, https:\/\/repoxydeco.com\/wp-content\/uploads\/2024\/06\/REPOXYDECO-Liso-Sanitario-en-Sala-225x300.jpg 225w, https:\/\/repoxydeco.com\/wp-content\/uploads\/2024\/06\/REPOXYDECO-Liso-Sanitario-en-Sala-767x1024.jpg 767w, https:\/\/repoxydeco.com\/wp-content\/uploads\/2024\/06\/REPOXYDECO-Liso-Sanitario-en-Sala-768x1025.jpg 768w, https:\/\/repoxydeco.com\/wp-content\/uploads\/2024\/06\/REPOXYDECO-Liso-Sanitario-en-Sala-500x667.jpg 500w, https:\/\/repoxydeco.com\/wp-content\/uploads\/2024\/06\/REPOXYDECO-Liso-Sanitario-en-Sala-800x1068.jpg 800w\" sizes=\"auto, (max-width: 959px) 100vw, 959px\" \/><\/figure>\n<\/figure>\n","protected":false},"excerpt":{"rendered":"<p>Sistema de Liso Sanitario REPOXYDECO Nuestro recubrimiento es de alta resistencia, esta dise\u00f1ado espec\u00edficamente para entornos donde se requieren altos est\u00e1ndares de higiene y durabilidad. Este sistema ep\u00f3xico proporciona una superficie lisa, sin juntas, f\u00e1cil de limpiar y con propiedades antimicrobianas. Propiedades y Beneficios del Liso Sanitario \u00bfD\u00f3nde se puede aplicar el liso sanitario?<\/p>\n","protected":false},"author":1,"featured_media":0,"parent":0,"menu_order":0,"comment_status":"closed","ping_status":"closed","template":"","meta":{"_gspb_post_css":".gspb_container-id-gsbp-9f1cdac{flex-direction:column;box-sizing:border-box}#gspb_container-id-gsbp-9f1cdac.gspb_container>p:last-of-type{margin-bottom:0}.gspb_container{position:relative}#gspb_container-id-gsbp-9f1cdac.gspb_container{background-image:linear-gradient(to top,#d5d4d0 0,#d5d4d0 1%,#eeeeec 31%,#efeeec 75%,#e9e9e7 100%);transition-duration:.8s;transition-timing-function:ease;opacity:0;transition-property:opacity,transform;transform:translate3d(-60px,0,0) scale(1.2)}#gspb_container-id-gsbp-9f1cdac.gspb_container.aos-animate,#gspb_container-id-gsbp-9f1cdac.gspb_container[data-gs-aos]{opacity:1;transform:translateZ(0) scale(1)}","_vp_format_video_url":"","_vp_image_focal_point":[],"footnotes":""},"class_list":["post-3908","page","type-page","status-publish","hentry"],"blocksy_meta":{"has_hero_section":"enabled","hero_elements":[{"id":"custom_title","enabled":false,"heading_tag":"h1","title":"Inicio","__id":"3Bb0pvdosAhdgV1sm7bIV"},{"id":"custom_description","enabled":true,"description_visibility":{"desktop":true,"tablet":true,"mobile":false},"__id":"R5qwK1mjep5RMrdTNDRVE"},{"id":"custom_meta","enabled":false,"meta_elements":[{"id":"author","enabled":true,"label":"Por","has_author_avatar":"yes","avatar_size":25},{"id":"post_date","enabled":true,"label":"El","date_format_source":"default","date_format":"M j, Y"},{"id":"updated_date","enabled":false,"label":"El","date_format_source":"default","date_format":"M j, Y"},{"id":"categories","enabled":false,"label":"Dentro","style":"simple"},{"id":"comments","enabled":true}],"page_meta_elements":{"joined":true,"articles_count":true,"comments":true},"__id":"ZBNiGjYRgbDFVCmp-imHf"},{"id":"breadcrumbs","enabled":false,"__id":"bulIymAFeu54AbUgLyRYf"}],"vertical_spacing_source":"custom","content_area_spacing":"bottom","styles_descriptor":{"styles":{"desktop":"[data-prefix=\"single_page\"] .entry-header .page-title {--theme-font-size:30px;} [data-prefix=\"single_page\"] .entry-header .entry-meta {--theme-font-weight:600;--theme-text-transform:uppercase;--theme-font-size:12px;--theme-line-height:1.3;}","tablet":"","mobile":""},"google_fonts":[],"version":6}},"yoast_head":"<!-- This site is optimized with the Yoast SEO plugin v27.6 - https:\/\/yoast.com\/product\/yoast-seo-wordpress\/ -->\n<title>LISO SANITARIO EP\u00d3XICO | REPOXYDECO<\/title>\n<meta name=\"description\" content=\"\u00bfQu\u00e9 es el liso sanitario ep\u00f3xico? Propiedades y Beneficios del Liso Sanitario \u00bfD\u00f3nde se puede aplicar el liso sanitario?\" \/>\n<meta name=\"robots\" content=\"index, follow, max-snippet:-1, max-image-preview:large, max-video-preview:-1\" \/>\n<link rel=\"canonical\" href=\"https:\/\/repoxydeco.com\/index.php\/liso-sanitario-epoxico\/\" \/>\n<meta property=\"og:locale\" content=\"es_MX\" \/>\n<meta property=\"og:type\" content=\"article\" \/>\n<meta property=\"og:title\" content=\"LISO SANITARIO EP\u00d3XICO | REPOXYDECO\" \/>\n<meta property=\"og:description\" content=\"\u00bfQu\u00e9 es el liso sanitario ep\u00f3xico? Propiedades y Beneficios del Liso Sanitario \u00bfD\u00f3nde se puede aplicar el liso sanitario?\" \/>\n<meta property=\"og:url\" content=\"https:\/\/repoxydeco.com\/index.php\/liso-sanitario-epoxico\/\" \/>\n<meta property=\"og:site_name\" content=\"REPOXYDECO\" \/>\n<meta property=\"article:modified_time\" content=\"2024-06-12T23:44:04+00:00\" \/>\n<meta property=\"og:image\" content=\"https:\/\/repoxydeco.com\/wp-content\/uploads\/2024\/06\/REPOXYDECO-LISO-SANITARIO-1.jpg\" \/>\n<meta name=\"twitter:card\" content=\"summary_large_image\" \/>\n<meta name=\"twitter:label1\" content=\"Tiempo de lectura\" \/>\n\t<meta name=\"twitter:data1\" content=\"2 minutos\" \/>\n<script type=\"application\/ld+json\" class=\"yoast-schema-graph\">{\"@context\":\"https:\\\/\\\/schema.org\",\"@graph\":[{\"@type\":\"WebPage\",\"@id\":\"https:\\\/\\\/repoxydeco.com\\\/index.php\\\/liso-sanitario-epoxico\\\/\",\"url\":\"https:\\\/\\\/repoxydeco.com\\\/index.php\\\/liso-sanitario-epoxico\\\/\",\"name\":\"LISO SANITARIO EP\u00d3XICO | REPOXYDECO\",\"isPartOf\":{\"@id\":\"https:\\\/\\\/repoxydeco.com\\\/#website\"},\"primaryImageOfPage\":{\"@id\":\"https:\\\/\\\/repoxydeco.com\\\/index.php\\\/liso-sanitario-epoxico\\\/#primaryimage\"},\"image\":{\"@id\":\"https:\\\/\\\/repoxydeco.com\\\/index.php\\\/liso-sanitario-epoxico\\\/#primaryimage\"},\"thumbnailUrl\":\"https:\\\/\\\/repoxydeco.com\\\/wp-content\\\/uploads\\\/2024\\\/06\\\/REPOXYDECO-LISO-SANITARIO-1.jpg\",\"datePublished\":\"2024-05-20T06:21:01+00:00\",\"dateModified\":\"2024-06-12T23:44:04+00:00\",\"description\":\"\u00bfQu\u00e9 es el liso sanitario ep\u00f3xico? Propiedades y Beneficios del Liso Sanitario \u00bfD\u00f3nde se puede aplicar el liso sanitario?\",\"breadcrumb\":{\"@id\":\"https:\\\/\\\/repoxydeco.com\\\/index.php\\\/liso-sanitario-epoxico\\\/#breadcrumb\"},\"inLanguage\":\"es\",\"potentialAction\":[{\"@type\":\"ReadAction\",\"target\":[\"https:\\\/\\\/repoxydeco.com\\\/index.php\\\/liso-sanitario-epoxico\\\/\"]}]},{\"@type\":\"ImageObject\",\"inLanguage\":\"es\",\"@id\":\"https:\\\/\\\/repoxydeco.com\\\/index.php\\\/liso-sanitario-epoxico\\\/#primaryimage\",\"url\":\"https:\\\/\\\/repoxydeco.com\\\/wp-content\\\/uploads\\\/2024\\\/06\\\/REPOXYDECO-LISO-SANITARIO-1.jpg\",\"contentUrl\":\"https:\\\/\\\/repoxydeco.com\\\/wp-content\\\/uploads\\\/2024\\\/06\\\/REPOXYDECO-LISO-SANITARIO-1.jpg\",\"width\":1280,\"height\":720},{\"@type\":\"BreadcrumbList\",\"@id\":\"https:\\\/\\\/repoxydeco.com\\\/index.php\\\/liso-sanitario-epoxico\\\/#breadcrumb\",\"itemListElement\":[{\"@type\":\"ListItem\",\"position\":1,\"name\":\"Inicio\",\"item\":\"https:\\\/\\\/repoxydeco.com\\\/\"},{\"@type\":\"ListItem\",\"position\":2,\"name\":\"LISO SANITARIO EP\u00d3XICO\"}]},{\"@type\":\"WebSite\",\"@id\":\"https:\\\/\\\/repoxydeco.com\\\/#website\",\"url\":\"https:\\\/\\\/repoxydeco.com\\\/\",\"name\":\"REPOXYDECO\",\"description\":\"RECUBRIMIENTOS EP\u00d3XICOS Y DECORATIVOS\",\"publisher\":{\"@id\":\"https:\\\/\\\/repoxydeco.com\\\/#organization\"},\"alternateName\":\"REPOXYDECO RECUBRIMIENTOS EP\u00d3XICOS Y DECORATIVOS\",\"potentialAction\":[{\"@type\":\"SearchAction\",\"target\":{\"@type\":\"EntryPoint\",\"urlTemplate\":\"https:\\\/\\\/repoxydeco.com\\\/?s={search_term_string}\"},\"query-input\":{\"@type\":\"PropertyValueSpecification\",\"valueRequired\":true,\"valueName\":\"search_term_string\"}}],\"inLanguage\":\"es\"},{\"@type\":\"Organization\",\"@id\":\"https:\\\/\\\/repoxydeco.com\\\/#organization\",\"name\":\"REPOXYDECO\",\"alternateName\":\"PISOS EP\u00d3XICOS INDUSTRIALES Y RESIDENCIALES M\u00c9XICO\",\"url\":\"https:\\\/\\\/repoxydeco.com\\\/\",\"logo\":{\"@type\":\"ImageObject\",\"inLanguage\":\"es\",\"@id\":\"https:\\\/\\\/repoxydeco.com\\\/#\\\/schema\\\/logo\\\/image\\\/\",\"url\":\"https:\\\/\\\/repoxydeco.com\\\/wp-content\\\/uploads\\\/2024\\\/06\\\/Logo-REPOXYDECO-PNG-Blanco.png\",\"contentUrl\":\"https:\\\/\\\/repoxydeco.com\\\/wp-content\\\/uploads\\\/2024\\\/06\\\/Logo-REPOXYDECO-PNG-Blanco.png\",\"width\":555,\"height\":87,\"caption\":\"REPOXYDECO\"},\"image\":{\"@id\":\"https:\\\/\\\/repoxydeco.com\\\/#\\\/schema\\\/logo\\\/image\\\/\"}}]}<\/script>\n<!-- \/ Yoast SEO plugin. -->","yoast_head_json":{"title":"LISO SANITARIO EP\u00d3XICO | REPOXYDECO","description":"\u00bfQu\u00e9 es el liso sanitario ep\u00f3xico? Propiedades y Beneficios del Liso Sanitario \u00bfD\u00f3nde se puede aplicar el liso sanitario?","robots":{"index":"index","follow":"follow","max-snippet":"max-snippet:-1","max-image-preview":"max-image-preview:large","max-video-preview":"max-video-preview:-1"},"canonical":"https:\/\/repoxydeco.com\/index.php\/liso-sanitario-epoxico\/","og_locale":"es_MX","og_type":"article","og_title":"LISO SANITARIO EP\u00d3XICO | REPOXYDECO","og_description":"\u00bfQu\u00e9 es el liso sanitario ep\u00f3xico? Propiedades y Beneficios del Liso Sanitario \u00bfD\u00f3nde se puede aplicar el liso sanitario?","og_url":"https:\/\/repoxydeco.com\/index.php\/liso-sanitario-epoxico\/","og_site_name":"REPOXYDECO","article_modified_time":"2024-06-12T23:44:04+00:00","og_image":[{"url":"https:\/\/repoxydeco.com\/wp-content\/uploads\/2024\/06\/REPOXYDECO-LISO-SANITARIO-1.jpg","type":"","width":"","height":""}],"twitter_card":"summary_large_image","twitter_misc":{"Tiempo de lectura":"2 minutos"},"schema":{"@context":"https:\/\/schema.org","@graph":[{"@type":"WebPage","@id":"https:\/\/repoxydeco.com\/index.php\/liso-sanitario-epoxico\/","url":"https:\/\/repoxydeco.com\/index.php\/liso-sanitario-epoxico\/","name":"LISO SANITARIO EP\u00d3XICO | REPOXYDECO","isPartOf":{"@id":"https:\/\/repoxydeco.com\/#website"},"primaryImageOfPage":{"@id":"https:\/\/repoxydeco.com\/index.php\/liso-sanitario-epoxico\/#primaryimage"},"image":{"@id":"https:\/\/repoxydeco.com\/index.php\/liso-sanitario-epoxico\/#primaryimage"},"thumbnailUrl":"https:\/\/repoxydeco.com\/wp-content\/uploads\/2024\/06\/REPOXYDECO-LISO-SANITARIO-1.jpg","datePublished":"2024-05-20T06:21:01+00:00","dateModified":"2024-06-12T23:44:04+00:00","description":"\u00bfQu\u00e9 es el liso sanitario ep\u00f3xico? Propiedades y Beneficios del Liso Sanitario \u00bfD\u00f3nde se puede aplicar el liso sanitario?","breadcrumb":{"@id":"https:\/\/repoxydeco.com\/index.php\/liso-sanitario-epoxico\/#breadcrumb"},"inLanguage":"es","potentialAction":[{"@type":"ReadAction","target":["https:\/\/repoxydeco.com\/index.php\/liso-sanitario-epoxico\/"]}]},{"@type":"ImageObject","inLanguage":"es","@id":"https:\/\/repoxydeco.com\/index.php\/liso-sanitario-epoxico\/#primaryimage","url":"https:\/\/repoxydeco.com\/wp-content\/uploads\/2024\/06\/REPOXYDECO-LISO-SANITARIO-1.jpg","contentUrl":"https:\/\/repoxydeco.com\/wp-content\/uploads\/2024\/06\/REPOXYDECO-LISO-SANITARIO-1.jpg","width":1280,"height":720},{"@type":"BreadcrumbList","@id":"https:\/\/repoxydeco.com\/index.php\/liso-sanitario-epoxico\/#breadcrumb","itemListElement":[{"@type":"ListItem","position":1,"name":"Inicio","item":"https:\/\/repoxydeco.com\/"},{"@type":"ListItem","position":2,"name":"LISO SANITARIO EP\u00d3XICO"}]},{"@type":"WebSite","@id":"https:\/\/repoxydeco.com\/#website","url":"https:\/\/repoxydeco.com\/","name":"REPOXYDECO","description":"RECUBRIMIENTOS EP\u00d3XICOS Y DECORATIVOS","publisher":{"@id":"https:\/\/repoxydeco.com\/#organization"},"alternateName":"REPOXYDECO RECUBRIMIENTOS EP\u00d3XICOS Y DECORATIVOS","potentialAction":[{"@type":"SearchAction","target":{"@type":"EntryPoint","urlTemplate":"https:\/\/repoxydeco.com\/?s={search_term_string}"},"query-input":{"@type":"PropertyValueSpecification","valueRequired":true,"valueName":"search_term_string"}}],"inLanguage":"es"},{"@type":"Organization","@id":"https:\/\/repoxydeco.com\/#organization","name":"REPOXYDECO","alternateName":"PISOS EP\u00d3XICOS INDUSTRIALES Y RESIDENCIALES M\u00c9XICO","url":"https:\/\/repoxydeco.com\/","logo":{"@type":"ImageObject","inLanguage":"es","@id":"https:\/\/repoxydeco.com\/#\/schema\/logo\/image\/","url":"https:\/\/repoxydeco.com\/wp-content\/uploads\/2024\/06\/Logo-REPOXYDECO-PNG-Blanco.png","contentUrl":"https:\/\/repoxydeco.com\/wp-content\/uploads\/2024\/06\/Logo-REPOXYDECO-PNG-Blanco.png","width":555,"height":87,"caption":"REPOXYDECO"},"image":{"@id":"https:\/\/repoxydeco.com\/#\/schema\/logo\/image\/"}}]}},"_links":{"self":[{"href":"https:\/\/repoxydeco.com\/index.php\/wp-json\/wp\/v2\/pages\/3908","targetHints":{"allow":["GET"]}}],"collection":[{"href":"https:\/\/repoxydeco.com\/index.php\/wp-json\/wp\/v2\/pages"}],"about":[{"href":"https:\/\/repoxydeco.com\/index.php\/wp-json\/wp\/v2\/types\/page"}],"author":[{"embeddable":true,"href":"https:\/\/repoxydeco.com\/index.php\/wp-json\/wp\/v2\/users\/1"}],"replies":[{"embeddable":true,"href":"https:\/\/repoxydeco.com\/index.php\/wp-json\/wp\/v2\/comments?post=3908"}],"version-history":[{"count":26,"href":"https:\/\/repoxydeco.com\/index.php\/wp-json\/wp\/v2\/pages\/3908\/revisions"}],"predecessor-version":[{"id":5502,"href":"https:\/\/repoxydeco.com\/index.php\/wp-json\/wp\/v2\/pages\/3908\/revisions\/5502"}],"wp:attachment":[{"href":"https:\/\/repoxydeco.com\/index.php\/wp-json\/wp\/v2\/media?parent=3908"}],"curies":[{"name":"wp","href":"https:\/\/api.w.org\/{rel}","templated":true}]}}